{"id":18592,"date":"2021-05-04T23:03:20","date_gmt":"2021-05-04T21:03:20","guid":{"rendered":"https:\/\/mgvpublications.com\/produkt\/gecmisten-gunumuze-peygamber-s-a-s-sevgisi\/"},"modified":"2022-03-08T22:52:04","modified_gmt":"2022-03-08T21:52:04","slug":"gecmisten-gunumuze-peygamber-s-a-s-sevgisi","status":"publish","type":"product","link":"https:\/\/mgvpublications.com\/de\/gecmisten-gunumuze-peygamber-s-a-s-sevgisi\/","title":{"rendered":"Ge\u00e7mi\u015ften G\u00fcn\u00fcm\u00fcze Peygamber (s.a.s) Sevgisi"},"content":{"rendered":"<p>Yay\u0131n Tarihi: 22.01.2021<br \/>ISBN: 9786054620241<br \/>Dil: T\u00dcRK\u00c7E<br \/>Sayfa Say\u0131s\u0131: 168<br \/>Cilt Tipi: Karton Kapak<br \/>Ka\u011f\u0131t Cinsi: Kitap Ka\u011f\u0131d\u0131<br \/>Boyut: 13.5 x 21 cm<\/p>","protected":false},"excerpt":{"rendered":"<p>Ki\u015finin M\u00fcsl\u00fcmanl\u0131\u011f\u0131, Hz. Muhammed\u2019in (sas) getirdi\u011fi mesaj\u0131n kabul edilmesiyle ba\u015flar. Hz. Peygamber\u2019e (sas) itaat etmek, ona sayg\u0131 duymak ve onu sevmek her M\u00fcsl\u00fcman\u0131n g\u00f6revidir. Allah El\u00e7isi\u2019ne duyulan muhabbet \u0130sl\u00e2m tarihinde farkl\u0131 tezah\u00fcrleriyle ortaya \u00e7\u0131km\u0131\u015ft\u0131r. Bu sevgi edebiyatta ve sanatta \u00f6nemli ilham kaynaklar\u0131ndan oldu\u011fu gibi M\u00fcsl\u00fcmanlar\u0131n hayatlar\u0131na da h\u00e2kim olmu\u015ftur. \u0130sl\u00e2m toplumlar\u0131nda peygamber sevgisi, Hz. Peygamber\u2019in (sas) isimlerinin \u00e7ocuklara verilmesinden, onunla ilgili d\u00fczenlenen anma t\u00f6renlerine kadar farkl\u0131 \u015fekillerde ortaya \u00e7\u0131kmaktad\u0131r. Ancak Allah\u2019\u0131 ve El\u00e7isi\u2019ni sevmenin en a\u00e7\u0131k g\u00f6stergesi, El\u00e7i\u2019nin bize tebli\u011f etti\u011fi mesaj\u0131n hayat\u0131m\u0131za \u0131\u015f\u0131k tutmas\u0131, yolumuzu ayd\u0131nlatmas\u0131 ve ona teslim olmam\u0131zd\u0131r.<\/p>","protected":false},"featured_media":19633,"template":"","meta":{"spay_email":""},"product_cat":[174],"product_tag":[],"item":[426],"acf":[],"_links":{"self":[{"href":"https:\/\/mgvpublications.com\/de\/wp-json\/wp\/v2\/product\/18592"}],"collection":[{"href":"https:\/\/mgvpublications.com\/de\/wp-json\/wp\/v2\/product"}],"about":[{"href":"https:\/\/mgvpublications.com\/de\/wp-json\/wp\/v2\/types\/product"}],"wp:featuredmedia":[{"embeddable":true,"href":"https:\/\/mgvpublications.com\/de\/wp-json\/wp\/v2\/media\/19633"}],"wp:attachment":[{"href":"https:\/\/mgvpublications.com\/de\/wp-json\/wp\/v2\/media?parent=18592"}],"wp:term":[{"taxonomy":"product_cat","embeddable":true,"href":"https:\/\/mgvpublications.com\/de\/wp-json\/wp\/v2\/product_cat?post=18592"},{"taxonomy":"product_tag","embeddable":true,"href":"https:\/\/mgvpublications.com\/de\/wp-json\/wp\/v2\/product_tag?post=18592"},{"taxonomy":"item","embeddable":true,"href":"https:\/\/mgvpublications.com\/de\/wp-json\/wp\/v2\/item?post=18592"}],"curies":[{"name":"wp","href":"https:\/\/api.w.org\/{rel}","templated":true}]}}