{"id":18584,"date":"2021-05-04T23:03:18","date_gmt":"2021-05-04T21:03:18","guid":{"rendered":"https:\/\/mgvpublications.com\/produkt\/insan-olusa-dair-yaratilis-evrim-ve-insan\/"},"modified":"2022-03-08T22:52:04","modified_gmt":"2022-03-08T21:52:04","slug":"insan-olusa-dair-yaratilis-evrim-ve-insan","status":"publish","type":"product","link":"https:\/\/mgvpublications.com\/de\/insan-olusa-dair-yaratilis-evrim-ve-insan\/","title":{"rendered":"\u0130nsan Olu\u015fa Dair Yarat\u0131l\u0131\u015f, Evrim ve \u0130nsan"},"content":{"rendered":"<p>Yay\u0131n Tarihi: 28.02.2018<br \/>ISBN: 9786052339077<br \/>Dil: T\u00dcRK\u00c7E<br \/>Sayfa Say\u0131s\u0131: 208<br \/>Cilt Tipi: Karton Kapak<br \/>Ka\u011f\u0131t Cinsi: Kitap Ka\u011f\u0131d\u0131<br \/>Boyut: 13.5 x 19.5 cm<\/p>","protected":false},"excerpt":{"rendered":"<p>O ilk mezar, ilk ha\u015fyet, ilk tap\u0131nma, ilk kurban, Altamira\u2019daki resim, Brassempouy\u2019daki Ven\u00fcs, \u00c2dem\u2019in s\u0131n\u0131ra\u015f\u0131m\u0131, \u0130brahim\u2019in sorgulamalar\u0131, Musa\u2019n\u0131n \u201cbana kendini g\u00f6ster\u201d deyi\u015findeki safiyeti, Platon\u2019un d\u00fc\u015fleri, \u0130sa\u2019n\u0131n manev\u00ee derinli\u011fi, Muhammed\u2019in cehdi, Mevlana\u2019n\u0131n a\u015fk\u0131, Yunus\u2019un vecdi, Beethoven\u2019in y\u00fcre\u011finden ge\u00e7enler, Van Gogh\u2019un renkleri, Tolstoy\u2019un tahayy\u00fclleri, Einstein\u2019\u0131n d\u00fc\u015f\u00fcnsel d\u00fcnyas\u0131n\u0131n derinli\u011fi, Kurt G\u00f6del\u2019in denklemleri\u2026 Hepsi ad\u0131mlay\u0131\u015flard\u0131r o ufku; aray\u0131\u015flar\u2026 Ve sadece bunlar bile, \u201ciyi ki var bu insanlar, iyi ki ya\u015fam\u0131\u015flar\u201d dedirtmekte de\u011fil mi? Onlar olmaks\u0131z\u0131n bu k\u00e2inat bir \u00e7\u00f6lden ba\u015fka bir \u015fey de\u011fildi. Ne mutlu bize ki, onlar\u0131n ya\u015fam\u0131\u015f oldu\u011fu bir d\u00fcnyada ya\u015famaktay\u0131z; onlara tan\u0131klar olarak!.. K\u00e2inat ile Tanr\u0131 aras\u0131nda beliren insan\u00ee bilin\u00e7, hem ay\u0131ran hem de birle\u015ftiren bir berzah olarak zuhur eder; yoksa her \u015fey \u00f6ylesine samed ve \u00f6ylesine kendindedir ki\u2026 Tanr\u0131sal yarat\u0131c\u0131l\u0131\u011f\u0131n devinimi sessizce i\u015fler ve bilinmez hi\u00e7 kimse taraf\u0131ndan. Ama insan bu \u00e7\u00f6ls\u00fc \u0131ss\u0131zl\u0131kta bir vaha gibi belirir. Kimdir vaha; bu sessizli\u011fi bozan, bu yak\u0131c\u0131 g\u00fcn alt\u0131nda bir tan\u0131k gibi duran. Suyun ve \u0131\u015f\u0131\u011f\u0131n \u00e7ekildi\u011fi o koyu ve samed\u00ee gecede beliren kimdir? Vaha sanki de vahiydir. Tanr\u0131\u2019dan al\u0131nm\u0131\u015f olan s\u00f6z, kimileyin d\u00fc\u015f k\u0131r\u0131kl\u0131klar\u0131na neden olsa da, umutland\u0131r\u0131r Tanr\u0131\u2019y\u0131 da. Bor\u00e7, alaca\u011fa d\u00f6n\u00fc\u015fmekte; cehennem cennet olmaktad\u0131r. Gizem ya da b\u00fcy\u00fc, insan\u0131n akl\u0131n\u0131n \u00f6rtt\u00fc\u011f\u00fc de\u011fil, ayd\u0131nlatt\u0131\u011f\u0131 bir s\u0131n\u0131rdurumdur. T\u0131pk\u0131 G\u00fcne\u015f gibi. Ama ak\u0131l olmasa G\u00fcne\u015f bile ayd\u0131nlatamaz karanl\u0131\u011f\u0131. T\u0131pk\u0131 karanl\u0131kta \u00e7akan \u015fim\u015fe\u011fin \u00f6n\u00fcn\u00fc ayd\u0131nlatt\u0131\u011f\u0131 insan meselinde oldu\u011fu gibi. Ama kimdir \u00f6n\u00fc ayd\u0131nlanan ve nedir \u00e7akan \u015fim\u015fek. Ak\u0131l kimi ayd\u0131nlat\u0131r, insan\u0131 m\u0131, Tanr\u0131\u2019y\u0131 m\u0131, yoksa k\u00e2inat\u0131 m\u0131? Karanl\u0131kta kalan kimdir ve \u00e7\u00f6l nerede b\u00fcy\u00fcmektedir?<\/p>","protected":false},"featured_media":18583,"template":"","meta":{"spay_email":""},"product_cat":[216],"product_tag":[],"item":[1321],"acf":[],"_links":{"self":[{"href":"https:\/\/mgvpublications.com\/de\/wp-json\/wp\/v2\/product\/18584"}],"collection":[{"href":"https:\/\/mgvpublications.com\/de\/wp-json\/wp\/v2\/product"}],"about":[{"href":"https:\/\/mgvpublications.com\/de\/wp-json\/wp\/v2\/types\/product"}],"wp:featuredmedia":[{"embeddable":true,"href":"https:\/\/mgvpublications.com\/de\/wp-json\/wp\/v2\/media\/18583"}],"wp:attachment":[{"href":"https:\/\/mgvpublications.com\/de\/wp-json\/wp\/v2\/media?parent=18584"}],"wp:term":[{"taxonomy":"product_cat","embeddable":true,"href":"https:\/\/mgvpublications.com\/de\/wp-json\/wp\/v2\/product_cat?post=18584"},{"taxonomy":"product_tag","embeddable":true,"href":"https:\/\/mgvpublications.com\/de\/wp-json\/wp\/v2\/product_tag?post=18584"},{"taxonomy":"item","embeddable":true,"href":"https:\/\/mgvpublications.com\/de\/wp-json\/wp\/v2\/item?post=18584"}],"curies":[{"name":"wp","href":"https:\/\/api.w.org\/{rel}","templated":true}]}}