{"id":18576,"date":"2021-05-04T23:03:14","date_gmt":"2021-05-04T21:03:14","guid":{"rendered":"https:\/\/mgvpublications.com\/produkt\/safak-yazilari\/"},"modified":"2022-03-08T22:52:02","modified_gmt":"2022-03-08T21:52:02","slug":"safak-yazilari","status":"publish","type":"product","link":"https:\/\/mgvpublications.com\/de\/safak-yazilari\/","title":{"rendered":"\u015eafak Yaz\u0131lar\u0131"},"content":{"rendered":"<p>Yay\u0131n Tarihi: 04.01.2018<br \/>ISBN: 9786059778602<br \/>Dil: T\u00dcRK\u00c7E<br \/>Sayfa Say\u0131s\u0131: 320<br \/>Cilt Tipi: Karton Kapak<br \/>Ka\u011f\u0131t Cinsi: Kitap Ka\u011f\u0131d\u0131<br \/>Boyut: 13.5 x 21 cm<\/p>","protected":false},"excerpt":{"rendered":"<p>\u00dcmitsizlik diyar\u0131na gitme, \u00fcmit burada Karanl\u0131klar diyar\u0131na gitme, g\u00fcne\u015f burada G\u00f6n\u00fcl seni, g\u00f6n\u00fcl ehlinin diyar\u0131na Ten seni, su ve \u00e7amur hapsine \u00e7eker O zaman g\u00f6n\u00fclda\u015fdan g\u00f6n\u00fcl g\u0131das\u0131 al da G\u00f6nl\u00fcn g\u0131dalans\u0131n Mevl\u00e2n\u00e2 \u015eafak Yaz\u0131lar\u0131, din, felsefe ve metafizik konular \u00fczerinde yo\u011funlanm\u0131\u015f bir akademisyen olarak tan\u0131d\u0131\u011f\u0131m\u0131z Prof. Dr. Mahmud Erol K\u0131l\u0131\u00e7\u2019\u0131n 15 Temmuz hadisesinden gen\u00e7ler aras\u0131ndaki ahl\u00e2k\u00ee \u00e7\u00f6z\u00fcnt\u00fcye kadar geni\u015f bir yelpazede yazd\u0131\u011f\u0131 yaz\u0131lardan olu\u015fuyor. Y\u00fcr\u00fctt\u00fc\u011f\u00fc diplomatik g\u00f6rev dolay\u0131s\u0131yla \u0130sl\u00e2m d\u00fcnyas\u0131n\u0131n en \u00fccra k\u00f6\u015felerine kadar uzanan yery\u00fcz\u00fc seyahatlerinde d\u00fcnyada olup bitenleri yerinde g\u00f6zlemleme imk\u00e2n\u0131 bulan K\u0131l\u0131\u00e7, g\u00fcndemde olan toplumsal, siyasal ve din\u00ee konular\u0131 s\u00fbf\u00ee perspektifinden de\u011ferlendirirken can al\u0131c\u0131 toplumsal yaralara salt g\u00fcncel politika, istihbarat ve gazetecilik analizleri \u00fczerinden cevap bulmak yerine, Olu\u015f \u00e2leminde her olan bitenin k\u00f6kleri sebepler \u00e2lemindedir, g\u00f6r\u00fc\u015f\u00fcn\u00fcn izlerini s\u00fcrerek sadra \u015fifa \u00e7\u00f6z\u00fcmler ar\u0131yor. \u0130sl\u00e2m tasavvuf gelene\u011finin ka\u00e7 as\u0131rl\u0131k tecr\u00fcbesine s\u0131rt\u0131n\u0131 d\u00f6nd\u00fc\u011f\u00fc i\u00e7in tefekk\u00fcr g\u00fcc\u00fcn\u00fc yitiren \u00fcmmetin evlatlar\u0131na, g\u00fcnl\u00fck olan\u0131 yorumlarken de kal\u0131c\u0131 esaslardan vazge\u00e7memeyi, meselelere \u00e7\u00f6z\u00fcm\u00fc ta\u015frada de\u011fil i\u00e7eride aramay\u0131, i\u00e7eriye d\u00f6nmeyi hat\u0131rlat\u0131yor.<\/p>","protected":false},"featured_media":18575,"template":"","meta":{"spay_email":""},"product_cat":[174],"product_tag":[],"item":[767],"acf":[],"_links":{"self":[{"href":"https:\/\/mgvpublications.com\/de\/wp-json\/wp\/v2\/product\/18576"}],"collection":[{"href":"https:\/\/mgvpublications.com\/de\/wp-json\/wp\/v2\/product"}],"about":[{"href":"https:\/\/mgvpublications.com\/de\/wp-json\/wp\/v2\/types\/product"}],"wp:featuredmedia":[{"embeddable":true,"href":"https:\/\/mgvpublications.com\/de\/wp-json\/wp\/v2\/media\/18575"}],"wp:attachment":[{"href":"https:\/\/mgvpublications.com\/de\/wp-json\/wp\/v2\/media?parent=18576"}],"wp:term":[{"taxonomy":"product_cat","embeddable":true,"href":"https:\/\/mgvpublications.com\/de\/wp-json\/wp\/v2\/product_cat?post=18576"},{"taxonomy":"product_tag","embeddable":true,"href":"https:\/\/mgvpublications.com\/de\/wp-json\/wp\/v2\/product_tag?post=18576"},{"taxonomy":"item","embeddable":true,"href":"https:\/\/mgvpublications.com\/de\/wp-json\/wp\/v2\/item?post=18576"}],"curies":[{"name":"wp","href":"https:\/\/api.w.org\/{rel}","templated":true}]}}