{"id":18574,"date":"2021-05-04T23:03:13","date_gmt":"2021-05-04T21:03:13","guid":{"rendered":"https:\/\/mgvpublications.com\/produkt\/islam-sekulerizm-ve-gelecegin-felsefesi\/"},"modified":"2022-04-23T18:05:40","modified_gmt":"2022-04-23T16:05:40","slug":"islam-sekulerizm-ve-gelecegin-felsefesi","status":"publish","type":"product","link":"https:\/\/mgvpublications.com\/de\/islam-sekulerizm-ve-gelecegin-felsefesi\/","title":{"rendered":"\u0130slam, Sek\u00fclerizm Ve Gelece\u011fin Felsefesi"},"content":{"rendered":"<p>\u00c7evirmen: Mahmud Erol K\u0131l\u0131\u00e7<br \/>Yay\u0131n Tarihi: 23.10.2019<br \/>ISBN: 9789755748115<br \/>Dil: T\u00dcRK\u00c7E<br \/>Sayfa Say\u0131s\u0131: 264<br \/>Cilt Tipi: Karton Kapak<br \/>Ka\u011f\u0131t Cinsi: 3. Hm. Ka\u011f\u0131t<br \/>Boyut: 16 x 23.4 cm<\/p>","protected":false},"excerpt":{"rendered":"<p>Bu kitapta, \u0130sl\u00e2m\u2019da tasavvur olundu\u011fu \u015fekliyle hayat\u0131n en temel esaslar\u0131yla ilgili tan\u0131mlamalar ve a\u00e7\u0131klamalar a\u00e7\u0131k bir \u015fekilde izah edilmektedir. Bu izahlar Din ile, \u0130nsan ile, Bilgi, Hikmet, Adalet, Do\u011fru Amel (edep), Ak\u0131l ve Akletme ile (nutk); dilin, d\u00fc\u015f\u00fcncenin, anlam\u0131n (mana), bilginin ve e\u011fitimin \u0130sl\u00e2m\u00eele\u015ftirilmesiyle; Kur\u2019an\u00ee yorumlamalar (tefsir ve te\u2019vil) paralelinde tabiat\u0131n incelenmesi ve bilimsel olarak ara\u015ft\u0131r\u0131lmas\u0131n\u0131n y\u00f6ntemiyle; Arap\u00e7a dahil t\u00fcm M\u00fcsl\u00fcman haklar\u0131n dillerinin \u0130sl\u00e2m\u00eele\u015ftirilmesinde Kur\u2019an\u2019\u0131n rol\u00fcyle; \u0130sl\u00e2m\u00ee anlamda e\u011fitimin ve e\u011fitme s\u00fcrecinin asl\u0131nda terbiye kavram\u0131yla de\u011fil de daha \u00e7ok te\u2019dib kavram\u0131yla kar\u015f\u0131lanabilece\u011fiyle alakal\u0131d\u0131r. Kitapta \u0130sl\u00e2m\u00ee e\u011fitim felsefesi ve bu felsefenin oturtulaca\u011f\u0131 zemin konusunda bir \u00e7er\u00e7eve \u00e7izilmekte; bilgi edinmenin ve \u0130sl\u00e2m\u00ee e\u011fitimin gayesinin temel esprisinin \u201ciyi bir vatanda\u015f\u201d de\u011fil, \u201ciyi bir insan\u201d yeti\u015ftirmek oldu\u011fu belirtilmektedir. Sek\u00fcler (d\u00fcnyev\u00ee) kavram\u0131yla sek\u00fclerizasyonun (d\u00fcnyev\u00eele\u015ftirme) anlam\u0131 ve bunun kapsam\u0131 kitapta anlat\u0131ld\u0131\u011f\u0131 bi\u00e7imiyle belki ilk defa ele al\u0131nmaktad\u0131r. Bu kitap kendi \u00e7ap\u0131nda, muhteva olarak yo\u011fun, fakat d\u00fc\u015f\u00fcncelerin ifade edili\u015f bi\u00e7iminde muhtasar bir \u00e7al\u0131\u015fmad\u0131r.<\/p>","protected":false},"featured_media":20764,"template":"","meta":{"spay_email":""},"product_cat":[174],"product_tag":[],"item":[503],"acf":[],"_links":{"self":[{"href":"https:\/\/mgvpublications.com\/de\/wp-json\/wp\/v2\/product\/18574"}],"collection":[{"href":"https:\/\/mgvpublications.com\/de\/wp-json\/wp\/v2\/product"}],"about":[{"href":"https:\/\/mgvpublications.com\/de\/wp-json\/wp\/v2\/types\/product"}],"wp:featuredmedia":[{"embeddable":true,"href":"https:\/\/mgvpublications.com\/de\/wp-json\/wp\/v2\/media\/20764"}],"wp:attachment":[{"href":"https:\/\/mgvpublications.com\/de\/wp-json\/wp\/v2\/media?parent=18574"}],"wp:term":[{"taxonomy":"product_cat","embeddable":true,"href":"https:\/\/mgvpublications.com\/de\/wp-json\/wp\/v2\/product_cat?post=18574"},{"taxonomy":"product_tag","embeddable":true,"href":"https:\/\/mgvpublications.com\/de\/wp-json\/wp\/v2\/product_tag?post=18574"},{"taxonomy":"item","embeddable":true,"href":"https:\/\/mgvpublications.com\/de\/wp-json\/wp\/v2\/item?post=18574"}],"curies":[{"name":"wp","href":"https:\/\/api.w.org\/{rel}","templated":true}]}}