{"id":18570,"date":"2021-05-04T23:03:12","date_gmt":"2021-05-04T21:03:12","guid":{"rendered":"https:\/\/mgvpublications.com\/produkt\/anadolunun-ruhu-tasavvuf-felsefe-siyaset-konusmalari\/"},"modified":"2022-03-08T22:52:01","modified_gmt":"2022-03-08T21:52:01","slug":"anadolunun-ruhu-tasavvuf-felsefe-siyaset-konusmalari","status":"publish","type":"product","link":"https:\/\/mgvpublications.com\/de\/anadolunun-ruhu-tasavvuf-felsefe-siyaset-konusmalari\/","title":{"rendered":"Anadolu&#8217;nun Ruhu Tasavvuf Felsefe Siyaset Konu\u015fmalar\u0131"},"content":{"rendered":"<p>Yay\u0131n Tarihi: 19.01.2018<br \/>ISBN: 9789759161545<br \/>Dil: T\u00dcRK\u00c7E<br \/>Sayfa Say\u0131s\u0131: 232<br \/>Cilt Tipi: Karton Kapak<br \/>Ka\u011f\u0131t Cinsi: Kitap Ka\u011f\u0131d\u0131<br \/>Boyut: 13.5 x 21 cm<\/p>","protected":false},"excerpt":{"rendered":"<p>Anadolu\u2019nun Ruhu, Prof. Dr. Mahmud Erol K\u0131l\u0131\u00e7\u2019la tasavvuf, felsefe ve siyaset \u00fczerine yap\u0131lm\u0131\u015f s\u00f6yle\u015filerden olu\u015fuyor. K\u0131l\u0131\u00e7, s\u00f6yle\u015fi-kitap t\u00fcr\u00fcndeki eserde genel manada ezoterizmin, hususi manada irfani gelene\u011fin felsefi referans aray\u0131\u015f\u0131ndaki modern T\u00fcrkiye\u2019ye sundu\u011fu imk\u00e2nlar\u0131 ortaya koyuyor. D\u00fcnyada tasavvuf d\u00fc\u015f\u00fcncesi alan\u0131nda s\u00f6z sahibi olan K\u0131l\u0131\u00e7, gelenekteki d\u00f6rt katmanl\u0131 din anlay\u0131\u015f\u0131n\u0131n din\u00ee tefekk\u00fcr d\u00fcnyas\u0131ndaki s\u0131\u011fl\u0131k ve y\u00fczeyselli\u011fin terapisinde nas\u0131l \u00f6nemli bir yere sahip oldu\u011funu \u00f6rneklerle anlat\u0131yor. Peygamber dilinden s\u00f6ylenen &#8220;Rabbim bana \u015feylerin hakikatini g\u00f6ster&#8221; d\u00fcsturunu insani hayat\u0131n her alan\u0131na ta\u015f\u0131yarak suretten manaya, k\u0131l\u0131ftan \u00f6ze do\u011fru bir yolculu\u011fa \u00e7\u0131kman\u0131n \u201canlama\u201ddaki \u00f6nemini vurguluyor. Osmanl\u0131 ariflerinin &#8220;Biz iki anneden s\u00fct emdik&#8221; s\u00f6zlerinin izini s\u00fcrerek \u0130bn Arab\u00ee ve Mevl\u00e2n\u00e2&#8217;dan Anadolu insan\u0131n\u0131n ayd\u0131nlanmas\u0131ndaki iki b\u00fcy\u00fck kurucu fig\u00fcr olarak bahsediyor. Bu s\u00f6yle\u015filer b\u00fct\u00fcn\u00fcnden \u00e7\u0131kan mesaj \u00e7ok \u00e7arp\u0131c\u0131. K\u0131l\u0131\u00e7, tarihte hi\u00e7bir kurucu rol\u00fc olmam\u0131\u015f marjinal grup ve d\u00fc\u015f\u00fcn\u00fc\u015f tarzlar\u0131n\u0131n dahi imtiyazlar elde edebildi\u011fi g\u00fcn\u00fcm\u00fczde mazlum &#8220;tasavvuf&#8221;a hakk\u0131n\u0131n ne zaman teslim edilece\u011fini soruyor, soru\u015fturuyor, sorguluyor&#8230;<\/p>","protected":false},"featured_media":18569,"template":"","meta":{"spay_email":""},"product_cat":[174],"product_tag":[],"item":[767],"acf":[],"_links":{"self":[{"href":"https:\/\/mgvpublications.com\/de\/wp-json\/wp\/v2\/product\/18570"}],"collection":[{"href":"https:\/\/mgvpublications.com\/de\/wp-json\/wp\/v2\/product"}],"about":[{"href":"https:\/\/mgvpublications.com\/de\/wp-json\/wp\/v2\/types\/product"}],"wp:featuredmedia":[{"embeddable":true,"href":"https:\/\/mgvpublications.com\/de\/wp-json\/wp\/v2\/media\/18569"}],"wp:attachment":[{"href":"https:\/\/mgvpublications.com\/de\/wp-json\/wp\/v2\/media?parent=18570"}],"wp:term":[{"taxonomy":"product_cat","embeddable":true,"href":"https:\/\/mgvpublications.com\/de\/wp-json\/wp\/v2\/product_cat?post=18570"},{"taxonomy":"product_tag","embeddable":true,"href":"https:\/\/mgvpublications.com\/de\/wp-json\/wp\/v2\/product_tag?post=18570"},{"taxonomy":"item","embeddable":true,"href":"https:\/\/mgvpublications.com\/de\/wp-json\/wp\/v2\/item?post=18570"}],"curies":[{"name":"wp","href":"https:\/\/api.w.org\/{rel}","templated":true}]}}