{"id":18568,"date":"2021-05-04T23:03:11","date_gmt":"2021-05-04T21:03:11","guid":{"rendered":"https:\/\/mgvpublications.com\/produkt\/hayatin-satir-aralari-modern-zamanda-kendini-bulmak\/"},"modified":"2022-03-08T22:52:01","modified_gmt":"2022-03-08T21:52:01","slug":"hayatin-satir-aralari-modern-zamanda-kendini-bulmak","status":"publish","type":"product","link":"https:\/\/mgvpublications.com\/de\/hayatin-satir-aralari-modern-zamanda-kendini-bulmak\/","title":{"rendered":"Hayat\u0131n Sat\u0131r Aralar\u0131 Modern Zamanda Kendini Bulmak"},"content":{"rendered":"<p>Yay\u0131n Tarihi: 08.02.2021<br \/>ISBN: 9786055215446<br \/>Dil: T\u00dcRK\u00c7E<br \/>Sayfa Say\u0131s\u0131: 176<br \/>Cilt Tipi: Karton Kapak<br \/>Ka\u011f\u0131t Cinsi: Kitap Ka\u011f\u0131d\u0131<br \/>Boyut: 13.35 x 21 cm<\/p>","protected":false},"excerpt":{"rendered":"<p>\u201cTasavvuf nedir?\u201d \u201cBug\u00fcn\u00fcn insan\u0131na neler s\u00f6yler?\u201d \u201c\u0130nsan\u0131n \u00f6z\u00fcne ve hakikate giden manevi e\u011fitim nas\u0131ld\u0131r?\u201d Hayat\u0131n Sat\u0131r Aralar\u0131, bu ve benzeri sorular\u0131n cevaplar\u0131n\u0131 arayanlarla hasbihal eden bir kitap. Dervi\u015flik ya\u015fam alg\u0131s\u0131n\u0131n modern zamanlar\u0131n yaralar\u0131na nas\u0131l merhem olaca\u011f\u0131n\u0131 g\u00f6steriyor ve hayat\u0131n bir\u00e7ok alan\u0131n\u0131 sufi bak\u0131\u015f a\u00e7\u0131s\u0131yla yorumluyor.<\/p>","protected":false},"featured_media":18567,"template":"","meta":{"spay_email":""},"product_cat":[174],"product_tag":[],"item":[767],"acf":[],"_links":{"self":[{"href":"https:\/\/mgvpublications.com\/de\/wp-json\/wp\/v2\/product\/18568"}],"collection":[{"href":"https:\/\/mgvpublications.com\/de\/wp-json\/wp\/v2\/product"}],"about":[{"href":"https:\/\/mgvpublications.com\/de\/wp-json\/wp\/v2\/types\/product"}],"wp:featuredmedia":[{"embeddable":true,"href":"https:\/\/mgvpublications.com\/de\/wp-json\/wp\/v2\/media\/18567"}],"wp:attachment":[{"href":"https:\/\/mgvpublications.com\/de\/wp-json\/wp\/v2\/media?parent=18568"}],"wp:term":[{"taxonomy":"product_cat","embeddable":true,"href":"https:\/\/mgvpublications.com\/de\/wp-json\/wp\/v2\/product_cat?post=18568"},{"taxonomy":"product_tag","embeddable":true,"href":"https:\/\/mgvpublications.com\/de\/wp-json\/wp\/v2\/product_tag?post=18568"},{"taxonomy":"item","embeddable":true,"href":"https:\/\/mgvpublications.com\/de\/wp-json\/wp\/v2\/item?post=18568"}],"curies":[{"name":"wp","href":"https:\/\/api.w.org\/{rel}","templated":true}]}}