{"id":18566,"date":"2021-05-04T23:03:11","date_gmt":"2021-05-04T21:03:11","guid":{"rendered":"https:\/\/mgvpublications.com\/produkt\/icimdeki-dostlar-ilkokul-duzeyi\/"},"modified":"2022-03-08T22:52:01","modified_gmt":"2022-03-08T21:52:01","slug":"icimdeki-dostlar-ilkokul-duzeyi","status":"publish","type":"product","link":"https:\/\/mgvpublications.com\/de\/icimdeki-dostlar-ilkokul-duzeyi\/","title":{"rendered":"\u0130\u00e7imdeki Dostlar (\u0130lkokul D\u00fczeyi)"},"content":{"rendered":"<p>Yay\u0131n Tarihi: 21.01.2021<br \/>ISBN: 9789752420991<br \/>Dil: T\u00dcRK\u00c7E<br \/>Cilt Tipi: Karton Kapak<br \/>Ka\u011f\u0131t Cinsi: Kitap Ka\u011f\u0131d\u0131<\/p>","protected":false},"excerpt":{"rendered":"<p>V\u00fccudumuzun bir\u00e7ok de\u011ferli par\u00e7adan olu\u015ftu\u011funu biliyorsunuz de\u011fil mi? Eminim her birini \u00e7ok da merak ediyorsunuz. Peki sa\u011fl\u0131kl\u0131 ve keyifli olmam\u0131z i\u00e7in her an her saat durmadan usanmadan \u00e7al\u0131\u015fan bu de\u011ferli dostlar\u0131m\u0131z\u0131n sesini duyabilmeyi ister miydiniz? Bu kitapta Emre\u2019nin i\u00e7indeki dostlar\u0131yla olan hikayesine gelin birlikte \u015fahit olal\u0131m ve kendi \u201ci\u00e7imizdeki dostlar\u0131\u201d daha yak\u0131ndan tan\u0131yal\u0131m.<\/p>","protected":false},"featured_media":18565,"template":"","meta":{"spay_email":""},"product_cat":[172],"product_tag":[],"item":[1533],"acf":[],"_links":{"self":[{"href":"https:\/\/mgvpublications.com\/de\/wp-json\/wp\/v2\/product\/18566"}],"collection":[{"href":"https:\/\/mgvpublications.com\/de\/wp-json\/wp\/v2\/product"}],"about":[{"href":"https:\/\/mgvpublications.com\/de\/wp-json\/wp\/v2\/types\/product"}],"wp:featuredmedia":[{"embeddable":true,"href":"https:\/\/mgvpublications.com\/de\/wp-json\/wp\/v2\/media\/18565"}],"wp:attachment":[{"href":"https:\/\/mgvpublications.com\/de\/wp-json\/wp\/v2\/media?parent=18566"}],"wp:term":[{"taxonomy":"product_cat","embeddable":true,"href":"https:\/\/mgvpublications.com\/de\/wp-json\/wp\/v2\/product_cat?post=18566"},{"taxonomy":"product_tag","embeddable":true,"href":"https:\/\/mgvpublications.com\/de\/wp-json\/wp\/v2\/product_tag?post=18566"},{"taxonomy":"item","embeddable":true,"href":"https:\/\/mgvpublications.com\/de\/wp-json\/wp\/v2\/item?post=18566"}],"curies":[{"name":"wp","href":"https:\/\/api.w.org\/{rel}","templated":true}]}}