{"id":18562,"date":"2021-05-04T23:03:09","date_gmt":"2021-05-04T21:03:09","guid":{"rendered":"https:\/\/mgvpublications.com\/produkt\/bati-dusuncesi-felsefi-temeller\/"},"modified":"2022-03-08T22:51:59","modified_gmt":"2022-03-08T21:51:59","slug":"bati-dusuncesi-felsefi-temeller","status":"publish","type":"product","link":"https:\/\/mgvpublications.com\/de\/bati-dusuncesi-felsefi-temeller\/","title":{"rendered":"Bat\u0131 D\u00fc\u015f\u00fcncesi &#8211; Felsefi Temeller"},"content":{"rendered":"<p>Yay\u0131n Tarihi: 01.06.2014<br \/>ISBN: 9789753899154<br \/>Dil: T\u00dcRK\u00c7E<br \/>Sayfa Say\u0131s\u0131: 252<br \/>Cilt Tipi: Karton Kapak<br \/>Ka\u011f\u0131t Cinsi: Kitap Ka\u011f\u0131d\u0131<br \/>Boyut: 13.5 x 19.5 cm<\/p>","protected":false},"excerpt":{"rendered":"<p>Bu kitapta, \u201cklasik\u201d, \u201cmodern\u201d ve \u201c\u00e7a\u011fda\u015f\u201d ay\u0131r\u0131mlar\u0131na ba\u011fl\u0131 olarak, tarih\u00ee bir mahiyet arzeden Bat\u0131 d\u00fc\u015f\u00fcncesi tarz\u0131, temel \u00f6zellik ve farkl\u0131l\u0131klar\u0131 ekseninde ele al\u0131n\u0131p de\u011ferlendirilmeye \u00e7al\u0131\u015f\u0131lmaktad\u0131r.<\/p>","protected":false},"featured_media":18561,"template":"","meta":{"spay_email":""},"product_cat":[232],"product_tag":[],"item":[856],"acf":[],"_links":{"self":[{"href":"https:\/\/mgvpublications.com\/de\/wp-json\/wp\/v2\/product\/18562"}],"collection":[{"href":"https:\/\/mgvpublications.com\/de\/wp-json\/wp\/v2\/product"}],"about":[{"href":"https:\/\/mgvpublications.com\/de\/wp-json\/wp\/v2\/types\/product"}],"wp:featuredmedia":[{"embeddable":true,"href":"https:\/\/mgvpublications.com\/de\/wp-json\/wp\/v2\/media\/18561"}],"wp:attachment":[{"href":"https:\/\/mgvpublications.com\/de\/wp-json\/wp\/v2\/media?parent=18562"}],"wp:term":[{"taxonomy":"product_cat","embeddable":true,"href":"https:\/\/mgvpublications.com\/de\/wp-json\/wp\/v2\/product_cat?post=18562"},{"taxonomy":"product_tag","embeddable":true,"href":"https:\/\/mgvpublications.com\/de\/wp-json\/wp\/v2\/product_tag?post=18562"},{"taxonomy":"item","embeddable":true,"href":"https:\/\/mgvpublications.com\/de\/wp-json\/wp\/v2\/item?post=18562"}],"curies":[{"name":"wp","href":"https:\/\/api.w.org\/{rel}","templated":true}]}}