{"id":18560,"date":"2021-05-04T23:03:09","date_gmt":"2021-05-04T21:03:09","guid":{"rendered":"https:\/\/mgvpublications.com\/produkt\/rabbini-dinle\/"},"modified":"2022-04-20T18:38:04","modified_gmt":"2022-04-20T16:38:04","slug":"rabbini-dinle","status":"publish","type":"product","link":"https:\/\/mgvpublications.com\/de\/rabbini-dinle\/","title":{"rendered":"Rabbini Dinle"},"content":{"rendered":"<p>Yay\u0131n Tarihi: 16.04.2021<br \/>ISBN: 9786057850294<br \/>Dil: T\u00dcRK\u00c7E<br \/>Sayfa Say\u0131s\u0131: 352<br \/>Cilt Tipi: Karton Kapak<br \/>Ka\u011f\u0131t Cinsi: Kitap Ka\u011f\u0131d\u0131<br \/>Boyut: 13 x 21 cm<\/p>","protected":false},"excerpt":{"rendered":"<p>Hayat nizam\u0131 belirleyen Kur&#8217;an&#8217;\u0131n ayetleri aras\u0131ndan se\u00e7ilmi\u015f bir demetin ele al\u0131nd\u0131\u011f\u0131 bu \u00e7al\u0131\u015fma, k\u0131sa maddeler h\u00e2linde i\u015fledi\u011fi ayetleri birer ders malzemesine d\u00f6n\u00fc\u015ft\u00fcr\u00fcyor. \u0130nsan ve toplumu, i\u00e7 d\u00fcnyalar\u0131 ve sosyal ortamlar\u0131 \u015fekillendiren il\u00e2h\u00ee hitaba kulak vermeye \u00e7a\u011f\u0131r\u0131yor okuru ve neyin nas\u0131l yapabilece\u011fiyle ilgili pratik teklifler getiriyor. Ezberlemesi de kolay olacak ayetlerin se\u00e7ildi\u011fi \u00e7al\u0131\u015fmada, a\u00e7\u0131klamalar i\u00e7in ak\u0131lda kal\u0131c\u0131l\u0131k ve uygulanabilirlik hedeflerine uygun bir y\u00f6ntem izleniyor.<\/p>","protected":false},"featured_media":23261,"template":"","meta":{"spay_email":""},"product_cat":[174],"product_tag":[],"item":[363],"acf":[],"_links":{"self":[{"href":"https:\/\/mgvpublications.com\/de\/wp-json\/wp\/v2\/product\/18560"}],"collection":[{"href":"https:\/\/mgvpublications.com\/de\/wp-json\/wp\/v2\/product"}],"about":[{"href":"https:\/\/mgvpublications.com\/de\/wp-json\/wp\/v2\/types\/product"}],"wp:featuredmedia":[{"embeddable":true,"href":"https:\/\/mgvpublications.com\/de\/wp-json\/wp\/v2\/media\/23261"}],"wp:attachment":[{"href":"https:\/\/mgvpublications.com\/de\/wp-json\/wp\/v2\/media?parent=18560"}],"wp:term":[{"taxonomy":"product_cat","embeddable":true,"href":"https:\/\/mgvpublications.com\/de\/wp-json\/wp\/v2\/product_cat?post=18560"},{"taxonomy":"product_tag","embeddable":true,"href":"https:\/\/mgvpublications.com\/de\/wp-json\/wp\/v2\/product_tag?post=18560"},{"taxonomy":"item","embeddable":true,"href":"https:\/\/mgvpublications.com\/de\/wp-json\/wp\/v2\/item?post=18560"}],"curies":[{"name":"wp","href":"https:\/\/api.w.org\/{rel}","templated":true}]}}