{"id":18557,"date":"2021-05-04T22:20:24","date_gmt":"2021-05-04T20:20:24","guid":{"rendered":"https:\/\/mgvpublications.com\/produkt\/hatirli-satirlar\/"},"modified":"2022-03-08T22:51:59","modified_gmt":"2022-03-08T21:51:59","slug":"hatirli-satirlar","status":"publish","type":"product","link":"https:\/\/mgvpublications.com\/de\/hatirli-satirlar\/","title":{"rendered":"Hat\u0131rl\u0131 Sat\u0131rlar"},"content":{"rendered":"<p>Yay\u0131n Tarihi: 25.02.2021<br \/>ISBN: 9786056076596<br \/>Dil: T\u00dcRK\u00c7E<br \/>Sayfa Say\u0131s\u0131: 276<br \/>Cilt Tipi: Karton Kapak<br \/>Ka\u011f\u0131t Cinsi: Kitap Ka\u011f\u0131d\u0131<br \/>Boyut: 13.5 x 21 cm<\/p>","protected":false},"excerpt":{"rendered":"<p>\u201cKarde\u015flerim, niyetleri d\u00fczeltmeye y\u00f6nelin. Amac\u0131m\u0131z Hakk\u2019\u0131n yan\u0131nda istikamet olsun. Selef i\u015fte bununla y\u00fckseldi ve mutlu oldular. Bug\u00fcn insanlar\u0131n i\u00e7inde bulundu\u011fu hallerden sak\u0131n\u0131n.\u201d Bir ilim adam\u0131 \u00f6rnekli\u011finde, modern zamanlar\u0131n \u00fcst\u00fcn imkanlar\u0131na sahip ilim yolcular\u0131n\u0131 hayrete d\u00fc\u015f\u00fcrecek bir performans\u0131n sahibi olan \u0130bn\u00fcl Cevzi, bereket kavram\u0131n\u0131 kendi \u015fahs\u0131nda temsil edebilen \u00f6rnek \u015fahsiyetlerdendir. Hayat\u0131n\u0131n ileri ya\u015flar\u0131nda kaleme ald\u0131\u011f\u0131 Saydul Hatr isimli eserinden 130 ba\u015fl\u0131\u011f\u0131n terc\u00fcme edilmesi ile elde edilmi\u015f bir eserdir Hat\u0131rl\u0131 Sat\u0131rlar.<\/p>","protected":false},"featured_media":20272,"template":"","meta":{"spay_email":""},"product_cat":[174],"product_tag":[],"item":[363],"acf":[],"_links":{"self":[{"href":"https:\/\/mgvpublications.com\/de\/wp-json\/wp\/v2\/product\/18557"}],"collection":[{"href":"https:\/\/mgvpublications.com\/de\/wp-json\/wp\/v2\/product"}],"about":[{"href":"https:\/\/mgvpublications.com\/de\/wp-json\/wp\/v2\/types\/product"}],"wp:featuredmedia":[{"embeddable":true,"href":"https:\/\/mgvpublications.com\/de\/wp-json\/wp\/v2\/media\/20272"}],"wp:attachment":[{"href":"https:\/\/mgvpublications.com\/de\/wp-json\/wp\/v2\/media?parent=18557"}],"wp:term":[{"taxonomy":"product_cat","embeddable":true,"href":"https:\/\/mgvpublications.com\/de\/wp-json\/wp\/v2\/product_cat?post=18557"},{"taxonomy":"product_tag","embeddable":true,"href":"https:\/\/mgvpublications.com\/de\/wp-json\/wp\/v2\/product_tag?post=18557"},{"taxonomy":"item","embeddable":true,"href":"https:\/\/mgvpublications.com\/de\/wp-json\/wp\/v2\/item?post=18557"}],"curies":[{"name":"wp","href":"https:\/\/api.w.org\/{rel}","templated":true}]}}