{"id":18555,"date":"2021-05-04T22:20:24","date_gmt":"2021-05-04T20:20:24","guid":{"rendered":"https:\/\/mgvpublications.com\/produkt\/mis-gibi\/"},"modified":"2022-03-08T22:51:59","modified_gmt":"2022-03-08T21:51:59","slug":"mis-gibi","status":"publish","type":"product","link":"https:\/\/mgvpublications.com\/de\/mis-gibi\/","title":{"rendered":"M\u0131\u015f Gibi"},"content":{"rendered":"<p>\u00c7evirmen: Oya Alpar<br \/>Yay\u0131n Tarihi: 01.09.2018<br \/>Orijinal Ad\u0131: Ish<br \/>ISBN: 9789752117815<br \/>Dil: T\u00dcRK\u00c7E<br \/>Sayfa Say\u0131s\u0131: 32<br \/>Cilt Tipi: Karton Kapak<br \/>Ka\u011f\u0131t Cinsi: Kitap Ka\u011f\u0131d\u0131<br \/>Boyut: 21 x 19.5 cm<\/p>","protected":false},"excerpt":{"rendered":"<p>Ramon resim yapmay\u0131 \u00e7ok severdi. Nerede olursa olsun Ne zaman olursa olsun Her \u015feyin resmini yapard\u0131. Resim yapmak Ramon\u2019a mutluluk verirdi. S\u0131n\u0131rs\u0131z hayal g\u00fcc\u00fc kalemin beyaz bir sayfayla bulu\u015ftu\u011fu an co\u015farcas\u0131na harekete ge\u00e7erdi. Ancak a\u011fabeyi y\u00fcz\u00fcnden bu co\u015fkusu bitiverdi, art\u0131k \u00e7izemiyor, hep m\u00fckemmeli ar\u0131yordu. K\u0131z karde\u015fi \u201cdo\u011fru\u201d resim yapmaya \u00e7al\u0131\u015fmas\u0131n\u0131n anlams\u0131z oldu\u011funu; denizmi\u015f gibi, da\u011fm\u0131\u015f gibi, bal\u0131km\u0131\u015f gibi \u00e7izdi\u011fi t\u00fcm kendine \u00f6zg\u00fc resimlerin ona zenginlik katt\u0131\u011f\u0131n\u0131 s\u00f6yledi\u011fi g\u00fcn Ramon mutlulu\u011fu yeniden yakalad\u0131. Peter H. Reynolds, M\u0131\u015f Gibi adl\u0131 \u00f6yk\u00fcyle gizli kalm\u0131\u015f yeteneklerin ortaya \u00e7\u0131kmas\u0131na \u0131\u015f\u0131k tutarak bize i\u00e7imizdeki yarat\u0131c\u0131 g\u00fcc\u00fc ate\u015flememizi s\u00f6yl\u00fcyor.<\/p>","protected":false},"featured_media":18959,"template":"","meta":{"spay_email":""},"product_cat":[172],"product_tag":[],"item":[786],"acf":[],"_links":{"self":[{"href":"https:\/\/mgvpublications.com\/de\/wp-json\/wp\/v2\/product\/18555"}],"collection":[{"href":"https:\/\/mgvpublications.com\/de\/wp-json\/wp\/v2\/product"}],"about":[{"href":"https:\/\/mgvpublications.com\/de\/wp-json\/wp\/v2\/types\/product"}],"wp:featuredmedia":[{"embeddable":true,"href":"https:\/\/mgvpublications.com\/de\/wp-json\/wp\/v2\/media\/18959"}],"wp:attachment":[{"href":"https:\/\/mgvpublications.com\/de\/wp-json\/wp\/v2\/media?parent=18555"}],"wp:term":[{"taxonomy":"product_cat","embeddable":true,"href":"https:\/\/mgvpublications.com\/de\/wp-json\/wp\/v2\/product_cat?post=18555"},{"taxonomy":"product_tag","embeddable":true,"href":"https:\/\/mgvpublications.com\/de\/wp-json\/wp\/v2\/product_tag?post=18555"},{"taxonomy":"item","embeddable":true,"href":"https:\/\/mgvpublications.com\/de\/wp-json\/wp\/v2\/item?post=18555"}],"curies":[{"name":"wp","href":"https:\/\/api.w.org\/{rel}","templated":true}]}}