{"id":18553,"date":"2021-05-04T22:20:23","date_gmt":"2021-05-04T20:20:23","guid":{"rendered":"https:\/\/mgvpublications.com\/produkt\/liste\/"},"modified":"2022-03-08T22:51:59","modified_gmt":"2022-03-08T21:51:59","slug":"liste","status":"publish","type":"product","link":"https:\/\/mgvpublications.com\/de\/liste\/","title":{"rendered":"Liste"},"content":{"rendered":"<p>\u00c7evirmen: Esma Fethiye G\u00fc\u00e7l\u00fc<br \/>Yay\u0131n Tarihi: 12.09.2019<br \/>ISBN: 9786050828344<br \/>Dil: T\u00dcRK\u00c7E<br \/>Sayfa Say\u0131s\u0131: 368<br \/>Cilt Tipi: Karton Kapak<br \/>Ka\u011f\u0131t Cinsi: Kitap Ka\u011f\u0131d\u0131<br \/>Boyut: 13.5 x 20.5 cm<\/p>","protected":false},"excerpt":{"rendered":"<p>&#8220;Y\u0131l\u0131n kurgusu.&#8221; Eoin Colfer, \u00e7ok satan Artemis Fowl serisinin yazar\u0131 Fahrenheit 451 ve Se\u00e7ilmi\u015f Ki\u015fi gen\u00e7 okurlar i\u00e7in bir araya geliyor! Sen art\u0131k kelime ustas\u0131s\u0131n. Meydan okumaya haz\u0131r m\u0131s\u0131n? Ark \u015fehri, D\u00fcnya\u2019daki son g\u00fcvenli yerdir. \u0130nsanlar\u0131n hayatta kalmas\u0131 i\u00e7in Ark\u2019taki herkes 500 kelimeyle s\u0131n\u0131rl\u0131 Listeye g\u00f6re konu\u015fmak zorundad\u0131r. Letta d\u0131\u015f\u0131nda herkes&#8230; Kelime ustas\u0131n\u0131n \u00e7\u0131ra\u011f\u0131 Letta, var olan b\u00fct\u00fcn kelimeleri yaz\u0131p okuyabilme ayr\u0131cal\u0131\u011f\u0131na sahiptir. \u00d6zg\u00fcrl\u00fck, m\u00fczik ve ananas gibi yasaklanm\u0131\u015f kelimeler ona hi\u00e7 bilmedi\u011fi bir d\u00fcnyay\u0131 anlat\u0131r. Ustas\u0131 bir g\u00fcn ortadan kaybolunca Ark\u2019\u0131n y\u00f6neticileri Letta\u2019ya yeni Kelime Ustas\u0131 oldu\u011funu s\u00f6yleyerek ondan Listedeki kelimeleri azaltmas\u0131n\u0131 isterler. Daha sonra Letta, yasaklanan t\u00fcm kelimeleri bilen bir gen\u00e7le tan\u0131\u015f\u0131r. Letta sonu\u00e7lar\u0131 tehlikeli olabilecek bir se\u00e7imle kar\u015f\u0131 kar\u015f\u0131ya kal\u0131r; ya hi\u00e7bir \u015fey yapmadan durup dilin yava\u015f\u00e7a yok olmas\u0131n\u0131 seyredecektir ya da \u00f6zg\u00fcrl\u00fc\u011fe, belki de s\u00fcrg\u00fcne giden yolda bir yabanc\u0131y\u0131 takip edecektir.<\/p>","protected":false},"featured_media":18956,"template":"","meta":{"spay_email":""},"product_cat":[168],"product_tag":[],"item":[360],"acf":[],"_links":{"self":[{"href":"https:\/\/mgvpublications.com\/de\/wp-json\/wp\/v2\/product\/18553"}],"collection":[{"href":"https:\/\/mgvpublications.com\/de\/wp-json\/wp\/v2\/product"}],"about":[{"href":"https:\/\/mgvpublications.com\/de\/wp-json\/wp\/v2\/types\/product"}],"wp:featuredmedia":[{"embeddable":true,"href":"https:\/\/mgvpublications.com\/de\/wp-json\/wp\/v2\/media\/18956"}],"wp:attachment":[{"href":"https:\/\/mgvpublications.com\/de\/wp-json\/wp\/v2\/media?parent=18553"}],"wp:term":[{"taxonomy":"product_cat","embeddable":true,"href":"https:\/\/mgvpublications.com\/de\/wp-json\/wp\/v2\/product_cat?post=18553"},{"taxonomy":"product_tag","embeddable":true,"href":"https:\/\/mgvpublications.com\/de\/wp-json\/wp\/v2\/product_tag?post=18553"},{"taxonomy":"item","embeddable":true,"href":"https:\/\/mgvpublications.com\/de\/wp-json\/wp\/v2\/item?post=18553"}],"curies":[{"name":"wp","href":"https:\/\/api.w.org\/{rel}","templated":true}]}}