{"id":18549,"date":"2021-05-04T22:20:22","date_gmt":"2021-05-04T20:20:22","guid":{"rendered":"https:\/\/mgvpublications.com\/produkt\/ayasofyada-bir-gece\/"},"modified":"2022-03-08T22:51:59","modified_gmt":"2022-03-08T21:51:59","slug":"ayasofyada-bir-gece","status":"publish","type":"product","link":"https:\/\/mgvpublications.com\/de\/ayasofyada-bir-gece\/","title":{"rendered":"Ayasofya&#8217;da Bir Gece"},"content":{"rendered":"<p>Yay\u0131n Tarihi: 10.03.2020<br \/>ISBN: 9786050827071<br \/>Dil: T\u00dcRK\u00c7E<br \/>Sayfa Say\u0131s\u0131: 192<br \/>Cilt Tipi: Karton Kapak<br \/>Ka\u011f\u0131t Cinsi: Kitap Ka\u011f\u0131d\u0131<br \/>Boyut: 13.5 x 20.5 cm<\/p>","protected":false},"excerpt":{"rendered":"<p>Ayasofya&#8230; Tarih boyu Do\u011fu ile Bat\u0131\u2019y\u0131 birle\u015ftiren mabet\u2026 Mihrimah, Ayasofya\u2019da \u00e7al\u0131\u015f\u0131rken bir s\u0131rr\u0131n tam ortas\u0131na d\u00fc\u015f\u00fcyor. \u00dcstelik bu s\u0131rr\u0131n ortaklar\u0131 da var. \u0130pek ve Mehmet, kendilerini bu gizemi \u00e7\u00f6z\u00fcp par\u00e7alar\u0131 tamamlamaya ad\u0131yorlar. \u00c7\u00fcnk\u00fc, bu s\u0131rr\u0131 ayd\u0131nl\u0131\u011fa kavu\u015fturmak Ayasofya&#8217;y\u0131 korumak demek. \u0130talya&#8217;da ba\u015flayan bu yolculuk, Do\u011fu\u2019nun mistik havas\u0131nda ilk rota olan Diyarbak\u0131r surlar\u0131nda da onlar\u0131 \u015fa\u015f\u0131rt\u0131yor. Bu macerada yaln\u0131z olmad\u0131klar\u0131n\u0131 anlad\u0131klar\u0131nda her \u015fey daha beter bir \u00e7\u0131kmaza giriyor. Ayasofya\u2019n\u0131n savunma mekanizmas\u0131 ise herkesi \u015fa\u015f\u0131rt\u0131yor! \u201cNe su koruyabilir hazineyi, Ne de kendisi saklayan\u0131n, Y\u0131ld\u0131z g\u00f6z\u00fcnde durdu\u011funda. Son \u015f\u00f6valye s\u00f6z\u00fcn\u00fc bozdu\u011funda, Ve Muktedir \u00fcz\u00fcm\u00fc yakt\u0131\u011f\u0131nda Kim koruyacak mabedi?\u201d<\/p>","protected":false},"featured_media":20178,"template":"","meta":{"spay_email":""},"product_cat":[172],"product_tag":[],"item":[360],"acf":[],"_links":{"self":[{"href":"https:\/\/mgvpublications.com\/de\/wp-json\/wp\/v2\/product\/18549"}],"collection":[{"href":"https:\/\/mgvpublications.com\/de\/wp-json\/wp\/v2\/product"}],"about":[{"href":"https:\/\/mgvpublications.com\/de\/wp-json\/wp\/v2\/types\/product"}],"wp:featuredmedia":[{"embeddable":true,"href":"https:\/\/mgvpublications.com\/de\/wp-json\/wp\/v2\/media\/20178"}],"wp:attachment":[{"href":"https:\/\/mgvpublications.com\/de\/wp-json\/wp\/v2\/media?parent=18549"}],"wp:term":[{"taxonomy":"product_cat","embeddable":true,"href":"https:\/\/mgvpublications.com\/de\/wp-json\/wp\/v2\/product_cat?post=18549"},{"taxonomy":"product_tag","embeddable":true,"href":"https:\/\/mgvpublications.com\/de\/wp-json\/wp\/v2\/product_tag?post=18549"},{"taxonomy":"item","embeddable":true,"href":"https:\/\/mgvpublications.com\/de\/wp-json\/wp\/v2\/item?post=18549"}],"curies":[{"name":"wp","href":"https:\/\/api.w.org\/{rel}","templated":true}]}}