{"id":18545,"date":"2021-05-04T22:20:21","date_gmt":"2021-05-04T20:20:21","guid":{"rendered":"https:\/\/mgvpublications.com\/produkt\/yaramaz-ejderhalar\/"},"modified":"2022-03-08T22:51:58","modified_gmt":"2022-03-08T21:51:58","slug":"yaramaz-ejderhalar","status":"publish","type":"product","link":"https:\/\/mgvpublications.com\/de\/yaramaz-ejderhalar\/","title":{"rendered":"Yaramaz Ejderhalar"},"content":{"rendered":"<p>\u00c7evirmen: Sevgi Atl\u0131han<br \/>Yay\u0131n Tarihi: 25.04.2019<br \/>ISBN: 9786053321798<br \/>Dil: T\u00dcRK\u00c7E<br \/>Sayfa Say\u0131s\u0131: 32<br \/>Cilt Tipi: Karton Kapak<br \/>Ka\u011f\u0131t Cinsi: Ku\u015fe Ka\u011f\u0131t<br \/>Boyut: 21 x 29.5 cm<\/p>","protected":false},"excerpt":{"rendered":"<p>Evren\u2019in \u00e7ok uzak bir k\u00f6\u015fesinde ejderhalarla dolu bir gezegen varm\u0131\u015f. Verimli topraklar\u0131, yabani hayvanlarla dolu ormanlar\u0131 ve g\u00fczel g\u00f6lleri olan gezegende ya\u015fam harikaym\u0131\u015f. Ancak bir s\u00fcre sonra yaramaz ejderhalar i\u015fleri kar\u0131\u015ft\u0131rm\u0131\u015f. Hayal d\u00fcnyas\u0131nda heyecanl\u0131 ve e\u011fitici bir gezi&#8230;<\/p>","protected":false},"featured_media":18875,"template":"","meta":{"spay_email":""},"product_cat":[172],"product_tag":[],"item":[336],"acf":[],"_links":{"self":[{"href":"https:\/\/mgvpublications.com\/de\/wp-json\/wp\/v2\/product\/18545"}],"collection":[{"href":"https:\/\/mgvpublications.com\/de\/wp-json\/wp\/v2\/product"}],"about":[{"href":"https:\/\/mgvpublications.com\/de\/wp-json\/wp\/v2\/types\/product"}],"wp:featuredmedia":[{"embeddable":true,"href":"https:\/\/mgvpublications.com\/de\/wp-json\/wp\/v2\/media\/18875"}],"wp:attachment":[{"href":"https:\/\/mgvpublications.com\/de\/wp-json\/wp\/v2\/media?parent=18545"}],"wp:term":[{"taxonomy":"product_cat","embeddable":true,"href":"https:\/\/mgvpublications.com\/de\/wp-json\/wp\/v2\/product_cat?post=18545"},{"taxonomy":"product_tag","embeddable":true,"href":"https:\/\/mgvpublications.com\/de\/wp-json\/wp\/v2\/product_tag?post=18545"},{"taxonomy":"item","embeddable":true,"href":"https:\/\/mgvpublications.com\/de\/wp-json\/wp\/v2\/item?post=18545"}],"curies":[{"name":"wp","href":"https:\/\/api.w.org\/{rel}","templated":true}]}}