{"id":18537,"date":"2021-05-04T22:20:19","date_gmt":"2021-05-04T20:20:19","guid":{"rendered":"https:\/\/mgvpublications.com\/produkt\/arkadasim-ambulans-doktoru-dunyayi-ogreniyorum\/"},"modified":"2022-06-17T18:10:00","modified_gmt":"2022-06-17T16:10:00","slug":"arkadasim-ambulans-doktoru-dunyayi-ogreniyorum","status":"publish","type":"product","link":"https:\/\/mgvpublications.com\/de\/arkadasim-ambulans-doktoru-dunyayi-ogreniyorum\/","title":{"rendered":"Arkada\u015f\u0131m Ambulans Doktoru \/ D\u00fcnyay\u0131 \u00d6\u011freniyorum"},"content":{"rendered":"<p>\u00c7evirmen: Ay\u00e7a Sabuncuo\u011flu<br \/>Yay\u0131n Tarihi: 04.01.2019<br \/>ISBN: 9786053320456<br \/>Dil: T\u00dcRK\u00c7E<br \/>Sayfa Say\u0131s\u0131: 24<br \/>Cilt Tipi: Karton Kapak<br \/>Ka\u011f\u0131t Cinsi: Ku\u015fe Ka\u011f\u0131t<br \/>Boyut: 22 x 22 cm<\/p>","protected":false},"excerpt":{"rendered":"<p>B\u00fct\u00fcn doktorlar hastalar\u0131 tedavi eder ve hayat kurtar\u0131r. Ancak ambulans doktorlar\u0131 acil durumlarla daha s\u0131k kar\u015f\u0131la\u015f\u0131rlar. Trafik kazalar\u0131nda, do\u011fal felaketlerde ve diger kazalarda genellikle ilk m\u00fcdahaleyi yapanlar ambulans doktorlar\u0131 olur. Hadi gidip ambulans doktorlar\u0131n\u0131n nas\u0131l \u00e7al\u0131\u015ft\u0131\u011f\u0131n\u0131 g\u00f6relim.<\/p>","protected":false},"featured_media":20157,"template":"","meta":{"spay_email":""},"product_cat":[172],"product_tag":[],"item":[336],"acf":[],"_links":{"self":[{"href":"https:\/\/mgvpublications.com\/de\/wp-json\/wp\/v2\/product\/18537"}],"collection":[{"href":"https:\/\/mgvpublications.com\/de\/wp-json\/wp\/v2\/product"}],"about":[{"href":"https:\/\/mgvpublications.com\/de\/wp-json\/wp\/v2\/types\/product"}],"wp:featuredmedia":[{"embeddable":true,"href":"https:\/\/mgvpublications.com\/de\/wp-json\/wp\/v2\/media\/20157"}],"wp:attachment":[{"href":"https:\/\/mgvpublications.com\/de\/wp-json\/wp\/v2\/media?parent=18537"}],"wp:term":[{"taxonomy":"product_cat","embeddable":true,"href":"https:\/\/mgvpublications.com\/de\/wp-json\/wp\/v2\/product_cat?post=18537"},{"taxonomy":"product_tag","embeddable":true,"href":"https:\/\/mgvpublications.com\/de\/wp-json\/wp\/v2\/product_tag?post=18537"},{"taxonomy":"item","embeddable":true,"href":"https:\/\/mgvpublications.com\/de\/wp-json\/wp\/v2\/item?post=18537"}],"curies":[{"name":"wp","href":"https:\/\/api.w.org\/{rel}","templated":true}]}}