{"id":18533,"date":"2021-05-04T22:20:18","date_gmt":"2021-05-04T20:20:18","guid":{"rendered":"https:\/\/mgvpublications.com\/produkt\/parsel-parsel\/"},"modified":"2022-03-08T22:51:54","modified_gmt":"2022-03-08T21:51:54","slug":"parsel-parsel","status":"publish","type":"product","link":"https:\/\/mgvpublications.com\/de\/parsel-parsel\/","title":{"rendered":"Parsel Parsel"},"content":{"rendered":"<p>Yay\u0131n Tarihi: 16.02.2021<br \/>ISBN: 9786052987704<br \/>Dil: T\u00dcRK\u00c7E<br \/>Sayfa Say\u0131s\u0131: 272<br \/>Cilt Tipi: Karton Kapak<br \/>Ka\u011f\u0131t Cinsi: Kitap Ka\u011f\u0131d\u0131<br \/>Boyut: 13.7 x 23 cm<\/p>","protected":false},"excerpt":{"rendered":"<p>Melih G\u00f6k\u00e7ek ba\u015fbakan olabilmek i\u00e7in neler yapt\u0131? AKP kurulmadan \u00f6nce ABD ziyaretinde neler ya\u015fand\u0131? 30 y\u0131l boyunca nas\u0131l \u201c\u00f6rg\u00fct\u201d gibi hareket etti? A Tak\u0131m\u0131nda kimler vard\u0131? Fenerbah\u00e7e\u2019ye neden ba\u015fkan olmak istedi? Genelev patronlar\u0131 Ankara\u2019da neler yapt\u0131? G\u00f6zalt\u0131na al\u0131nd\u0131\u011f\u0131nda kim kurtard\u0131? Trafik kavgas\u0131nda neden silah kullan\u0131ld\u0131? Turgut \u00d6zal kime ve neden \u201cdangalak\u201d dedi? \u0130lk \u201cparsel parsel\u201d sat\u0131\u015f ne zaman ger\u00e7ekle\u015fti? ANKAPARK ihalesinin ucu hangi mafya liderine uzand\u0131? Osman G\u00f6k\u00e7ek \u00f6len \u00e7ete lideriyle ne konu\u015ftu? Zekeriya \u00d6z\u2019\u00fc Dubai\u2019de a\u011f\u0131rlayan ki\u015finin Melih G\u00f6k\u00e7ek ile ne ili\u015fkisi vard\u0131? FET\u00d6 firarisini kim, nas\u0131l korudu? 17-25 Aral\u0131k\u2019tan sonra FET\u00d6\u2019ye imar rant\u0131 sa\u011fland\u0131 m\u0131? 15 Temmuz\u2019dan sonra FET\u00d6\u2019c\u00fc isme parsel verildi mi? Parsel Parsel, bunlar ve daha onlarca sorunun yan\u0131t\u0131n\u0131 veriyor\u2026<\/p>","protected":false},"featured_media":18855,"template":"","meta":{"spay_email":""},"product_cat":[173],"product_tag":[],"item":[697],"acf":[],"_links":{"self":[{"href":"https:\/\/mgvpublications.com\/de\/wp-json\/wp\/v2\/product\/18533"}],"collection":[{"href":"https:\/\/mgvpublications.com\/de\/wp-json\/wp\/v2\/product"}],"about":[{"href":"https:\/\/mgvpublications.com\/de\/wp-json\/wp\/v2\/types\/product"}],"wp:featuredmedia":[{"embeddable":true,"href":"https:\/\/mgvpublications.com\/de\/wp-json\/wp\/v2\/media\/18855"}],"wp:attachment":[{"href":"https:\/\/mgvpublications.com\/de\/wp-json\/wp\/v2\/media?parent=18533"}],"wp:term":[{"taxonomy":"product_cat","embeddable":true,"href":"https:\/\/mgvpublications.com\/de\/wp-json\/wp\/v2\/product_cat?post=18533"},{"taxonomy":"product_tag","embeddable":true,"href":"https:\/\/mgvpublications.com\/de\/wp-json\/wp\/v2\/product_tag?post=18533"},{"taxonomy":"item","embeddable":true,"href":"https:\/\/mgvpublications.com\/de\/wp-json\/wp\/v2\/item?post=18533"}],"curies":[{"name":"wp","href":"https:\/\/api.w.org\/{rel}","templated":true}]}}