{"id":18531,"date":"2021-05-04T22:20:17","date_gmt":"2021-05-04T20:20:17","guid":{"rendered":"https:\/\/mgvpublications.com\/produkt\/ehl-i-sunnet-itikadi-ciltli\/"},"modified":"2022-03-08T22:51:54","modified_gmt":"2022-03-08T21:51:54","slug":"ehl-i-sunnet-itikadi-ciltli","status":"publish","type":"product","link":"https:\/\/mgvpublications.com\/de\/ehl-i-sunnet-itikadi-ciltli\/","title":{"rendered":"Ehl-i S\u00fcnnet \u0130&#8217;tikad\u0131 (Ciltli)"},"content":{"rendered":"<p>\u00c7evirmen: Fuad G\u00fcnel<br \/>Yay\u0131n Tarihi: 01.05.2017<br \/>ISBN: 9789758514267<br \/>Dil: T\u00dcRK\u00c7E<br \/>Sayfa Say\u0131s\u0131: 240<br \/>Cilt Tipi: Ciltli<br \/>Ka\u011f\u0131t Cinsi: 3. Hm. Ka\u011f\u0131t<br \/>Boyut: 16 x 24 cm<\/p>","protected":false},"excerpt":{"rendered":"<p>Bu eser d\u00fcnyada ve ahirette selamet bulmak, ebedi saadete kavu\u015fmak, Hakk&#8217;\u0131n (c.c.) ve Resul\u00fcn\u00fcn (s.a.v.) r\u0131zalar\u0131n\u0131 kazanmak, &#8220;F\u0131rka-i Naciye&#8221; denilen ehl-i s\u00fcnnet mezhebi i\u00e7indeki bahtiyarlar z\u00fcmresine kat\u0131labilmek i\u00e7in bilinmesi gerekli i&#8217;tikad, elfaz-\u0131 k\u00fcfr, tashih-i a&#8217;mal ve benzeri mevzularla alakal\u0131 h\u00fck\u00fcmleri ve incelikleri \u00f6\u011freten ve her M\u00fcsl\u00fcmana son derece l\u00fczumlu ve faideli olan temel bir din kitab\u0131d\u0131r.<\/p>","protected":false},"featured_media":19596,"template":"","meta":{"spay_email":""},"product_cat":[174],"product_tag":[],"item":[833],"acf":[],"_links":{"self":[{"href":"https:\/\/mgvpublications.com\/de\/wp-json\/wp\/v2\/product\/18531"}],"collection":[{"href":"https:\/\/mgvpublications.com\/de\/wp-json\/wp\/v2\/product"}],"about":[{"href":"https:\/\/mgvpublications.com\/de\/wp-json\/wp\/v2\/types\/product"}],"wp:featuredmedia":[{"embeddable":true,"href":"https:\/\/mgvpublications.com\/de\/wp-json\/wp\/v2\/media\/19596"}],"wp:attachment":[{"href":"https:\/\/mgvpublications.com\/de\/wp-json\/wp\/v2\/media?parent=18531"}],"wp:term":[{"taxonomy":"product_cat","embeddable":true,"href":"https:\/\/mgvpublications.com\/de\/wp-json\/wp\/v2\/product_cat?post=18531"},{"taxonomy":"product_tag","embeddable":true,"href":"https:\/\/mgvpublications.com\/de\/wp-json\/wp\/v2\/product_tag?post=18531"},{"taxonomy":"item","embeddable":true,"href":"https:\/\/mgvpublications.com\/de\/wp-json\/wp\/v2\/item?post=18531"}],"curies":[{"name":"wp","href":"https:\/\/api.w.org\/{rel}","templated":true}]}}