{"id":18527,"date":"2021-05-04T22:20:16","date_gmt":"2021-05-04T20:20:16","guid":{"rendered":"https:\/\/mgvpublications.com\/produkt\/annelik-sanati\/"},"modified":"2022-03-08T22:51:54","modified_gmt":"2022-03-08T21:51:54","slug":"annelik-sanati","status":"publish","type":"product","link":"https:\/\/mgvpublications.com\/de\/annelik-sanati\/","title":{"rendered":"Annelik Sanat\u0131"},"content":{"rendered":"<p>Yay\u0131n Tarihi: 11.01.2020<br \/>ISBN: 9786050817539<br \/>Dil: T\u00dcRK\u00c7E<br \/>Sayfa Say\u0131s\u0131: 208<br \/>Cilt Tipi: Karton Kapak<br \/>Ka\u011f\u0131t Cinsi: Kitap Ka\u011f\u0131d\u0131<br \/>Boyut: 15.5 x 21.5 cm<\/p>","protected":false},"excerpt":{"rendered":"<p>Kad\u0131n yaln\u0131zd\u0131r asl\u0131nda\u2026 E\u015fi olsa da, \u00e7ocuklar\u0131 bulunsa da\u2026 Sevincinde yaln\u0131z\u2026 A\u011flamalar\u0131nda yaln\u0131z\u2026 \u00c7ocuklu\u011funda yaln\u0131z, gen\u00e7 k\u0131zl\u0131\u011f\u0131nda yaln\u0131z\u2026 \u00c7aba i\u00e7indedir herkes, ondan bir \u015feyler koparmak i\u00e7in\u2026 Kimi sevgisizli\u011finin doyurucusu gibi tan\u0131r onu\u2026 Kimi yaln\u0131zl\u0131\u011f\u0131n\u0131n gidericisi gibi\u2026 Ve belki kar\u015f\u0131l\u0131ks\u0131zl\u0131\u011f\u0131ndan olsa gerek, verdi\u011fi \u201ciyi eder\u201d insan\u0131\u2026 Bu kitab\u0131n ad\u0131 her ne kadar Annelik Sanat\u0131 olsa da; asl\u0131nda kad\u0131nlar\u0131n e\u015fleri i\u00e7in yaz\u0131ld\u0131&#8230; Annelerin \u00e7ocuklar\u0131 i\u00e7in\u2026 Bir annenin yaln\u0131zl\u0131\u011f\u0131n\u0131n derinli\u011fini g\u00f6rmek&#8230; Ona ger\u00e7ekten \u201ce\u015flik\u201d etmek\u2026 Ona e\u015flik ederken, onunla iyi olmak isteyenler i\u00e7in yaz\u0131ld\u0131\u2026 Bir kad\u0131n\u0131n \u00f6fkesinin \u00e7ocuksu zay\u0131fl\u0131klar\u0131n\u0131 \u00f6rtme \u00e7abas\u0131, k\u0131zg\u0131nl\u0131klar\u0131n\u0131nsa art\u0131k bunald\u0131\u011f\u0131n\u0131n i\u015fareti oldu\u011funu fark etmek isteyenler i\u00e7in yaz\u0131ld\u0131\u2026 Ve belki kendinin nas\u0131l bir anne oldu\u011funu aynada g\u00f6rmek isteyen anneler i\u00e7in yaz\u0131ld\u0131\u2026<\/p>","protected":false},"featured_media":22494,"template":"","meta":{"spay_email":""},"product_cat":[171],"product_tag":[],"item":[360],"acf":[],"_links":{"self":[{"href":"https:\/\/mgvpublications.com\/de\/wp-json\/wp\/v2\/product\/18527"}],"collection":[{"href":"https:\/\/mgvpublications.com\/de\/wp-json\/wp\/v2\/product"}],"about":[{"href":"https:\/\/mgvpublications.com\/de\/wp-json\/wp\/v2\/types\/product"}],"wp:featuredmedia":[{"embeddable":true,"href":"https:\/\/mgvpublications.com\/de\/wp-json\/wp\/v2\/media\/22494"}],"wp:attachment":[{"href":"https:\/\/mgvpublications.com\/de\/wp-json\/wp\/v2\/media?parent=18527"}],"wp:term":[{"taxonomy":"product_cat","embeddable":true,"href":"https:\/\/mgvpublications.com\/de\/wp-json\/wp\/v2\/product_cat?post=18527"},{"taxonomy":"product_tag","embeddable":true,"href":"https:\/\/mgvpublications.com\/de\/wp-json\/wp\/v2\/product_tag?post=18527"},{"taxonomy":"item","embeddable":true,"href":"https:\/\/mgvpublications.com\/de\/wp-json\/wp\/v2\/item?post=18527"}],"curies":[{"name":"wp","href":"https:\/\/api.w.org\/{rel}","templated":true}]}}