{"id":18523,"date":"2021-05-04T22:20:15","date_gmt":"2021-05-04T20:20:15","guid":{"rendered":"https:\/\/mgvpublications.com\/produkt\/affet-beni-allahim-bir-deistin-gozyaslari\/"},"modified":"2022-03-08T22:51:53","modified_gmt":"2022-03-08T21:51:53","slug":"affet-beni-allahim-bir-deistin-gozyaslari","status":"publish","type":"product","link":"https:\/\/mgvpublications.com\/de\/affet-beni-allahim-bir-deistin-gozyaslari\/","title":{"rendered":"Affet Beni Allah\u2019\u0131m Bir Deistin G\u00f6zya\u015flar\u0131"},"content":{"rendered":"<p>Yay\u0131n Tarihi: 12.11.2020<br \/>ISBN: 9786051833491<br \/>Dil: T\u00dcRK\u00c7E<br \/>Sayfa Say\u0131s\u0131: 216<br \/>Cilt Tipi: Karton Kapak<br \/>Ka\u011f\u0131t Cinsi: Kitap Ka\u011f\u0131d\u0131<br \/>Boyut: 13.5 x 21 cm<\/p>","protected":false},"excerpt":{"rendered":"<p>\u00d6ks\u00fcz ve yetim b\u00fcy\u00fcd\u00fc\u011f\u00fcm bu hayat yolunda, b\u00fct\u00fcn manevi de\u011ferlerimi yitirmi\u015ftim. Darmada\u011f\u0131n olmu\u015f zihnimle Allah\u2019\u0131 unutmu\u015f, ateizmle yat\u0131yor, deizmle kalk\u0131yordum. \u00d6yle ki hi\u00e7 durmadan varl\u0131\u011f\u0131m\u0131 sorgulamaktayd\u0131m: \u201cBen kimim?\u201d \u201cNereden geldim? Nereye gidiyorum?\u201d \u201cBu hayat\u0131n anlam\u0131 ne?\u201d \u201cGer\u00e7ekten bu \u00e2lemin bir yarat\u0131c\u0131s\u0131 var m\u0131?\u201d Art\u0131k \u015f\u00fcpheler ve \u00e7eli\u015fkiler r\u00fczg\u00e2r\u0131n\u0131n \u00f6n\u00fcnde kurumu\u015f bir yaprak gibi savruluyordum. Tam pes etti\u011fim anda kar\u015f\u0131ma \u00e7\u0131km\u0131\u015ft\u0131, o esrarengiz adam\u2026 Sanki efsunlu bir kalem, g\u00f6zya\u015f\u0131yla yo\u011frulmu\u015f hayat hik\u00e2yemi yeniden yazmaya ba\u015flam\u0131\u015ft\u0131. *** Bu kitap, deizm ve ateizm yolunda inanc\u0131n\u0131 yitiren bir gencin, y\u00fcrek burkan ya\u015fanm\u0131\u015f hik\u00e2yesidir<\/p>","protected":false},"featured_media":20209,"template":"","meta":{"spay_email":""},"product_cat":[168],"product_tag":[],"item":[732],"acf":[],"_links":{"self":[{"href":"https:\/\/mgvpublications.com\/de\/wp-json\/wp\/v2\/product\/18523"}],"collection":[{"href":"https:\/\/mgvpublications.com\/de\/wp-json\/wp\/v2\/product"}],"about":[{"href":"https:\/\/mgvpublications.com\/de\/wp-json\/wp\/v2\/types\/product"}],"wp:featuredmedia":[{"embeddable":true,"href":"https:\/\/mgvpublications.com\/de\/wp-json\/wp\/v2\/media\/20209"}],"wp:attachment":[{"href":"https:\/\/mgvpublications.com\/de\/wp-json\/wp\/v2\/media?parent=18523"}],"wp:term":[{"taxonomy":"product_cat","embeddable":true,"href":"https:\/\/mgvpublications.com\/de\/wp-json\/wp\/v2\/product_cat?post=18523"},{"taxonomy":"product_tag","embeddable":true,"href":"https:\/\/mgvpublications.com\/de\/wp-json\/wp\/v2\/product_tag?post=18523"},{"taxonomy":"item","embeddable":true,"href":"https:\/\/mgvpublications.com\/de\/wp-json\/wp\/v2\/item?post=18523"}],"curies":[{"name":"wp","href":"https:\/\/api.w.org\/{rel}","templated":true}]}}