{"id":18517,"date":"2021-05-04T22:20:14","date_gmt":"2021-05-04T20:20:14","guid":{"rendered":"https:\/\/mgvpublications.com\/produkt\/fususul-hikem-ve-mesnevide-insan-i-kamil\/"},"modified":"2022-03-08T22:51:53","modified_gmt":"2022-03-08T21:51:53","slug":"fususul-hikem-ve-mesnevide-insan-i-kamil","status":"publish","type":"product","link":"https:\/\/mgvpublications.com\/de\/fususul-hikem-ve-mesnevide-insan-i-kamil\/","title":{"rendered":"Fususu&#8217;l-Hikem ve Mesnevi&#8217;de \u0130nsan-\u0131 Kamil"},"content":{"rendered":"<p>Yay\u0131n Tarihi: 24.11.2017<br \/>ISBN: 9789755745879<br \/>Dil: T\u00dcRK\u00c7E<br \/>Sayfa Say\u0131s\u0131: 380<br \/>Cilt Tipi: Karton Kapak<br \/>Ka\u011f\u0131t Cinsi: Kitap Ka\u011f\u0131d\u0131<br \/>Boyut: 13.5 x 21 cm<\/p>","protected":false},"excerpt":{"rendered":"<p>&#8220;\u00c2rif&#8217;in kalbi geni\u015fleyerek \u00f6yle bir mertebeye ula\u015f\u0131r ki i\u00e7indeki \u015feyler de d\u00e2hil ar\u015f\u0131n y\u00fcz milyon kat\u0131 geni\u015fli\u011finde bir \u015fey, \u00e2rifin kalbinin k\u00f6\u015felerinden bir k\u00f6\u015fede bulunsayd\u0131 \u00e2rif onu hissetmezdi&#8230; \u00c7\u00fcnk\u00fc yere g\u00f6\u011fe s\u0131\u011fmad\u0131\u011f\u0131 bildirilen Hakk&#8217;\u0131, \u00e2rifin kalbi isti\u00e2b etmi\u015fken ve bu ilgili kuds\u00ee hadisin i\u015faretiyle sabit iken kalp yine de kanmam\u0131\u015ft\u0131r&#8230; O halde Hakk&#8217;\u0131 s\u0131\u011fd\u0131ran \u00e2rifin kalbi Hakk&#8217;\u0131n vas\u0131flar\u0131ndan ve mahl\u00fbk?t\u0131ndan daralmaz.&#8221; &#8220;O halde ey dinleyen! \u0130\u015f (emr) nas\u0131l olur&#8221; &#8220;&#8230; \u015eu halde sen varl\u0131\u011f\u0131n\u0131 bil, sen kimsin? Asl\u0131n nedir? Hakk&#8217;a nisbetin nedir? Sen neyle Hak&#8217;s\u0131n ve neyle \u00e2lemsin? Ni\u00e7in m\u00e2siv\u00e2s\u0131n ve Hak&#8217;tan ayr\u0131s\u0131n? Bu ve benzeri sorularla kendi durumunu sorgula ve ara\u015ft\u0131r.&#8221; (\u0130bn\u00fc&#8217;l-Arab\u00ee) &#8220;Bir can ki olgunla\u015f\u0131r da son mertebeyi (:m\u00fcnteh\u00e2y\u0131) a\u015f\u0131nca; art\u0131k her \u015feyin can\u0131, ona itaat eder hale gelir; ku\u015f, bal\u0131k, in, cin, insan&#8230; Hepsi ona itaat ederler; \u00e7\u00fcnk\u00fc o \u00fcst\u00fcnl\u00fcktedir, \u00f6b\u00fcrleri noksanl\u0131ktad\u0131r&#8230;&#8221; &#8220;K\u0131yamete kadar onun (:k\u00e2mil insan\u0131n) vasf\u0131n\u0131 s\u00f6yleyip \u00f6vsem, t\u00fckenmez. Benden bu \u00f6vg\u00fcye bir nihayet ve son beyit isteme. Has\u0131l\u0131 o, be\u015fer s\u00fbretinde esas varl\u0131\u011f\u0131n\u0131 gizleyen bir g\u00fcne\u015ftir. Art\u0131k anlay\u0131ver. Do\u011frusunu Allah daha iyi bilir.&#8221; (Mevl\u00e2n\u00e2 Cel\u00e2ledd\u00een) Tasavvuf\u00ee d\u00fc\u015f\u00fcnce gelene\u011finin \u00fczerinde durdu\u011fu temel konulardan biri olan ins\u00e2n-\u0131 k\u00e2mil konusunu, s\u00fbf\u00ee gelene\u011fin irf\u00e2n ve a\u015fk mekteplerini \u015fah\u0131slar\u0131nda tebell\u00fcr ettiren iki d\u00fc\u015f\u00fcn\u00fcr\u00fcn, Sult\u00e2nu&#8217;l-\u00c2rif\u00een \u0130bn\u00fc&#8217;l-Arab\u00ee&#8217;nin ve Kutbu&#8217;l-\u00c2\u015f\u0131k\u00een Mevl\u00e2n\u00e2&#8217;n\u0131n d\u00fc\u015f\u00fcncelerinden hareketle ortaya koymaya \u00e7al\u0131\u015fan elinizdeki eser, insan do\u011fas\u0131n\u0131n rasyonel ve analitik akl\u0131n ver\u00e2s\u0131ndaki imk\u00e2nlar\u0131na i\u015faret etmekte; k\u00e2in\u00e2t\u0131n gizemli fihristi olarak g\u00f6r\u00fclen insan\u0131n, ancak ke\u015ff ve m\u00fc\u015f\u00e2hedeyle n\u00fcf\u00fbz edilebilen varl\u0131k katmanlar\u0131na ve istidatlar\u0131n\u0131n neler oldu\u011funa dair tesbitlerini i\u00e7ermektedir.<\/p>","protected":false},"featured_media":18894,"template":"","meta":{"spay_email":""},"product_cat":[174],"product_tag":[],"item":[503],"acf":[],"_links":{"self":[{"href":"https:\/\/mgvpublications.com\/de\/wp-json\/wp\/v2\/product\/18517"}],"collection":[{"href":"https:\/\/mgvpublications.com\/de\/wp-json\/wp\/v2\/product"}],"about":[{"href":"https:\/\/mgvpublications.com\/de\/wp-json\/wp\/v2\/types\/product"}],"wp:featuredmedia":[{"embeddable":true,"href":"https:\/\/mgvpublications.com\/de\/wp-json\/wp\/v2\/media\/18894"}],"wp:attachment":[{"href":"https:\/\/mgvpublications.com\/de\/wp-json\/wp\/v2\/media?parent=18517"}],"wp:term":[{"taxonomy":"product_cat","embeddable":true,"href":"https:\/\/mgvpublications.com\/de\/wp-json\/wp\/v2\/product_cat?post=18517"},{"taxonomy":"product_tag","embeddable":true,"href":"https:\/\/mgvpublications.com\/de\/wp-json\/wp\/v2\/product_tag?post=18517"},{"taxonomy":"item","embeddable":true,"href":"https:\/\/mgvpublications.com\/de\/wp-json\/wp\/v2\/item?post=18517"}],"curies":[{"name":"wp","href":"https:\/\/api.w.org\/{rel}","templated":true}]}}