{"id":18468,"date":"2021-05-03T10:45:21","date_gmt":"2021-05-03T08:45:21","guid":{"rendered":"https:\/\/mgvpublications.com\/?post_type=product&#038;p=18468"},"modified":"2023-05-03T22:42:36","modified_gmt":"2023-05-03T20:42:36","slug":"abdulaziz-kiransal-set-6-kitap","status":"publish","type":"product","link":"https:\/\/mgvpublications.com\/de\/abdulaziz-kiransal-set-6-kitap\/","title":{"rendered":"Abd\u00fclaziz K\u0131ran\u015fal Set (6 Kitap)"},"content":{"rendered":"<h6>Toplamda 6 Kitap<\/h6>\n<h6><\/h6>\n<ul>\n<li>\n<h6>Son Ok\u00e7ular Tepesi<\/h6>\n<\/li>\n<li class=\"book-detail-title\">\n<h6>M\u00fcsl\u00fcman Gen\u00e7lere<\/h6>\n<\/li>\n<li>\n<h6>Gen\u00e7ler i\u00e7in Sosyal Medya \u0130lmihali<\/h6>\n<\/li>\n<li class=\"book-detail-title\">\n<h6>M\u00fcsl\u00fcman Gen\u00e7ler \u0130\u00e7in \u0130rade Terbiyesi<\/h6>\n<\/li>\n<li class=\"book-detail-title\">\n<h6>Sehit Hasan El-Benna\u2019dan M\u00fcsl\u00fcman Gen\u00e7lere<\/h6>\n<\/li>\n<li>\n<h6>Asr-\u0131 Saadet&#8217;ten \u0130slam Davet\u00e7ilerine Dersler<\/h6>\n<\/li>\n<\/ul>","protected":false},"excerpt":{"rendered":"<h6>Toplamda 6 Kitap<\/h6>\n<h6><\/h6>\n<ul>\n<li>\n<h6>Son Ok\u00e7ular Tepesi<\/h6>\n<\/li>\n<li class=\"book-detail-title\">\n<h6>M\u00fcsl\u00fcman Gen\u00e7lere<\/h6>\n<\/li>\n<li>\n<h6>Gen\u00e7ler i\u00e7in Sosyal Medya \u0130lmihali<\/h6>\n<\/li>\n<li class=\"book-detail-title\">\n<h6>M\u00fcsl\u00fcman Gen\u00e7ler \u0130\u00e7in \u0130rade Terbiyesi<\/h6>\n<\/li>\n<li class=\"book-detail-title\">\n<h6>Sehit Hasan El-Benna\u2019dan M\u00fcsl\u00fcman Gen\u00e7lere<\/h6>\n<\/li>\n<li>\n<h6>Asr-\u0131 Saadet&#8217;ten \u0130slam Davet\u00e7ilerine Dersler<\/h6>\n<\/li>\n<\/ul>","protected":false},"featured_media":18470,"template":"","meta":{"spay_email":""},"product_cat":[169],"product_tag":[],"item":[335],"acf":[],"_links":{"self":[{"href":"https:\/\/mgvpublications.com\/de\/wp-json\/wp\/v2\/product\/18468"}],"collection":[{"href":"https:\/\/mgvpublications.com\/de\/wp-json\/wp\/v2\/product"}],"about":[{"href":"https:\/\/mgvpublications.com\/de\/wp-json\/wp\/v2\/types\/product"}],"wp:featuredmedia":[{"embeddable":true,"href":"https:\/\/mgvpublications.com\/de\/wp-json\/wp\/v2\/media\/18470"}],"wp:attachment":[{"href":"https:\/\/mgvpublications.com\/de\/wp-json\/wp\/v2\/media?parent=18468"}],"wp:term":[{"taxonomy":"product_cat","embeddable":true,"href":"https:\/\/mgvpublications.com\/de\/wp-json\/wp\/v2\/product_cat?post=18468"},{"taxonomy":"product_tag","embeddable":true,"href":"https:\/\/mgvpublications.com\/de\/wp-json\/wp\/v2\/product_tag?post=18468"},{"taxonomy":"item","embeddable":true,"href":"https:\/\/mgvpublications.com\/de\/wp-json\/wp\/v2\/item?post=18468"}],"curies":[{"name":"wp","href":"https:\/\/api.w.org\/{rel}","templated":true}]}}