{"id":18447,"date":"2021-05-03T10:45:23","date_gmt":"2021-05-03T08:45:23","guid":{"rendered":"https:\/\/mgvpublications.com\/?post_type=product&#038;p=18447"},"modified":"2025-04-27T00:46:05","modified_gmt":"2025-04-26T22:46:05","slug":"ali-haydar-haksal-set-toplamda-6-kitap","status":"publish","type":"product","link":"https:\/\/mgvpublications.com\/de\/ali-haydar-haksal-set-toplamda-6-kitap\/","title":{"rendered":"Ali Haydar Haksal Set (Toplamda 6 Kitap)"},"content":{"rendered":"<h6>Toplamda 6 Kitap&#8230;<\/h6>\n<h6><\/h6>\n<ul>\n<li>Kalemin Ucu<\/li>\n<li>Dolunay Bestesi<\/li>\n<li>Akif Duru\u015flu As\u0131m<\/li>\n<li>M\u00fcsl\u00fcmanca Duru\u015f<\/li>\n<li>Suriye Felaketin E\u015fi\u011fi<\/li>\n<li>Adaleti Ayakta Tutmak<\/li>\n<\/ul>","protected":false},"excerpt":{"rendered":"<h6>Toplamda 6 Kitap&#8230;<\/h6>\n<h6><\/h6>\n<ul>\n<li>Kalemin Ucu<\/li>\n<li>Dolunay Bestesi<\/li>\n<li>Akif Duru\u015flu As\u0131m<\/li>\n<li>M\u00fcsl\u00fcmanca Duru\u015f<\/li>\n<li>Suriye Felaketin E\u015fi\u011fi<\/li>\n<li>Adaleti Ayakta Tutmak<\/li>\n<\/ul>","protected":false},"featured_media":18461,"template":"","meta":{"spay_email":""},"product_cat":[169],"product_tag":[],"item":[335],"acf":[],"_links":{"self":[{"href":"https:\/\/mgvpublications.com\/de\/wp-json\/wp\/v2\/product\/18447"}],"collection":[{"href":"https:\/\/mgvpublications.com\/de\/wp-json\/wp\/v2\/product"}],"about":[{"href":"https:\/\/mgvpublications.com\/de\/wp-json\/wp\/v2\/types\/product"}],"wp:featuredmedia":[{"embeddable":true,"href":"https:\/\/mgvpublications.com\/de\/wp-json\/wp\/v2\/media\/18461"}],"wp:attachment":[{"href":"https:\/\/mgvpublications.com\/de\/wp-json\/wp\/v2\/media?parent=18447"}],"wp:term":[{"taxonomy":"product_cat","embeddable":true,"href":"https:\/\/mgvpublications.com\/de\/wp-json\/wp\/v2\/product_cat?post=18447"},{"taxonomy":"product_tag","embeddable":true,"href":"https:\/\/mgvpublications.com\/de\/wp-json\/wp\/v2\/product_tag?post=18447"},{"taxonomy":"item","embeddable":true,"href":"https:\/\/mgvpublications.com\/de\/wp-json\/wp\/v2\/item?post=18447"}],"curies":[{"name":"wp","href":"https:\/\/api.w.org\/{rel}","templated":true}]}}