{"id":18442,"date":"2021-04-25T11:54:16","date_gmt":"2021-04-25T09:54:16","guid":{"rendered":"https:\/\/mgvpublications.com\/?post_type=product&#038;p=18442"},"modified":"2022-04-08T06:21:13","modified_gmt":"2022-04-08T04:21:13","slug":"inanc-psikolojisi-ve-bilim-ruh-beyin-ve-akil-ucgeninde-insanoglu","status":"publish","type":"product","link":"https:\/\/mgvpublications.com\/de\/inanc-psikolojisi-ve-bilim-ruh-beyin-ve-akil-ucgeninde-insanoglu\/","title":{"rendered":"\u0130nan\u00e7 Psikolojisi ve Bilim Ruh, Beyin ve Ak\u0131l \u00dc\u00e7geninde \u0130nsano\u011flu"},"content":{"rendered":"<p>Kapak: Ravza K\u0131z\u0131ltu\u011f<br \/>Yay\u0131n Tarihi: 17.04.2019<br \/>ISBN: 9789752638655<br \/>Dil: T\u00dcRK\u00c7E<br \/>Sayfa Say\u0131s\u0131: 288<br \/>Cilt Tipi: Karton Kapak<br \/>Ka\u011f\u0131t Cinsi: Kitap Ka\u011f\u0131d\u0131<br \/>Boyut: 13.5 x 21 cm<\/p>","protected":false},"excerpt":{"rendered":"<p>\u0130NAN\u00c7LA \u0130LG\u0130L\u0130 PEK \u00c7OK SORUNUN CEVABI BU K\u0130TAPTA! \u201cDinsiz bilim topal, bilimsiz din k\u00f6rd\u00fcr\u2026\u201d (Albert Einstein) Modern d\u00fcnya, akl\u0131 ve bilimi yegane de\u011ferler say\u0131p kutsarken; inan\u00e7 konusunu bilim ile birlikte anmaktan, iki olguyu ayn\u0131 \u00e7izgide bulu\u015fturmaktan adeta ka\u00e7\u0131nd\u0131. Prof. Dr. Nevzat Tarhan bu kitapta inan\u00e7 konusuna ak\u0131l ve ele\u015ftirinin \u00f6n planda oldu\u011fu, dinler ve mezhepler \u00fcst\u00fc bir tutumla ve bilimsel bir y\u00f6ntemle yakla\u015f\u0131yor. Bunun \u00f6tesinde, sa\u011flam inanc\u0131n ve onun olu\u015fturdu\u011fu dini gelene\u011fin ruh sa\u011fl\u0131\u011f\u0131 i\u00e7in gereklili\u011fini vurguluyor. \u0130nan\u00e7 Psikolojisi, \u201cDinin kurallar\u0131 vard\u0131r, inanca dayan\u0131r. Bilim, do\u011fas\u0131 gere\u011fi b\u00fct\u00fcn kural ve inan\u00e7lar\u0131 reddeder. O halde bilim ve din asla birlikte d\u00fc\u015f\u00fcn\u00fclemez\u201d diyenlerin ezberlerini bozacak nitelikte\u2026 D\u00fcnyan\u0131n yarad\u0131l\u0131\u015f gayesi nedir? \u0130nanc\u0131n psikolojik sa\u011fl\u0131\u011fa etkileri nelerdir? Kan\u0131ta dayal\u0131 din nas\u0131l olur? \u0130nsan kendini hem \u00f6zg\u00fcr, hem de yarat\u0131c\u0131n\u0131n varl\u0131\u011f\u0131na teslim olmu\u015f hissedebilir mi? \u0130nan\u00e7 geni var m\u0131d\u0131r? Din bir tak\u0131nt\u0131 m\u0131d\u0131r? Ruh nas\u0131l bir programd\u0131r? Ruh, beyin, beden ili\u015fkisi nas\u0131l olur? Bilim ne zaman dinin alan\u0131na m\u00fcdahale eder? Dua ve ibadetin psikolojik ve fizyolojik faydalar\u0131 nelerdir?<\/p>","protected":false},"featured_media":23193,"template":"","meta":{"spay_email":""},"product_cat":[175],"product_tag":[],"item":[360],"acf":[],"_links":{"self":[{"href":"https:\/\/mgvpublications.com\/de\/wp-json\/wp\/v2\/product\/18442"}],"collection":[{"href":"https:\/\/mgvpublications.com\/de\/wp-json\/wp\/v2\/product"}],"about":[{"href":"https:\/\/mgvpublications.com\/de\/wp-json\/wp\/v2\/types\/product"}],"wp:featuredmedia":[{"embeddable":true,"href":"https:\/\/mgvpublications.com\/de\/wp-json\/wp\/v2\/media\/23193"}],"wp:attachment":[{"href":"https:\/\/mgvpublications.com\/de\/wp-json\/wp\/v2\/media?parent=18442"}],"wp:term":[{"taxonomy":"product_cat","embeddable":true,"href":"https:\/\/mgvpublications.com\/de\/wp-json\/wp\/v2\/product_cat?post=18442"},{"taxonomy":"product_tag","embeddable":true,"href":"https:\/\/mgvpublications.com\/de\/wp-json\/wp\/v2\/product_tag?post=18442"},{"taxonomy":"item","embeddable":true,"href":"https:\/\/mgvpublications.com\/de\/wp-json\/wp\/v2\/item?post=18442"}],"curies":[{"name":"wp","href":"https:\/\/api.w.org\/{rel}","templated":true}]}}