{"id":18440,"date":"2021-04-25T11:51:53","date_gmt":"2021-04-25T09:51:53","guid":{"rendered":"https:\/\/mgvpublications.com\/?post_type=product&#038;p=18440"},"modified":"2022-05-12T08:52:27","modified_gmt":"2022-05-12T06:52:27","slug":"son-siginak-aile-2","status":"publish","type":"product","link":"https:\/\/mgvpublications.com\/de\/son-siginak-aile-2\/","title":{"rendered":"Son S\u0131\u011f\u0131nak Aile"},"content":{"rendered":"<table>\n<tbody>\n<tr>\n<td>Yay\u0131n Tarihi:<\/td>\n<td>17.04.2020<\/td>\n<\/tr>\n<tr>\n<td>ISBN:<\/td>\n<td>9789752698765<\/td>\n<\/tr>\n<tr>\n<td>Dil:<\/td>\n<td>T\u00dcRK\u00c7E<\/td>\n<\/tr>\n<tr>\n<td>Sayfa Say\u0131s\u0131:<\/td>\n<td>192<\/td>\n<\/tr>\n<tr>\n<td>Cilt Tipi:<\/td>\n<td>Karton Kapak<\/td>\n<\/tr>\n<tr>\n<td>Ka\u011f\u0131t Cinsi:<\/td>\n<td>Kitap Ka\u011f\u0131d\u0131<\/td>\n<\/tr>\n<tr>\n<td>Boyut:<\/td>\n<td>13.5 x 21 cm<\/td>\n<\/tr>\n<\/tbody>\n<\/table>","protected":false},"excerpt":{"rendered":"<p>Evlili\u011fe haz\u0131r m\u0131y\u0131m?<br \/>\n\u2022 Ni\u00e7in evlenmeliyim?<br \/>\n\u2022 Fl\u00f6rts\u00fcz evlilik olur mu?<br \/>\n\u2022 A\u015fk olmadan evlilik y\u00fcr\u00fcr m\u00fc?<br \/>\n\u2022 E\u015fimi tan\u0131mak i\u00e7in ne yapmal\u0131y\u0131m?<br \/>\n\u2022 E\u015fimin ailesine nas\u0131l davranmal\u0131y\u0131m?<br \/>\n\u2022 E\u015fim beni aldat\u0131r m\u0131?<br \/>\n\u2022 Anne-babal\u0131k \u00f6\u011frenilir mi?<\/p>","protected":false},"featured_media":18441,"template":"","meta":{"spay_email":""},"product_cat":[175],"product_tag":[],"item":[732],"acf":[],"_links":{"self":[{"href":"https:\/\/mgvpublications.com\/de\/wp-json\/wp\/v2\/product\/18440"}],"collection":[{"href":"https:\/\/mgvpublications.com\/de\/wp-json\/wp\/v2\/product"}],"about":[{"href":"https:\/\/mgvpublications.com\/de\/wp-json\/wp\/v2\/types\/product"}],"wp:featuredmedia":[{"embeddable":true,"href":"https:\/\/mgvpublications.com\/de\/wp-json\/wp\/v2\/media\/18441"}],"wp:attachment":[{"href":"https:\/\/mgvpublications.com\/de\/wp-json\/wp\/v2\/media?parent=18440"}],"wp:term":[{"taxonomy":"product_cat","embeddable":true,"href":"https:\/\/mgvpublications.com\/de\/wp-json\/wp\/v2\/product_cat?post=18440"},{"taxonomy":"product_tag","embeddable":true,"href":"https:\/\/mgvpublications.com\/de\/wp-json\/wp\/v2\/product_tag?post=18440"},{"taxonomy":"item","embeddable":true,"href":"https:\/\/mgvpublications.com\/de\/wp-json\/wp\/v2\/item?post=18440"}],"curies":[{"name":"wp","href":"https:\/\/api.w.org\/{rel}","templated":true}]}}