{"id":18434,"date":"2021-04-25T11:46:26","date_gmt":"2021-04-25T09:46:26","guid":{"rendered":"https:\/\/mgvpublications.com\/?post_type=product&#038;p=18434"},"modified":"2022-03-08T22:51:51","modified_gmt":"2022-03-08T21:51:51","slug":"deli-tarla","status":"publish","type":"product","link":"https:\/\/mgvpublications.com\/de\/deli-tarla\/","title":{"rendered":"Deli Tarla"},"content":{"rendered":"<table>\n<tbody>\n<tr>\n<td>Yay\u0131n Tarihi:<\/td>\n<td>06.11.2020<\/td>\n<\/tr>\n<tr>\n<td>ISBN:<\/td>\n<td>9786050978490<\/td>\n<\/tr>\n<tr>\n<td>Dil:<\/td>\n<td>T\u00dcRK\u00c7E<\/td>\n<\/tr>\n<tr>\n<td>Sayfa Say\u0131s\u0131:<\/td>\n<td>192<\/td>\n<\/tr>\n<tr>\n<td>Cilt Tipi:<\/td>\n<td>Karton Kapak<\/td>\n<\/tr>\n<tr>\n<td>Ka\u011f\u0131t Cinsi:<\/td>\n<td>Kitap Ka\u011f\u0131d\u0131<\/td>\n<\/tr>\n<tr>\n<td>Boyut:<\/td>\n<td>13.5 x 19.5 cm<\/td>\n<\/tr>\n<\/tbody>\n<\/table>","protected":false},"excerpt":{"rendered":"<div class=\"top-block\">\n<div class=\"pr_description\">\n<div id=\"description_text\" class=\"readmore-js-section readmore-js-collapsed\"><span class=\"info__text\">Bazen hayat gizler kendini\u2026 S\u0131ms\u0131k\u0131 \u00e7ekilmi\u015f perdelerin ard\u0131na saklanan utanga\u00e7 evi\u00e7lerinde, kap\u0131lar\u0131n ard\u0131nda, g\u00fcne\u015fin terk etti\u011fi sokaklarda, o b\u0131y\u0131kalt\u0131 g\u00fcl\u00fc\u015flerde, m\u00fch\u00fcrlenmi\u015f a\u011f\u0131zlarda, y\u00fcze d\u00fc\u015fen g\u00f6lgelerde, ketum y\u00fcreklerde, harflerin k\u0131vr\u0131mlar\u0131nda, kelimelerin dilsizli\u011finde, sonsuz susu\u015flarda, hi\u00e7 d\u00fc\u015f\u00fclmeyen yollarda, hep beklenen a\u015fklarda, hi\u00e7 beklenmedik sonlarda gizler kendini hayat\u2026<\/p>\n<p>Ta ki bir yazar onu bulup \u00e7\u0131kar\u0131ncaya dek.<br \/>\nTa ki bir yazar onu bize anlat\u0131ncaya dek.<\/p>\n<p>\u015eermin Ya\u015far\u2019dan \u201cyeniden g\u00fclmeyi ba\u015farabilen insanlar\u0131n muammas\u0131\u201d i\u00e7in \u00f6yk\u00fcler. Deli Tarla gibi co\u015fkulu, beklenmedik ve merhamete muhta\u00e7\u2026<br \/>\n<\/span><\/div>\n<p><a class=\"readmore-js-toggle\" href=\"https:\/\/www.kitapyurdu.com\/kitap\/deli-tarla\/560674.html&amp;filter_name=deli tarla#\">devam\u0131n\u0131 oku<\/a><\/div>\n<\/div>\n<div class=\"bottom-block\">\n<div class=\"pr_attributes\"><\/div>\n<\/div>","protected":false},"featured_media":18435,"template":"","meta":{"spay_email":""},"product_cat":[168],"product_tag":[],"item":[563],"acf":[],"_links":{"self":[{"href":"https:\/\/mgvpublications.com\/de\/wp-json\/wp\/v2\/product\/18434"}],"collection":[{"href":"https:\/\/mgvpublications.com\/de\/wp-json\/wp\/v2\/product"}],"about":[{"href":"https:\/\/mgvpublications.com\/de\/wp-json\/wp\/v2\/types\/product"}],"wp:featuredmedia":[{"embeddable":true,"href":"https:\/\/mgvpublications.com\/de\/wp-json\/wp\/v2\/media\/18435"}],"wp:attachment":[{"href":"https:\/\/mgvpublications.com\/de\/wp-json\/wp\/v2\/media?parent=18434"}],"wp:term":[{"taxonomy":"product_cat","embeddable":true,"href":"https:\/\/mgvpublications.com\/de\/wp-json\/wp\/v2\/product_cat?post=18434"},{"taxonomy":"product_tag","embeddable":true,"href":"https:\/\/mgvpublications.com\/de\/wp-json\/wp\/v2\/product_tag?post=18434"},{"taxonomy":"item","embeddable":true,"href":"https:\/\/mgvpublications.com\/de\/wp-json\/wp\/v2\/item?post=18434"}],"curies":[{"name":"wp","href":"https:\/\/api.w.org\/{rel}","templated":true}]}}