{"id":18430,"date":"2021-05-03T10:45:30","date_gmt":"2021-05-03T08:45:30","guid":{"rendered":"https:\/\/mgvpublications.com\/?post_type=product&#038;p=18430"},"modified":"2022-03-08T22:51:51","modified_gmt":"2022-03-08T21:51:51","slug":"mehmet-yasar-kandemir-set-6-kitap","status":"publish","type":"product","link":"https:\/\/mgvpublications.com\/de\/mehmet-yasar-kandemir-set-6-kitap\/","title":{"rendered":"Mehmet Ya\u015far Kandemir Set (6 Kitap)"},"content":{"rendered":"<h6>Toplamda 6 Kitap&#8230;<\/h6>\n<h6><\/h6>\n<ul>\n<li>\u0130ki Cihan G\u00fcne\u015fi<\/li>\n<li>Can\u0131m Arzular Seni<\/li>\n<li>On Sekiz Bin Alemin Mustafa&#8217;s\u0131<\/li>\n<li>Can\u0131m Kurban Olsun Senin Yoluna<\/li>\n<li>Ad\u0131 G\u00fczel Kendi G\u00fczel Muhammed<\/li>\n<li>Peygamberimizin Hayat\u0131 &#8211; Gen\u00e7ler \u0130\u00e7in<\/li>\n<\/ul>","protected":false},"excerpt":{"rendered":"<h6>Toplamda 6 Kitap&#8230;<\/h6>\n<h6><\/h6>\n<ul>\n<li>\u0130ki Cihan G\u00fcne\u015fi<\/li>\n<li>Can\u0131m Arzular Seni<\/li>\n<li>On Sekiz Bin Alemin Mustafa&#8217;s\u0131<\/li>\n<li>Can\u0131m Kurban Olsun Senin Yoluna<\/li>\n<li>Ad\u0131 G\u00fczel Kendi G\u00fczel Muhammed<\/li>\n<li>Peygamberimizin Hayat\u0131 &#8211; Gen\u00e7ler \u0130\u00e7in<\/li>\n<\/ul>","protected":false},"featured_media":18467,"template":"","meta":{"spay_email":""},"product_cat":[169],"product_tag":[],"item":[363],"acf":[],"_links":{"self":[{"href":"https:\/\/mgvpublications.com\/de\/wp-json\/wp\/v2\/product\/18430"}],"collection":[{"href":"https:\/\/mgvpublications.com\/de\/wp-json\/wp\/v2\/product"}],"about":[{"href":"https:\/\/mgvpublications.com\/de\/wp-json\/wp\/v2\/types\/product"}],"wp:featuredmedia":[{"embeddable":true,"href":"https:\/\/mgvpublications.com\/de\/wp-json\/wp\/v2\/media\/18467"}],"wp:attachment":[{"href":"https:\/\/mgvpublications.com\/de\/wp-json\/wp\/v2\/media?parent=18430"}],"wp:term":[{"taxonomy":"product_cat","embeddable":true,"href":"https:\/\/mgvpublications.com\/de\/wp-json\/wp\/v2\/product_cat?post=18430"},{"taxonomy":"product_tag","embeddable":true,"href":"https:\/\/mgvpublications.com\/de\/wp-json\/wp\/v2\/product_tag?post=18430"},{"taxonomy":"item","embeddable":true,"href":"https:\/\/mgvpublications.com\/de\/wp-json\/wp\/v2\/item?post=18430"}],"curies":[{"name":"wp","href":"https:\/\/api.w.org\/{rel}","templated":true}]}}