{"id":18427,"date":"2021-05-03T10:45:39","date_gmt":"2021-05-03T08:45:39","guid":{"rendered":"https:\/\/mgvpublications.com\/?post_type=product&#038;p=18427"},"modified":"2022-03-08T22:51:50","modified_gmt":"2022-03-08T21:51:50","slug":"adem-gunes-set-6-kitap","status":"publish","type":"product","link":"https:\/\/mgvpublications.com\/de\/adem-gunes-set-6-kitap\/","title":{"rendered":"Adem G\u00fcne\u015f Set (6 Kitap)"},"content":{"rendered":"<p>Toplamda 6 Kitap&#8230;<\/p>\n<ul>\n<li>B\u0131rak ve Rahatla<\/li>\n<li>Aile \u0130le Ba\u011flanma Aidiyet<\/li>\n<li>\u00c7ocuk Neyi Neden Yapar?<\/li>\n<li>\u00c7ocuk Neyi Neden Yapar? 2<\/li>\n<li>Ergenlik D\u00f6neminde 100 Temel Kural<\/li>\n<li>Ad\u0131m Ad\u0131m \u00c7ocuklarda Cinsel E\u011fitim<\/li>\n<\/ul>","protected":false},"excerpt":{"rendered":"<h6>Toplamda 6 Kitap&#8230;<\/h6>\n<h6><\/h6>\n<ul>\n<li>B\u0131rak ve Rahatla<\/li>\n<li>Aile \u0130le Ba\u011flanma Aidiyet<\/li>\n<li>\u00c7ocuk Neyi Neden Yapar?<\/li>\n<li>\u00c7ocuk Neyi Neden Yapar? 2<\/li>\n<li>Ergenlik D\u00f6neminde 100 Temel Kural<\/li>\n<li>Ad\u0131m Ad\u0131m \u00c7ocuklarda Cinsel E\u011fitim<\/li>\n<\/ul>\n<h6><\/h6>","protected":false},"featured_media":18460,"template":"","meta":{"spay_email":""},"product_cat":[169],"product_tag":[],"item":[360],"acf":[],"_links":{"self":[{"href":"https:\/\/mgvpublications.com\/de\/wp-json\/wp\/v2\/product\/18427"}],"collection":[{"href":"https:\/\/mgvpublications.com\/de\/wp-json\/wp\/v2\/product"}],"about":[{"href":"https:\/\/mgvpublications.com\/de\/wp-json\/wp\/v2\/types\/product"}],"wp:featuredmedia":[{"embeddable":true,"href":"https:\/\/mgvpublications.com\/de\/wp-json\/wp\/v2\/media\/18460"}],"wp:attachment":[{"href":"https:\/\/mgvpublications.com\/de\/wp-json\/wp\/v2\/media?parent=18427"}],"wp:term":[{"taxonomy":"product_cat","embeddable":true,"href":"https:\/\/mgvpublications.com\/de\/wp-json\/wp\/v2\/product_cat?post=18427"},{"taxonomy":"product_tag","embeddable":true,"href":"https:\/\/mgvpublications.com\/de\/wp-json\/wp\/v2\/product_tag?post=18427"},{"taxonomy":"item","embeddable":true,"href":"https:\/\/mgvpublications.com\/de\/wp-json\/wp\/v2\/item?post=18427"}],"curies":[{"name":"wp","href":"https:\/\/api.w.org\/{rel}","templated":true}]}}