{"id":18426,"date":"2021-04-23T13:00:15","date_gmt":"2021-04-23T11:00:15","guid":{"rendered":"https:\/\/mgvpublications.com\/?post_type=product&#038;p=18426"},"modified":"2022-04-26T15:38:04","modified_gmt":"2022-04-26T13:38:04","slug":"ihsan-sureyya-sirma-set-6-kitap","status":"publish","type":"product","link":"https:\/\/mgvpublications.com\/de\/ihsan-sureyya-sirma-set-6-kitap\/","title":{"rendered":"\u0130hsan S\u00fcreyya S\u0131rma Set (6 Kitap)"},"content":{"rendered":"<h6>Toplamda 6 Kitap&#8230;<\/h6>\n<h6 class=\"pr_header__heading\"><\/h6>\n<ul>\n<li class=\"pr_header__heading\">Tarih \u015euuru<\/li>\n<li class=\"pr_header__heading\">Ah End\u00fcl\u00fcs<\/li>\n<li class=\"pr_header__heading\">Ha\u00e7l\u0131 Seferleri<\/li>\n<li class=\"pr_header__heading\">Abbasiler D\u00f6nemi<\/li>\n<li class=\"pr_header__heading\">\u0130slami Tebli\u011fin Medine D\u00f6nemi ve Cihad<\/li>\n<li class=\"pr_details\">\n<div class=\"pr_header\">\n<h6 class=\"pr_header__heading\">\u0130slami Tebli\u011fin Mekke D\u00f6nemi Ve \u0130\u015fkence<\/h6>\n<h6 class=\"pr_header__heading\"><\/h6>\n<h6 class=\"pr_header__heading\"><\/h6>\n<h6><\/h6>\n<\/div>\n<\/li>\n<\/ul>","protected":false},"excerpt":{"rendered":"<h6>Toplamda 6 Kitap&#8230;<\/h6>\n<h6 class=\"pr_header__heading\"><\/h6>\n<ul>\n<li class=\"pr_header__heading\">Tarih \u015euuru<\/li>\n<li class=\"pr_header__heading\">Ah End\u00fcl\u00fcs<\/li>\n<li class=\"pr_header__heading\">Ha\u00e7l\u0131 Seferleri<\/li>\n<li class=\"pr_header__heading\">Abbasiler D\u00f6nemi<\/li>\n<li class=\"pr_header__heading\">\u0130slami Tebli\u011fin Medine D\u00f6nemi ve Cihad<\/li>\n<li class=\"pr_details\">\n<div class=\"pr_header\">\n<h6 class=\"pr_header__heading\">\u0130slami Tebli\u011fin Mekke D\u00f6nemi Ve \u0130\u015fkence<\/h6>\n<h6 class=\"pr_header__heading\"><\/h6>\n<h6 class=\"pr_header__heading\"><\/h6>\n<h6><\/h6>\n<\/div>\n<\/li>\n<\/ul>","protected":false},"featured_media":19747,"template":"","meta":{"spay_email":""},"product_cat":[169],"product_tag":[],"item":[389],"acf":[],"_links":{"self":[{"href":"https:\/\/mgvpublications.com\/de\/wp-json\/wp\/v2\/product\/18426"}],"collection":[{"href":"https:\/\/mgvpublications.com\/de\/wp-json\/wp\/v2\/product"}],"about":[{"href":"https:\/\/mgvpublications.com\/de\/wp-json\/wp\/v2\/types\/product"}],"wp:featuredmedia":[{"embeddable":true,"href":"https:\/\/mgvpublications.com\/de\/wp-json\/wp\/v2\/media\/19747"}],"wp:attachment":[{"href":"https:\/\/mgvpublications.com\/de\/wp-json\/wp\/v2\/media?parent=18426"}],"wp:term":[{"taxonomy":"product_cat","embeddable":true,"href":"https:\/\/mgvpublications.com\/de\/wp-json\/wp\/v2\/product_cat?post=18426"},{"taxonomy":"product_tag","embeddable":true,"href":"https:\/\/mgvpublications.com\/de\/wp-json\/wp\/v2\/product_tag?post=18426"},{"taxonomy":"item","embeddable":true,"href":"https:\/\/mgvpublications.com\/de\/wp-json\/wp\/v2\/item?post=18426"}],"curies":[{"name":"wp","href":"https:\/\/api.w.org\/{rel}","templated":true}]}}