{"id":18421,"date":"2021-04-23T12:27:14","date_gmt":"2021-04-23T10:27:14","guid":{"rendered":"https:\/\/mgvpublications.com\/?post_type=product&#038;p=18421"},"modified":"2022-04-26T17:32:12","modified_gmt":"2022-04-26T15:32:12","slug":"ihya-u-ulumid-din-8-cilt-kucuk-boy","status":"publish","type":"product","link":"https:\/\/mgvpublications.com\/de\/ihya-u-ulumid-din-8-cilt-kucuk-boy\/","title":{"rendered":"\u0130hya-u Ulumi&#8217;d-Din (8 Cilt &#8211; K\u00fc\u00e7\u00fck Boy)"},"content":{"rendered":"<table>\n<tbody>\n<tr>\n<td>\u00c7evirmen:<\/td>\n<td><a href=\"https:\/\/www.kitapyurdu.com\/yazar\/mehmed-a-muftuoglu\/43682.html\" target=\"_blank\" rel=\"noopener\">Mehmed A. M\u00fcft\u00fco\u011flu<\/a><\/td>\n<\/tr>\n<tr>\n<td>ISBN:<\/td>\n<td>9786059844543<\/td>\n<\/tr>\n<tr>\n<td>Dil:<\/td>\n<td>T\u00dcRK\u00c7E<\/td>\n<\/tr>\n<tr>\n<td>Sayfa Say\u0131s\u0131:<\/td>\n<td>6548<\/td>\n<\/tr>\n<tr>\n<td>Cilt Tipi:<\/td>\n<td>Ciltli<\/td>\n<\/tr>\n<tr>\n<td>Ka\u011f\u0131t Cinsi:<\/td>\n<td>\u015eamuha Ka\u011f\u0131t<\/td>\n<\/tr>\n<tr>\n<td>Boyut:<\/td>\n<td>11.5 x 16.5 cm<\/td>\n<\/tr>\n<tr>\n<td>Di\u011fer \u00d6zellik:<\/td>\n<td>Fleksi Kapak<\/td>\n<\/tr>\n<\/tbody>\n<\/table>","protected":false},"excerpt":{"rendered":"<div class=\"top-block\">\n<div class=\"pr_description\">\n<div id=\"description_text\" class=\"readmore-js-section readmore-js-collapsed\"><span class=\"info__text\">\u0130mam-\u0131 Gaz\u00e2li, insanl\u0131k tarihinde nev\u2019i \u015fahs\u0131na m\u00fcnhas\u0131r b\u00fcy\u00fck bir \u0130slam m\u00fctefekkiridir. En m\u00fchim eseri de hi\u00e7 \u015f\u00fcphesiz ki \u0130HY\u00c2-U UL\u00dbM\u0130\u2019D-D\u00ceN\u2019dir. \u00c7\u00fcnk\u00fc \u0130slam tarihinde, ne \u015farkta ne de garpta bu mevzuda b\u00f6yle bir eser yaz\u0131lmam\u0131\u015ft\u0131r. Gaz\u00e2li hazretleri iki y\u00f6nden yenilenmeye giri\u015fmi\u015ftir:<\/p>\n<p>a. Felsefeyi tenkid etmek,<br \/>\nb. Kelam ilmini yeni bir tarzda arzetmek.<br \/>\nHazretin ikinci cephesini \u201c\u0130HYA\u201d adl\u0131 eseri temsil etmektedir. Zira \u2018\u0130HYA\u2019 m\u00fcsl\u00fcmanlar\u0131n hayat\u0131n\u0131 derinden etkileyen \u0130slami kaynaklar\u0131n ba\u015f\u0131nda gelir. Alimler ve tedkikciler onu \u00e7ok\u00e7a \u00f6vmektedir. \u00d6rne\u011fin; hadis haf\u0131z\u0131 imam Zeyneddin Ebul-Fazl el-Irak\u00ee [806 Milad.] \u201c\u0130HYA\u201d hakk\u0131nda \u015funlar\u0131 s\u00f6yler: \u201cO \u0130sl\u00e2m\u00ee kitaplar\u0131n b\u00fcy\u00fcklerindendir.\u201d<\/p>\n<p>Gaz\u00e2li\u2019nin mu\u00e2s\u0131r\u0131 ve \u0130mam\u0131 Haremeyn\u2019in talebesi \u015eeyh Abdul-Gaf\u0131r El-Faris\u00ee: \u201c\u0130HYA, Gaz\u00e2li\u2019nin e\u015fsiz eserlerindendir,\u201d der. \u015eeyh Ebu-Muhammed el-K\u00e2zer\u00fbn\u00ee: \u201cE\u011fer b\u00fct\u00fcn ilimler yok olsa, hepsi \u0130HYA\u2019dan \u00e7\u0131kabilir.\u201d der. \u0130mam Nevev\u00ee hazretleri \u201c\u0130HYA\u201d y\u0131 \u00e7ok be\u011fenir ve onu son derece takdir ederdi. Bu ve benzer s\u00f6zlerin m\u00fcbala\u011fadan ibaret oldu\u011funu farzetsek bile yine de bunlar en az\u0131ndan halk\u0131n bu kitab\u0131n tesirinde kald\u0131\u011f\u0131na delalet eder. Ayr\u0131ca alimlerin onu m\u00fctalaa etti\u011finin delilidir.<br \/>\n<\/span><\/div>\n<p><a class=\"readmore-js-toggle\" href=\"https:\/\/www.kitapyurdu.com\/kitap\/ihyau-ulumiddin-8-cilt--kucuk-boy\/397525.html&amp;filter_name=ihya u ulumiddin#\">devam\u0131n\u0131 oku<\/a><\/div>\n<\/div>\n<div class=\"bottom-block\">\n<div class=\"pr_attributes\"><\/div>\n<\/div>","protected":false},"featured_media":18422,"template":"","meta":{"spay_email":""},"product_cat":[174],"product_tag":[],"item":[404],"acf":[],"_links":{"self":[{"href":"https:\/\/mgvpublications.com\/de\/wp-json\/wp\/v2\/product\/18421"}],"collection":[{"href":"https:\/\/mgvpublications.com\/de\/wp-json\/wp\/v2\/product"}],"about":[{"href":"https:\/\/mgvpublications.com\/de\/wp-json\/wp\/v2\/types\/product"}],"wp:featuredmedia":[{"embeddable":true,"href":"https:\/\/mgvpublications.com\/de\/wp-json\/wp\/v2\/media\/18422"}],"wp:attachment":[{"href":"https:\/\/mgvpublications.com\/de\/wp-json\/wp\/v2\/media?parent=18421"}],"wp:term":[{"taxonomy":"product_cat","embeddable":true,"href":"https:\/\/mgvpublications.com\/de\/wp-json\/wp\/v2\/product_cat?post=18421"},{"taxonomy":"product_tag","embeddable":true,"href":"https:\/\/mgvpublications.com\/de\/wp-json\/wp\/v2\/product_tag?post=18421"},{"taxonomy":"item","embeddable":true,"href":"https:\/\/mgvpublications.com\/de\/wp-json\/wp\/v2\/item?post=18421"}],"curies":[{"name":"wp","href":"https:\/\/api.w.org\/{rel}","templated":true}]}}