{"id":18419,"date":"2021-04-23T12:25:37","date_gmt":"2021-04-23T10:25:37","guid":{"rendered":"https:\/\/mgvpublications.com\/?post_type=product&#038;p=18419"},"modified":"2025-04-26T19:14:44","modified_gmt":"2025-04-26T17:14:44","slug":"islami-tebligin-mekke-donemi-ve-iskence","status":"publish","type":"product","link":"https:\/\/mgvpublications.com\/de\/islami-tebligin-mekke-donemi-ve-iskence\/","title":{"rendered":"\u0130slami Tebli\u011fin Mekke D\u00f6nemi Ve \u0130\u015fkence"},"content":{"rendered":"<table>\n<tbody>\n<tr>\n<td>Yay\u0131n Tarihi:<\/td>\n<td>07.04.2021<\/td>\n<\/tr>\n<tr>\n<td>ISBN:<\/td>\n<td>9789754730036<\/td>\n<\/tr>\n<tr>\n<td>Dil:<\/td>\n<td>T\u00dcRK\u00c7E<\/td>\n<\/tr>\n<tr>\n<td>Sayfa Say\u0131s\u0131:<\/td>\n<td>144<\/td>\n<\/tr>\n<tr>\n<td>Cilt Tipi:<\/td>\n<td>Karton Kapak<\/td>\n<\/tr>\n<tr>\n<td>Ka\u011f\u0131t Cinsi:<\/td>\n<td>Kitap Ka\u011f\u0131d\u0131<\/td>\n<\/tr>\n<tr>\n<td>Boyut:<\/td>\n<td>13.5 x 21 cm<\/td>\n<\/tr>\n<\/tbody>\n<\/table>","protected":false},"excerpt":{"rendered":"<div class=\"top-block\">\n<div class=\"pr_description\">\n<div id=\"description_text\"><span class=\"info__text\">Hz. Adem ile ba\u015flayan \u0130slam tebli\u011f tarihi, yani insanl\u0131k tarihi, O&#8217;nun o\u011fullar\u0131 Habil ve Kabil zaman\u0131nda iki kutba ayr\u0131lm\u0131\u015f ve bu iki kutup g\u00fcn\u00fcm\u00fcze kadar gelmi\u015ftir, k\u0131yamete kadar da s\u00fcrecektir. Bu iki kutup Hakk ile Bat\u0131l kutuplar\u0131d\u0131r.<br \/>\nHabil kutbunda olanlar daima Hakk&#8217;\u0131 yani Allah davas\u0131n\u0131, Kabil kutbunda olanlar da daima Ta\u011fut&#8217;u veya Allah d\u00fc\u015fmanl\u0131\u011f\u0131n\u0131 savunmu\u015flard\u0131r. Allah davas\u0131n\u0131 savunanlar daima tebli\u011f, Ta\u011fut davas\u0131n\u0131 g\u00fcdenler de daima bu tebli\u011f edenlere i\u015fkence yapm\u0131\u015flard\u0131r.<br \/>\n<\/span><\/div>\n<\/div>\n<\/div>\n<div class=\"bottom-block\">\n<div class=\"pr_attributes\"><\/div>\n<\/div>","protected":false},"featured_media":18420,"template":"","meta":{"spay_email":""},"product_cat":[174,170],"product_tag":[],"item":[389],"acf":[],"_links":{"self":[{"href":"https:\/\/mgvpublications.com\/de\/wp-json\/wp\/v2\/product\/18419"}],"collection":[{"href":"https:\/\/mgvpublications.com\/de\/wp-json\/wp\/v2\/product"}],"about":[{"href":"https:\/\/mgvpublications.com\/de\/wp-json\/wp\/v2\/types\/product"}],"wp:featuredmedia":[{"embeddable":true,"href":"https:\/\/mgvpublications.com\/de\/wp-json\/wp\/v2\/media\/18420"}],"wp:attachment":[{"href":"https:\/\/mgvpublications.com\/de\/wp-json\/wp\/v2\/media?parent=18419"}],"wp:term":[{"taxonomy":"product_cat","embeddable":true,"href":"https:\/\/mgvpublications.com\/de\/wp-json\/wp\/v2\/product_cat?post=18419"},{"taxonomy":"product_tag","embeddable":true,"href":"https:\/\/mgvpublications.com\/de\/wp-json\/wp\/v2\/product_tag?post=18419"},{"taxonomy":"item","embeddable":true,"href":"https:\/\/mgvpublications.com\/de\/wp-json\/wp\/v2\/item?post=18419"}],"curies":[{"name":"wp","href":"https:\/\/api.w.org\/{rel}","templated":true}]}}