{"id":18416,"date":"2021-04-23T12:20:01","date_gmt":"2021-04-23T10:20:01","guid":{"rendered":"https:\/\/mgvpublications.com\/?post_type=product&#038;p=18416"},"modified":"2022-03-08T22:51:48","modified_gmt":"2022-03-08T21:51:48","slug":"edebud-dunya-ved-din-termo-deri-cilt","status":"publish","type":"product","link":"https:\/\/mgvpublications.com\/de\/edebud-dunya-ved-din-termo-deri-cilt\/","title":{"rendered":"Edeb\u00fc\u2019d D\u00fcnya ve\u2019d Din (Termo Deri Cilt)"},"content":{"rendered":"<table>\n<tbody>\n<tr>\n<td>\u00c7evirmen:<\/td>\n<td><a href=\"https:\/\/www.kitapyurdu.com\/yazar\/yrd-doc-dr-halit-zavalsiz\/42758.html\" target=\"_blank\" rel=\"noopener\">Yrd. Do\u00e7. Dr. Halit Zavals\u0131z<\/a><\/td>\n<\/tr>\n<tr>\n<td>Yay\u0131n Tarihi:<\/td>\n<td>12.11.2020<\/td>\n<\/tr>\n<tr>\n<td>ISBN:<\/td>\n<td>9786057850201<\/td>\n<\/tr>\n<tr>\n<td>Dil:<\/td>\n<td>T\u00dcRK\u00c7E<\/td>\n<\/tr>\n<tr>\n<td>Sayfa Say\u0131s\u0131:<\/td>\n<td>816<\/td>\n<\/tr>\n<tr>\n<td>Cilt Tipi:<\/td>\n<td>Ciltli<\/td>\n<\/tr>\n<tr>\n<td>Ka\u011f\u0131t Cinsi:<\/td>\n<td>Kitap Ka\u011f\u0131d\u0131<\/td>\n<\/tr>\n<tr>\n<td>Boyut:<\/td>\n<td>15.5 x 23.5 cm<\/td>\n<\/tr>\n<\/tbody>\n<\/table>","protected":false},"excerpt":{"rendered":"<p>Kendisinden sonra gelecek \u0130m\u00e2m Gazal\u00ee ve Hat\u00eeb el-Ba\u011fdad\u00ee gibi b\u00fcy\u00fck isimleri etkilemi\u015f olan \u0130m\u00e2m M\u00e2verd\u00ee&#8217;nin, fakih titizli\u011fiyle yaz\u0131p y\u00fczlerce hikmetli s\u00f6z ve \u015fiirle s\u00fcsledi\u011fi ahlak, siyaset ve \u00f6\u011f\u00fct kitab\u0131d\u0131r.<br \/>\nM\u00e2verd\u00ee \u00fcst\u00fcn zek\u00e2s\u0131, tevazusu, feraseti ve edebiyle \u00f6v\u00fclm\u00fc\u015f; eseri \u0130bn\u00fc&#8217;l-Cevz\u00ee, \u0130m\u00e2m Zeheb\u00ee, \u0130bni Hacer gibi b\u00fcy\u00fck \u00e2limler taraf\u0131ndan tam g\u00fcvenle tavsiye edilmi\u015ftir.<br \/>\nAhlak k\u00fct\u00fcphanesinin ba\u015ftac\u0131 bu eser, nefis bir terc\u00fcmeyle \u015fimdi T\u00fcrk\u00e7e&#8217;de.<\/p>","protected":false},"featured_media":18417,"template":"","meta":{"spay_email":""},"product_cat":[174],"product_tag":[],"item":[363],"acf":[],"_links":{"self":[{"href":"https:\/\/mgvpublications.com\/de\/wp-json\/wp\/v2\/product\/18416"}],"collection":[{"href":"https:\/\/mgvpublications.com\/de\/wp-json\/wp\/v2\/product"}],"about":[{"href":"https:\/\/mgvpublications.com\/de\/wp-json\/wp\/v2\/types\/product"}],"wp:featuredmedia":[{"embeddable":true,"href":"https:\/\/mgvpublications.com\/de\/wp-json\/wp\/v2\/media\/18417"}],"wp:attachment":[{"href":"https:\/\/mgvpublications.com\/de\/wp-json\/wp\/v2\/media?parent=18416"}],"wp:term":[{"taxonomy":"product_cat","embeddable":true,"href":"https:\/\/mgvpublications.com\/de\/wp-json\/wp\/v2\/product_cat?post=18416"},{"taxonomy":"product_tag","embeddable":true,"href":"https:\/\/mgvpublications.com\/de\/wp-json\/wp\/v2\/product_tag?post=18416"},{"taxonomy":"item","embeddable":true,"href":"https:\/\/mgvpublications.com\/de\/wp-json\/wp\/v2\/item?post=18416"}],"curies":[{"name":"wp","href":"https:\/\/api.w.org\/{rel}","templated":true}]}}