{"id":18414,"date":"2021-04-23T12:17:12","date_gmt":"2021-04-23T10:17:12","guid":{"rendered":"https:\/\/mgvpublications.com\/?post_type=product&#038;p=18414"},"modified":"2022-04-07T14:40:14","modified_gmt":"2022-04-07T12:40:14","slug":"el-edebul-mufred-2-cilt-termo-deri","status":"publish","type":"product","link":"https:\/\/mgvpublications.com\/de\/el-edebul-mufred-2-cilt-termo-deri\/","title":{"rendered":"El-Edeb\u00fc&#8217;l M\u00fcfred (2 Cilt &#8211; Termo Deri)"},"content":{"rendered":"<table>\n<tbody>\n<tr>\n<td>Derleyici:<\/td>\n<td><a href=\"https:\/\/www.kitapyurdu.com\/yazar\/prof-dr-mehmet-yasar-kandemir\/142418.html\" target=\"_blank\" rel=\"noopener\">Prof. Dr. Mehmet Ya\u015far Kandemir<\/a><\/td>\n<\/tr>\n<tr>\n<td>Yay\u0131n Tarihi:<\/td>\n<td>12.11.2020<\/td>\n<\/tr>\n<tr>\n<td>ISBN:<\/td>\n<td>9786059494120<\/td>\n<\/tr>\n<tr>\n<td>Dil:<\/td>\n<td>T\u00dcRK\u00c7E<\/td>\n<\/tr>\n<tr>\n<td>Sayfa Say\u0131s\u0131:<\/td>\n<td>1488<\/td>\n<\/tr>\n<tr>\n<td>Cilt Tipi:<\/td>\n<td>Ciltli<\/td>\n<\/tr>\n<tr>\n<td>Ka\u011f\u0131t Cinsi:<\/td>\n<td>\u015eamuha Ka\u011f\u0131t<\/td>\n<\/tr>\n<tr>\n<td>Boyut:<\/td>\n<td>15.5 x 23.5 cm<\/td>\n<\/tr>\n<\/tbody>\n<\/table>","protected":false},"excerpt":{"rendered":"<p>S\u00fcnnet-i nebev\u00eenin kandili \u0130mam Buhar\u00ee&#8217;nin y\u00fczy\u0131llard\u0131r ba\u015fucu kitaplar\u0131ndan biri olarak okunan, \u00f6\u011frenilen ve uygulanan el-Edeb\u00fc&#8217;l-M\u00fcfred titiz bir \u00e7al\u0131\u015fmayla iki cilt h\u00e2linde yay\u0131nland\u0131. Hadis-i \u015feriflerin \u0131\u015f\u0131\u011f\u0131n\u0131 aktaran en \u00f6nemli kaynaklardan biri olarak g\u00f6r\u00fclen eserde k\u0131sa a\u00e7\u0131klamalarla izah edilen \u00e7ok say\u0131da konu ba\u015fl\u0131\u011f\u0131nda y\u00fczlerce hadis bulunuyor ve ad\u0131 ge\u00e7en sahabilerin hayat\u0131 hakk\u0131nda da bilgiler yer al\u0131yor.<\/p>","protected":false},"featured_media":18415,"template":"","meta":{"spay_email":""},"product_cat":[174],"product_tag":[],"item":[363],"acf":[],"_links":{"self":[{"href":"https:\/\/mgvpublications.com\/de\/wp-json\/wp\/v2\/product\/18414"}],"collection":[{"href":"https:\/\/mgvpublications.com\/de\/wp-json\/wp\/v2\/product"}],"about":[{"href":"https:\/\/mgvpublications.com\/de\/wp-json\/wp\/v2\/types\/product"}],"wp:featuredmedia":[{"embeddable":true,"href":"https:\/\/mgvpublications.com\/de\/wp-json\/wp\/v2\/media\/18415"}],"wp:attachment":[{"href":"https:\/\/mgvpublications.com\/de\/wp-json\/wp\/v2\/media?parent=18414"}],"wp:term":[{"taxonomy":"product_cat","embeddable":true,"href":"https:\/\/mgvpublications.com\/de\/wp-json\/wp\/v2\/product_cat?post=18414"},{"taxonomy":"product_tag","embeddable":true,"href":"https:\/\/mgvpublications.com\/de\/wp-json\/wp\/v2\/product_tag?post=18414"},{"taxonomy":"item","embeddable":true,"href":"https:\/\/mgvpublications.com\/de\/wp-json\/wp\/v2\/item?post=18414"}],"curies":[{"name":"wp","href":"https:\/\/api.w.org\/{rel}","templated":true}]}}