{"id":18412,"date":"2021-04-23T12:12:48","date_gmt":"2021-04-23T10:12:48","guid":{"rendered":"https:\/\/mgvpublications.com\/?post_type=product&#038;p=18412"},"modified":"2025-04-26T18:13:07","modified_gmt":"2025-04-26T16:13:07","slug":"semail-i-serif-serhi-3-cilt-ciltli","status":"publish","type":"product","link":"https:\/\/mgvpublications.com\/de\/semail-i-serif-serhi-3-cilt-ciltli\/","title":{"rendered":"\u015eemail-i \u015eerif \u015eerhi (3 Cilt &#8211; Ciltli)"},"content":{"rendered":"<table>\n<tbody>\n<tr>\n<td>Derleyici:<\/td>\n<td><a href=\"https:\/\/www.kitapyurdu.com\/yazar\/prof-dr-mehmet-yasar-kandemir\/142418.html\" target=\"_blank\" rel=\"noopener\">Prof. Dr. Mehmet Ya\u015far Kandemir<\/a><\/td>\n<\/tr>\n<tr>\n<td>Yay\u0131n Tarihi:<\/td>\n<td>23.07.2020<\/td>\n<\/tr>\n<tr>\n<td>ISBN:<\/td>\n<td>9786059494083<\/td>\n<\/tr>\n<tr>\n<td>Dil:<\/td>\n<td>T\u00dcRK\u00c7E<\/td>\n<\/tr>\n<tr>\n<td>Sayfa Say\u0131s\u0131:<\/td>\n<td>1550<\/td>\n<\/tr>\n<tr>\n<td>Cilt Tipi:<\/td>\n<td>Ciltli<\/td>\n<\/tr>\n<tr>\n<td>Ka\u011f\u0131t Cinsi:<\/td>\n<td>\u015eamuha Ka\u011f\u0131t<\/td>\n<\/tr>\n<tr>\n<td>Boyut:<\/td>\n<td>16.5 x 23.5 cm<\/td>\n<\/tr>\n<\/tbody>\n<\/table>","protected":false},"excerpt":{"rendered":"<p>\u00d6mr\u00fcn\u00fc sevgililer sevgilisini anlatmaya adayan Mehmet Ya\u015far Kandemir hoca efendiden yeni bir \u015faheser daha.<br \/>\nPeygamber&#8217;imizi anlatan en kapsaml\u0131 \u00e7al\u0131\u015fmalardan ve \u0130slam tarihinde kaleme al\u0131nm\u0131\u015f g\u00fczide eserlerden \u015eem\u00e2il-i \u015eer\u00eef, titiz bir T\u00fcrk\u00e7e ve yo\u011fun bir emekle haz\u0131rland\u0131. \u015eimdi zarif bir bask\u0131yla k\u00fct\u00fcphanelerde yerini al\u0131yor.<\/p>","protected":false},"featured_media":18413,"template":"","meta":{"spay_email":""},"product_cat":[174],"product_tag":[],"item":[363],"acf":[],"_links":{"self":[{"href":"https:\/\/mgvpublications.com\/de\/wp-json\/wp\/v2\/product\/18412"}],"collection":[{"href":"https:\/\/mgvpublications.com\/de\/wp-json\/wp\/v2\/product"}],"about":[{"href":"https:\/\/mgvpublications.com\/de\/wp-json\/wp\/v2\/types\/product"}],"wp:featuredmedia":[{"embeddable":true,"href":"https:\/\/mgvpublications.com\/de\/wp-json\/wp\/v2\/media\/18413"}],"wp:attachment":[{"href":"https:\/\/mgvpublications.com\/de\/wp-json\/wp\/v2\/media?parent=18412"}],"wp:term":[{"taxonomy":"product_cat","embeddable":true,"href":"https:\/\/mgvpublications.com\/de\/wp-json\/wp\/v2\/product_cat?post=18412"},{"taxonomy":"product_tag","embeddable":true,"href":"https:\/\/mgvpublications.com\/de\/wp-json\/wp\/v2\/product_tag?post=18412"},{"taxonomy":"item","embeddable":true,"href":"https:\/\/mgvpublications.com\/de\/wp-json\/wp\/v2\/item?post=18412"}],"curies":[{"name":"wp","href":"https:\/\/api.w.org\/{rel}","templated":true}]}}