{"id":18408,"date":"2021-04-23T12:07:56","date_gmt":"2021-04-23T10:07:56","guid":{"rendered":"https:\/\/mgvpublications.com\/?post_type=product&#038;p=18408"},"modified":"2022-11-24T19:42:07","modified_gmt":"2022-11-24T18:42:07","slug":"minhacul-kasidin-ve-mufidus-sadikin-2-cilt-takim","status":"publish","type":"product","link":"https:\/\/mgvpublications.com\/de\/minhacul-kasidin-ve-mufidus-sadikin-2-cilt-takim\/","title":{"rendered":"Minhac\u00fc&#8217;l-Kas\u0131din ve M\u00fcfid\u00fc&#8217;s-Sad\u0131kin (2 Cilt Tak\u0131m)"},"content":{"rendered":"<table>\n<tbody>\n<tr>\n<td>Yay\u0131n Tarihi:<\/td>\n<td>26.11.2020<\/td>\n<\/tr>\n<tr>\n<td>ISBN:<\/td>\n<td>9786055271268<\/td>\n<\/tr>\n<tr>\n<td>Dil:<\/td>\n<td>T\u00dcRK\u00c7E<\/td>\n<\/tr>\n<tr>\n<td>Sayfa Say\u0131s\u0131:<\/td>\n<td>1664<\/td>\n<\/tr>\n<tr>\n<td>Cilt Tipi:<\/td>\n<td>Ciltli<\/td>\n<\/tr>\n<tr>\n<td>Ka\u011f\u0131t Cinsi:<\/td>\n<td>\u015eamuha Ka\u011f\u0131t<\/td>\n<\/tr>\n<tr>\n<td>Boyut:<\/td>\n<td>15.5 x 23.5 cm<\/td>\n<\/tr>\n<\/tbody>\n<\/table>","protected":false},"excerpt":{"rendered":"<div class=\"top-block\">\n<div class=\"pr_description\">\n<div id=\"description_text\" class=\"readmore-js-section readmore-js-collapsed\"><span class=\"info__text\">M\u00dcSL\u00dcMAN AHL\u00c2KININ \u0130NCEL\u0130KLER\u0130<br \/>\n\u0130slam \u00e2lemi ve ulemas\u0131nda \u00f6ne \u00e7\u0131kan isimlerden olan ve y\u00fcz y\u0131llard\u0131r kitaplar\u0131 ba\u015fucu eseri olarak g\u00f6r\u00fclm\u00fc\u015f \u0130bn\u00fc&#8217;l-Cevz\u00ee&#8217;nin en \u00e7ok bilinen eserlerinden Minh\u00e2c\u00fc&#8217;l-K\u00e2s\u0131d\u00een, Fatih Mehmet Albayrak taraf\u0131ndan T\u00fcrk\u00e7e&#8217;ye \u00e7evrildi.<br \/>\nKitapta \u00f6rnek m\u00fcmin portresinin ve M\u00fcsl\u00fcman karakterinin incelikleri, Kur&#8217;an-\u0131 Kerim ve hadis-i \u015feriflerin \u0131\u015f\u0131\u011f\u0131nda zenginle\u015ftirici bir bak\u0131\u015f a\u00e7\u0131s\u0131yla ele al\u0131n\u0131yor. Ahl\u00e2ktan itikada, edepten ibadetlere kadar onlarca ana ba\u015fl\u0131k ve y\u00fczlerce konu, \u0130bn\u00fc&#8217;l-Cevz\u00ee&#8217;nin i\u00e7erikteki b\u00fct\u00fcnl\u00fc\u011fe h\u00e2kim kavray\u0131\u015f\u0131 ve sahih bir silsilenin yol g\u00f6stericili\u011fiyle anlat\u0131l\u0131yor.<br \/>\nG\u00fcn\u00fcm\u00fczden geriye do\u011fru \u0130slam d\u00fcnyas\u0131n\u0131n en \u00e7ok okunmu\u015f kitaplar\u0131 aras\u0131nda yer alan Minh\u00e2c, i\u00e7eri\u011findeki \u015fifal\u0131 form\u00fcllerle bug\u00fcn de M\u00fcsl\u00fcman fertleri ve toplumunun manev\u00ee hastal\u0131klar\u0131na \u00e7are g\u00f6revi g\u00f6r\u00fcyor.<\/span><\/div>\n<\/div>\n<\/div>\n<div class=\"bottom-block\">\n<div class=\"pr_attributes\"><\/div>\n<\/div>","protected":false},"featured_media":18409,"template":"","meta":{"spay_email":""},"product_cat":[174],"product_tag":[],"item":[363],"acf":[],"_links":{"self":[{"href":"https:\/\/mgvpublications.com\/de\/wp-json\/wp\/v2\/product\/18408"}],"collection":[{"href":"https:\/\/mgvpublications.com\/de\/wp-json\/wp\/v2\/product"}],"about":[{"href":"https:\/\/mgvpublications.com\/de\/wp-json\/wp\/v2\/types\/product"}],"wp:featuredmedia":[{"embeddable":true,"href":"https:\/\/mgvpublications.com\/de\/wp-json\/wp\/v2\/media\/18409"}],"wp:attachment":[{"href":"https:\/\/mgvpublications.com\/de\/wp-json\/wp\/v2\/media?parent=18408"}],"wp:term":[{"taxonomy":"product_cat","embeddable":true,"href":"https:\/\/mgvpublications.com\/de\/wp-json\/wp\/v2\/product_cat?post=18408"},{"taxonomy":"product_tag","embeddable":true,"href":"https:\/\/mgvpublications.com\/de\/wp-json\/wp\/v2\/product_tag?post=18408"},{"taxonomy":"item","embeddable":true,"href":"https:\/\/mgvpublications.com\/de\/wp-json\/wp\/v2\/item?post=18408"}],"curies":[{"name":"wp","href":"https:\/\/api.w.org\/{rel}","templated":true}]}}