{"id":18406,"date":"2021-04-23T12:05:38","date_gmt":"2021-04-23T10:05:38","guid":{"rendered":"https:\/\/mgvpublications.com\/?post_type=product&#038;p=18406"},"modified":"2025-04-26T19:27:45","modified_gmt":"2025-04-26T17:27:45","slug":"abbasiler-donemi","status":"publish","type":"product","link":"https:\/\/mgvpublications.com\/de\/abbasiler-donemi\/","title":{"rendered":"Abbasiler D\u00f6nemi"},"content":{"rendered":"<p>Yay\u0131n Tarihi: 14.03.2019<br \/>ISBN: 9789754730531<br \/>Dil: T\u00dcRK\u00c7E<br \/>Sayfa Say\u0131s\u0131: 160<br \/>Cilt Tipi: Karton Kapak<br \/>Ka\u011f\u0131t Cinsi: Kitap Ka\u011f\u0131d\u0131<br \/>Boyut: 13.5 x 21 cm<\/p>","protected":false},"excerpt":{"rendered":"<p>Abbasiler, \u0130slam Tarihi i\u00e7inde uzun bir d\u00f6nemi kapsad\u0131\u011f\u0131 gibi, cereyan eden hadiseler a\u00e7\u0131s\u0131ndan da olduk\u00e7a b\u00fcy\u00fck bir \u00f6nemi haizdir. Abbaso\u011fullar\u0131n\u0131n \u0130slam devlet ba\u015fkanl\u0131\u011f\u0131n\u0131 Emevilerin elinden almalar\u0131 fazla bir \u015fey de\u011fi\u015ftirmedi. Saltanat kanunlar\u0131 oldu\u011fu gibi uyguland\u0131, genellikle Saltanat iktidar\u0131n\u0131n bekas\u0131 \u00f6n planda tutuldu. Oysa ki bir Devlete kar\u015f\u0131 \u00e7\u0131k\u0131l\u0131p iktidara talip olundu\u011funda ilke olarak, mevcut iktidar\u0131n iyi olmad\u0131\u011f\u0131, yerine ge\u00e7ecek olan iktidar\u0131n ise gere\u011fi gibi hareket ederek, Devlet&#8217;in kaybolmu\u015f itibar\u0131n\u0131 iade edece\u011fi esas\u0131na dayanmas\u0131 iktiza eder. Ne ki, Abbasilerin gelmesiyle bunlar\u0131n hi\u00e7bir olmad\u0131\u011f\u0131 gibi, saltanat hegemonyas\u0131 s\u00fcr\u00fcp gitti.<\/p>","protected":false},"featured_media":18926,"template":"","meta":{"spay_email":""},"product_cat":[174],"product_tag":[],"item":[389],"acf":[],"_links":{"self":[{"href":"https:\/\/mgvpublications.com\/de\/wp-json\/wp\/v2\/product\/18406"}],"collection":[{"href":"https:\/\/mgvpublications.com\/de\/wp-json\/wp\/v2\/product"}],"about":[{"href":"https:\/\/mgvpublications.com\/de\/wp-json\/wp\/v2\/types\/product"}],"wp:featuredmedia":[{"embeddable":true,"href":"https:\/\/mgvpublications.com\/de\/wp-json\/wp\/v2\/media\/18926"}],"wp:attachment":[{"href":"https:\/\/mgvpublications.com\/de\/wp-json\/wp\/v2\/media?parent=18406"}],"wp:term":[{"taxonomy":"product_cat","embeddable":true,"href":"https:\/\/mgvpublications.com\/de\/wp-json\/wp\/v2\/product_cat?post=18406"},{"taxonomy":"product_tag","embeddable":true,"href":"https:\/\/mgvpublications.com\/de\/wp-json\/wp\/v2\/product_tag?post=18406"},{"taxonomy":"item","embeddable":true,"href":"https:\/\/mgvpublications.com\/de\/wp-json\/wp\/v2\/item?post=18406"}],"curies":[{"name":"wp","href":"https:\/\/api.w.org\/{rel}","templated":true}]}}