{"id":18404,"date":"2021-04-23T12:34:11","date_gmt":"2021-04-23T10:34:11","guid":{"rendered":"https:\/\/mgvpublications.com\/?post_type=product&#038;p=18404"},"modified":"2022-03-08T22:51:47","modified_gmt":"2022-03-08T21:51:47","slug":"nureddin-yildiz-set-6-kitap","status":"publish","type":"product","link":"https:\/\/mgvpublications.com\/de\/nureddin-yildiz-set-6-kitap\/","title":{"rendered":"Nureddin Y\u0131ld\u0131z Set (6 Kitap)"},"content":{"rendered":"<h6>Toplamda 6 Kitap&#8230;<\/h6>\n<h6><\/h6>\n<ul>\n<li>Aile Davam\u0131z<\/li>\n<li>Halimizin \u0130zah\u0131<\/li>\n<li>M\u00fc&#8217;min Kimli\u011fimiz<\/li>\n<li>Bu \u00dcmmetin Genci<\/li>\n<li>Hani Din Hepimizindi?<\/li>\n<li>Dinimize Hizmetin \u0130\u00e7 Sorunlar\u0131<\/li>\n<\/ul>\n<p>&nbsp;<\/p>","protected":false},"excerpt":{"rendered":"<h6>Toplamda 6 Kitap&#8230;<\/h6>\n<h6><\/h6>\n<ul>\n<li>Aile Davam\u0131z<\/li>\n<li>Halimizin \u0130zah\u0131<\/li>\n<li>M\u00fc&#8217;min Kimli\u011fimiz<\/li>\n<li>Bu \u00dcmmetin Genci<\/li>\n<li>Hani Din Hepimizindi?<\/li>\n<li>Dinimize Hizmetin \u0130\u00e7 Sorunlar\u0131<\/li>\n<\/ul>\n<p>&nbsp;<\/p>","protected":false},"featured_media":18446,"template":"","meta":{"spay_email":""},"product_cat":[169],"product_tag":[],"item":[363],"acf":[],"_links":{"self":[{"href":"https:\/\/mgvpublications.com\/de\/wp-json\/wp\/v2\/product\/18404"}],"collection":[{"href":"https:\/\/mgvpublications.com\/de\/wp-json\/wp\/v2\/product"}],"about":[{"href":"https:\/\/mgvpublications.com\/de\/wp-json\/wp\/v2\/types\/product"}],"wp:featuredmedia":[{"embeddable":true,"href":"https:\/\/mgvpublications.com\/de\/wp-json\/wp\/v2\/media\/18446"}],"wp:attachment":[{"href":"https:\/\/mgvpublications.com\/de\/wp-json\/wp\/v2\/media?parent=18404"}],"wp:term":[{"taxonomy":"product_cat","embeddable":true,"href":"https:\/\/mgvpublications.com\/de\/wp-json\/wp\/v2\/product_cat?post=18404"},{"taxonomy":"product_tag","embeddable":true,"href":"https:\/\/mgvpublications.com\/de\/wp-json\/wp\/v2\/product_tag?post=18404"},{"taxonomy":"item","embeddable":true,"href":"https:\/\/mgvpublications.com\/de\/wp-json\/wp\/v2\/item?post=18404"}],"curies":[{"name":"wp","href":"https:\/\/api.w.org\/{rel}","templated":true}]}}