{"id":18397,"date":"2021-04-21T17:34:12","date_gmt":"2021-04-21T15:34:12","guid":{"rendered":"https:\/\/mgvpublications.com\/?post_type=product&#038;p=18397"},"modified":"2025-04-26T18:51:02","modified_gmt":"2025-04-26T16:51:02","slug":"sehit-hasan-el-bennadan-musluman-genclere","status":"publish","type":"product","link":"https:\/\/mgvpublications.com\/de\/sehit-hasan-el-bennadan-musluman-genclere\/","title":{"rendered":"\u015eehit Hasan el-Benna\u2019dan M\u00fcsl\u00fcman Gen\u00e7lere"},"content":{"rendered":"<div class=\"attributes\">\n<table>\n<tbody>\n<tr>\n<td>Yay\u0131n Tarihi:<\/td>\n<td>06.04.2021<\/td>\n<\/tr>\n<tr>\n<td>ISBN:<\/td>\n<td>9786257682466<\/td>\n<\/tr>\n<tr>\n<td>Dil:<\/td>\n<td>T\u00dcRK\u00c7E<\/td>\n<\/tr>\n<tr>\n<td>Sayfa Say\u0131s\u0131:<\/td>\n<td>263<\/td>\n<\/tr>\n<tr>\n<td>Cilt Tipi:<\/td>\n<td>Karton Kapak<\/td>\n<\/tr>\n<tr>\n<td>Ka\u011f\u0131t Cinsi:<\/td>\n<td>Kitap Ka\u011f\u0131d\u0131<\/td>\n<\/tr>\n<tr>\n<td>Boyut:<\/td>\n<td>13.5 x 21 cm<\/td>\n<\/tr>\n<\/tbody>\n<\/table>\n<\/div>","protected":false},"excerpt":{"rendered":"<div class=\"top-block\">\n<div class=\"pr_description\">\n<div id=\"description_text\"><span class=\"info__text\">\u201cBen kendimi bir tek ama\u00e7 i\u00e7in vakfettim. O da: Ya\u015fam\u0131mla insanlar\u0131 \u0130slam\u2019a davet etmektir.\u201d diyen Hasan el-Benn\u00e2, Osmanl\u0131 \u0130mparatorlu\u011funun y\u0131k\u0131ld\u0131\u011f\u0131, \u0130slam co\u011frafyas\u0131n\u0131n b\u00fcy\u00fck i\u015fgaller ve katliamlarla kar\u015f\u0131 kar\u015f\u0131ya kald\u0131\u011f\u0131, M\u00fcsl\u00fcmanlar\u0131n emperyalist k\u00fclt\u00fcr\u00fcn sald\u0131r\u0131lar\u0131na kar\u015f\u0131 teyakkuz halini kaybetti\u011fi bir d\u00f6nemde &#8220;Hedefimiz, yeniden M\u00fcsl\u00fcman ferdi, M\u00fcsl\u00fcman aileyi, M\u00fcsl\u00fcman toplumu, M\u00fcsl\u00fcman devleti ve M\u00fcsl\u00fcman \u00fcmmeti olu\u015fturmakt\u0131r.\u201d diyerek her alanda \u0130slamile\u015fme hedefiyle yola \u00e7\u0131km\u0131\u015f izzetli bir \u00f6nc\u00fcd\u00fcr<br \/>\n<\/span><\/div>\n<\/div>\n<\/div>\n<div class=\"bottom-block\">\n<div class=\"pr_attributes\"><\/div>\n<\/div>","protected":false},"featured_media":18398,"template":"","meta":{"spay_email":""},"product_cat":[174,170],"product_tag":[],"item":[1750],"acf":[],"_links":{"self":[{"href":"https:\/\/mgvpublications.com\/de\/wp-json\/wp\/v2\/product\/18397"}],"collection":[{"href":"https:\/\/mgvpublications.com\/de\/wp-json\/wp\/v2\/product"}],"about":[{"href":"https:\/\/mgvpublications.com\/de\/wp-json\/wp\/v2\/types\/product"}],"wp:featuredmedia":[{"embeddable":true,"href":"https:\/\/mgvpublications.com\/de\/wp-json\/wp\/v2\/media\/18398"}],"wp:attachment":[{"href":"https:\/\/mgvpublications.com\/de\/wp-json\/wp\/v2\/media?parent=18397"}],"wp:term":[{"taxonomy":"product_cat","embeddable":true,"href":"https:\/\/mgvpublications.com\/de\/wp-json\/wp\/v2\/product_cat?post=18397"},{"taxonomy":"product_tag","embeddable":true,"href":"https:\/\/mgvpublications.com\/de\/wp-json\/wp\/v2\/product_tag?post=18397"},{"taxonomy":"item","embeddable":true,"href":"https:\/\/mgvpublications.com\/de\/wp-json\/wp\/v2\/item?post=18397"}],"curies":[{"name":"wp","href":"https:\/\/api.w.org\/{rel}","templated":true}]}}