{"id":18385,"date":"2021-04-21T16:59:37","date_gmt":"2021-04-21T14:59:37","guid":{"rendered":"https:\/\/mgvpublications.com\/?post_type=product&#038;p=18385"},"modified":"2025-04-27T00:34:35","modified_gmt":"2025-04-26T22:34:35","slug":"sosyal-medyanin-ucuncu-boyutu","status":"publish","type":"product","link":"https:\/\/mgvpublications.com\/de\/sosyal-medyanin-ucuncu-boyutu\/","title":{"rendered":"Sosyal Medyan\u0131n \u00dc\u00e7\u00fcnc\u00fc Boyutu"},"content":{"rendered":"<table>\n<tbody>\n<tr>\n<td>Yay\u0131n Tarihi:<\/td>\n<td>19.04.2021<\/td>\n<\/tr>\n<tr>\n<td>ISBN:<\/td>\n<td>9786052008607<\/td>\n<\/tr>\n<tr>\n<td>Dil:<\/td>\n<td>T\u00dcRK\u00c7E<\/td>\n<\/tr>\n<tr>\n<td>Sayfa Say\u0131s\u0131:<\/td>\n<td>140<\/td>\n<\/tr>\n<tr>\n<td>Cilt Tipi:<\/td>\n<td>Karton Kapak<\/td>\n<\/tr>\n<tr>\n<td>Ka\u011f\u0131t Cinsi:<\/td>\n<td>Kitap Ka\u011f\u0131d\u0131<\/td>\n<\/tr>\n<tr>\n<td>Boyut:<\/td>\n<td>13.5 x 21 cm<\/td>\n<\/tr>\n<\/tbody>\n<\/table>","protected":false},"excerpt":{"rendered":"<p>nsan hayat\u0131nda var olan \u015feylerin her zaman g\u00f6r\u00fcnmeyen bir yan\u0131 vard\u0131r. Her zaman insandan gizlenen \u015feyler vard\u0131r. Her zaman insan\u0131n g\u00f6remedi\u011fi ve g\u00f6rmesi istenmeyen \u015feyler vard\u0131r. Art\u0131k her yerde ekranlar var. Hayat ekranlar\u0131n i\u00e7eri\u011fi do\u011frultusunda \u015fekilleniyor. \u0130nsanlar ekranlarda g\u00f6rd\u00fckleri ile ba\u011flant\u0131l\u0131 olarak d\u00fc\u015f\u00fcn\u00fcyor, konu\u015fuyor, ya\u015f\u0131yor, t\u00fcm ileti\u015fimini ve ya\u015fant\u0131s\u0131n\u0131 bu ba\u011flamda \u015fekillendiriyor. Bu \u00e7al\u0131\u015fmam\u0131zda sosyal medyan\u0131n \u00fc\u00e7\u00fcnc\u00fc boyutundan bahsetmeye \u00e7al\u0131\u015ft\u0131k. Sosyal medya genelde iki boyutlu olarak alg\u0131lanan ve kullan\u0131lan mecralar b\u00fct\u00fcn\u00fc olarak bilinmektedir fakat konunun tam olarak anla\u015f\u0131lmas\u0131 i\u00e7in mutlaka derinli\u011finin de fark edilmesi gerekmektedir. B\u00fct\u00fcn insanl\u0131\u011f\u0131n kullan\u0131m\u0131na \u00fccretsiz olarak sunulan sosyal medya d\u00fcnyas\u0131n\u0131n esas \u00fcr\u00fcn\u00fc insan\u0131n ta kendisidir. Art\u0131k az olan\u0131n de\u011fil \u00e7ok olan\u0131n de\u011ferli oldu\u011fu bir d\u00f6nemin i\u00e7erisindeyiz. En \u00e7ok kullan\u0131c\u0131s\u0131 olan\u0131n, en \u00e7ok takip\u00e7isi olan\u0131n, en \u00e7ok be\u011fenilen ve payla\u015f\u0131lan\u0131n de\u011ferli oldu\u011fu bir d\u00f6nemdeyiz. \u0130nsanlar\u0131n kullan\u0131c\u0131 olarak kullan\u0131ld\u0131\u011f\u0131, t\u00fcketildi\u011fi bir a\u011flar b\u00fct\u00fcn\u00fcn\u00fcn par\u00e7alar\u0131n\u0131 olu\u015fturuyoruz. Kendi ellerimizle ve y\u00f6nlendirilen hislerimizle, kendi kendimizi t\u00fcketiyoruz. Bir\u00e7ok \u015feyin fark\u0131nda olmadan, bilmeden kullan\u0131c\u0131 olarak hayat\u0131m\u0131za devam ediyoruz. Bug\u00fcn ya\u015fad\u0131\u011f\u0131m\u0131z sorunlar\u0131n temelinde bu bilgisizlik yatmaktad\u0131r. Veriler d\u00fcnyas\u0131ndaki hakiki bilginin zavall\u0131 hali, insan\u0131n i\u00e7ine d\u00fc\u015ft\u00fc\u011f\u00fc en b\u00fcy\u00fck sorunlardan biridir. Bu \u00e7al\u0131\u015fmada \u00f6zg\u00fcr olarak yarat\u0131lm\u0131\u015f insan\u0131n teknoloji d\u00fcnyas\u0131n\u0131n geli\u015ftirdi\u011fi esaretten kurtulmas\u0131 i\u00e7in gereken detaylar\u0131 ortaya koymaya \u00e7al\u0131\u015ft\u0131k. Bu detaylar\u0131 da \u201cSosyal medyan\u0131n \u00fc\u00e7\u00fcnc\u00fc boyutu\u201d olarak ifade ettik.<\/p>","protected":false},"featured_media":18386,"template":"","meta":{"spay_email":""},"product_cat":[166,1537],"product_tag":[],"item":[335],"acf":[],"_links":{"self":[{"href":"https:\/\/mgvpublications.com\/de\/wp-json\/wp\/v2\/product\/18385"}],"collection":[{"href":"https:\/\/mgvpublications.com\/de\/wp-json\/wp\/v2\/product"}],"about":[{"href":"https:\/\/mgvpublications.com\/de\/wp-json\/wp\/v2\/types\/product"}],"wp:featuredmedia":[{"embeddable":true,"href":"https:\/\/mgvpublications.com\/de\/wp-json\/wp\/v2\/media\/18386"}],"wp:attachment":[{"href":"https:\/\/mgvpublications.com\/de\/wp-json\/wp\/v2\/media?parent=18385"}],"wp:term":[{"taxonomy":"product_cat","embeddable":true,"href":"https:\/\/mgvpublications.com\/de\/wp-json\/wp\/v2\/product_cat?post=18385"},{"taxonomy":"product_tag","embeddable":true,"href":"https:\/\/mgvpublications.com\/de\/wp-json\/wp\/v2\/product_tag?post=18385"},{"taxonomy":"item","embeddable":true,"href":"https:\/\/mgvpublications.com\/de\/wp-json\/wp\/v2\/item?post=18385"}],"curies":[{"name":"wp","href":"https:\/\/api.w.org\/{rel}","templated":true}]}}