{"id":18381,"date":"2021-04-21T16:50:47","date_gmt":"2021-04-21T14:50:47","guid":{"rendered":"https:\/\/mgvpublications.com\/?post_type=product&#038;p=18381"},"modified":"2022-06-24T17:49:25","modified_gmt":"2022-06-24T15:49:25","slug":"penguenlerin-hac-yolculugu","status":"publish","type":"product","link":"https:\/\/mgvpublications.com\/de\/penguenlerin-hac-yolculugu\/","title":{"rendered":"Penguenlerin Hac Yolculu\u011fu"},"content":{"rendered":"<table>\n<tbody>\n<tr>\n<td>Yay\u0131n Tarihi:<\/td>\n<td>11.03.2021<\/td>\n<\/tr>\n<tr>\n<td>ISBN:<\/td>\n<td>9786054952199<\/td>\n<\/tr>\n<tr>\n<td>Dil:<\/td>\n<td>T\u00dcRK\u00c7E<\/td>\n<\/tr>\n<tr>\n<td>Sayfa Say\u0131s\u0131:<\/td>\n<td>32<\/td>\n<\/tr>\n<tr>\n<td>Cilt Tipi:<\/td>\n<td>Karton Kapak<\/td>\n<\/tr>\n<tr>\n<td>Ka\u011f\u0131t Cinsi:<\/td>\n<td>Ku\u015fe Ka\u011f\u0131t<\/td>\n<\/tr>\n<tr>\n<td>Boyut:<\/td>\n<td>16.5 x 24 cm<\/td>\n<\/tr>\n<\/tbody>\n<\/table>","protected":false},"excerpt":{"rendered":"<div class=\"top-block\">\n<div class=\"pr_description\">\n<div id=\"description_text\" class=\"readmore-js-section readmore-js-collapsed\"><span class=\"info__text\">Sevgili \u00e7ocuklar,Sizleri \u00fc\u00e7 penguenle tan\u0131\u015ft\u0131raca\u011f\u0131m: H\u0131\u00e7k\u0131r\u0131k, Hap\u015furuk ve Minno\u015f. Onlar\u0131n<br \/>\nkutuplardaki maceralar\u0131n\u0131 anlatmayaca\u011f\u0131m ama. Bu \u00fc\u00e7 sevimli penguenin hac yolculu\u011funu<br \/>\nanlataca\u011f\u0131m. \u015ea\u015f\u0131rd\u0131n\u0131z de\u011fil mi? Buzullarda ya\u015fayan \u00fc\u00e7 penguenin \u00e7\u00f6llerde i\u015fi ne? Kalplerinde Allah<br \/>\nsevgisi ile \u0130sl\u00e2m\u2019\u0131n be\u015f \u015fart\u0131ndan birini ger\u00e7ekle\u015ftirmek i\u00e7in zorlu bir yolculu\u011fa \u00e7\u0131k\u0131yorlar. E haydi ne<br \/>\nduruyorsunuz h\u00e2l\u00e2? H\u0131\u00e7k\u0131r\u0131k, Hap\u015furuk ve Minno\u015f\u2019un bu yolculuklar\u0131nda onlar\u0131 yaln\u0131z b\u0131rakmayal\u0131m.<br \/>\n<\/span><\/div>\n<\/div>\n<\/div>","protected":false},"featured_media":18382,"template":"","meta":{"spay_email":""},"product_cat":[172],"product_tag":[],"item":[335],"acf":[],"_links":{"self":[{"href":"https:\/\/mgvpublications.com\/de\/wp-json\/wp\/v2\/product\/18381"}],"collection":[{"href":"https:\/\/mgvpublications.com\/de\/wp-json\/wp\/v2\/product"}],"about":[{"href":"https:\/\/mgvpublications.com\/de\/wp-json\/wp\/v2\/types\/product"}],"wp:featuredmedia":[{"embeddable":true,"href":"https:\/\/mgvpublications.com\/de\/wp-json\/wp\/v2\/media\/18382"}],"wp:attachment":[{"href":"https:\/\/mgvpublications.com\/de\/wp-json\/wp\/v2\/media?parent=18381"}],"wp:term":[{"taxonomy":"product_cat","embeddable":true,"href":"https:\/\/mgvpublications.com\/de\/wp-json\/wp\/v2\/product_cat?post=18381"},{"taxonomy":"product_tag","embeddable":true,"href":"https:\/\/mgvpublications.com\/de\/wp-json\/wp\/v2\/product_tag?post=18381"},{"taxonomy":"item","embeddable":true,"href":"https:\/\/mgvpublications.com\/de\/wp-json\/wp\/v2\/item?post=18381"}],"curies":[{"name":"wp","href":"https:\/\/api.w.org\/{rel}","templated":true}]}}