{"id":18379,"date":"2021-04-21T16:47:18","date_gmt":"2021-04-21T14:47:18","guid":{"rendered":"https:\/\/mgvpublications.com\/?post_type=product&#038;p=18379"},"modified":"2022-04-07T14:59:41","modified_gmt":"2022-04-07T12:59:41","slug":"hicret-ulkesi","status":"publish","type":"product","link":"https:\/\/mgvpublications.com\/de\/hicret-ulkesi\/","title":{"rendered":"Hicret \u00dclkesi"},"content":{"rendered":"<table>\n<tbody>\n<tr>\n<td>Yay\u0131n Tarihi:<\/td>\n<td>11.03.2021<\/td>\n<\/tr>\n<tr>\n<td>ISBN:<\/td>\n<td>9786052008553<\/td>\n<\/tr>\n<tr>\n<td>Dil:<\/td>\n<td>T\u00dcRK\u00c7E<\/td>\n<\/tr>\n<tr>\n<td>Sayfa Say\u0131s\u0131:<\/td>\n<td>160<\/td>\n<\/tr>\n<tr>\n<td>Cilt Tipi:<\/td>\n<td>Karton Kapak<\/td>\n<\/tr>\n<tr>\n<td>Ka\u011f\u0131t Cinsi:<\/td>\n<td>Kitap Ka\u011f\u0131d\u0131<\/td>\n<\/tr>\n<tr>\n<td>Boyut:<\/td>\n<td>13.5 x 21 cm<\/td>\n<\/tr>\n<\/tbody>\n<\/table>","protected":false},"excerpt":{"rendered":"<div class=\"top-block\">\n<div class=\"pr_description\">\n<div id=\"description_text\" class=\"readmore-js-section readmore-js-collapsed\"><span class=\"info__text\">Hayat, esasl\u0131 bir hicret tasar\u0131m\u0131d\u0131r insan i\u00e7in. Ve insan her yandan bir hicret ku\u015fatmas\u0131<br \/>\nalt\u0131ndad\u0131r. \u0130nsanl\u0131\u011f\u0131n b\u00fcy\u00fck hicreti: Her bir insan\u0131n d\u00fcnya kona\u011f\u0131na do\u011fmas\u0131, sonra hicret<br \/>\nyolculu\u011fuyla bir \u00f6mr\u00fcn ard\u0131ndan tekrar s\u0131las\u0131na, var\u0131\u015f \u00fclkesine d\u00f6nmesi\u2026<br \/>\nHicret \u00dclkesi; insan\u0131n varl\u0131k sahnesine ilk \u00e7\u0131kt\u0131\u011f\u0131 mek\u00e2ndan, yery\u00fcz\u00fcne do\u011fru ilk kopu\u015funu,<br \/>\nilk ayr\u0131l\u0131\u015f\u0131n\u0131 hat\u0131rlat\u0131yor. \u0130nsan, can evine yeniden d\u00f6nmek \u00fczere geldi\u011fi d\u00fcnyaya, cennetin<br \/>\nayd\u0131nl\u0131\u011f\u0131n\u0131 ta\u015f\u0131yarak tamamlam\u0131\u015f olacak verilen m\u00fchletini.<br \/>\nHicret \u00dclkesi; d\u00fcnyan\u0131n kalelerinde, bur\u00e7lar\u0131nda dola\u015fan insanl\u0131\u011fa, kendi \u00f6z ger\u00e7ekli\u011finden<br \/>\nkopmadan hayat\u0131 huzur ve s\u00fck\u00fbnetle ge\u00e7ece\u011fi iklimi anlat\u0131yor. \u0130nsan\u0131n kendi benli\u011finin<br \/>\nfark\u0131nda olarak, do\u011fayla ve i\u00e7inde ya\u015fad\u0131\u011f\u0131 toplumun di\u011fer bireyleriyle kurdu\u011fu sa\u011fl\u0131kl\u0131 ve<br \/>\ng\u00fcvenli eksenli ili\u015fkiler sebebiyle ula\u015faca\u011f\u0131 dinginli\u011fin duraklar\u0131n\u0131 i\u015faretliyor yol boyunca.<br \/>\n<\/span><\/div>\n<\/div>\n<\/div>","protected":false},"featured_media":18380,"template":"","meta":{"spay_email":""},"product_cat":[168],"product_tag":[],"item":[335],"acf":[],"_links":{"self":[{"href":"https:\/\/mgvpublications.com\/de\/wp-json\/wp\/v2\/product\/18379"}],"collection":[{"href":"https:\/\/mgvpublications.com\/de\/wp-json\/wp\/v2\/product"}],"about":[{"href":"https:\/\/mgvpublications.com\/de\/wp-json\/wp\/v2\/types\/product"}],"wp:featuredmedia":[{"embeddable":true,"href":"https:\/\/mgvpublications.com\/de\/wp-json\/wp\/v2\/media\/18380"}],"wp:attachment":[{"href":"https:\/\/mgvpublications.com\/de\/wp-json\/wp\/v2\/media?parent=18379"}],"wp:term":[{"taxonomy":"product_cat","embeddable":true,"href":"https:\/\/mgvpublications.com\/de\/wp-json\/wp\/v2\/product_cat?post=18379"},{"taxonomy":"product_tag","embeddable":true,"href":"https:\/\/mgvpublications.com\/de\/wp-json\/wp\/v2\/product_tag?post=18379"},{"taxonomy":"item","embeddable":true,"href":"https:\/\/mgvpublications.com\/de\/wp-json\/wp\/v2\/item?post=18379"}],"curies":[{"name":"wp","href":"https:\/\/api.w.org\/{rel}","templated":true}]}}