{"id":18373,"date":"2021-04-21T16:38:03","date_gmt":"2021-04-21T14:38:03","guid":{"rendered":"https:\/\/mgvpublications.com\/?post_type=product&#038;p=18373"},"modified":"2025-04-27T00:23:49","modified_gmt":"2025-04-26T22:23:49","slug":"musluman-gencler-icin-irade-terbiyesi","status":"publish","type":"product","link":"https:\/\/mgvpublications.com\/de\/musluman-gencler-icin-irade-terbiyesi\/","title":{"rendered":"M\u00fcsl\u00fcman Gen\u00e7ler \u0130\u00e7in \u0130rade Terbiyesi"},"content":{"rendered":"<table>\n<tbody>\n<tr>\n<td>Yay\u0131n Tarihi:<\/td>\n<td>11.03.2021<\/td>\n<\/tr>\n<tr>\n<td>ISBN:<\/td>\n<td>9786052008577<\/td>\n<\/tr>\n<tr>\n<td>Dil:<\/td>\n<td>T\u00dcRK\u00c7E<\/td>\n<\/tr>\n<tr>\n<td>Sayfa Say\u0131s\u0131:<\/td>\n<td>196<\/td>\n<\/tr>\n<tr>\n<td>Cilt Tipi:<\/td>\n<td>Karton Kapak<\/td>\n<\/tr>\n<tr>\n<td>Ka\u011f\u0131t Cinsi:<\/td>\n<td>Kitap Ka\u011f\u0131d\u0131<\/td>\n<\/tr>\n<tr>\n<td>Boyut:<\/td>\n<td>13.5 x 21 cm<\/td>\n<\/tr>\n<\/tbody>\n<\/table>","protected":false},"excerpt":{"rendered":"<div class=\"top-block\">\n<div class=\"pr_description\">\n<div id=\"description_text\" class=\"readmore-js-section readmore-js-collapsed\"><span class=\"info__text\">Tarih Boyunca M\u00fcsl\u00fcman \u00f6nc\u00fclerin, liderlerin, rehberlerin, dava adamlar\u0131n\u0131n, m\u00fccahitlerin, \u015fehitlerin ve salihlerin hayat\u0131n\u0131 inceledi\u011finde onlar\u0131n hayat\u0131nda \u00f6zellikle \u00fc\u00e7 \u00f6zelli\u011fin \u00f6ne \u00e7\u0131kt\u0131\u011f\u0131n\u0131 g\u00f6receksin. Bunlardan birincisi, g\u00f6renlerde hayranl\u0131k olu\u015fturan muhte\u015fem bir ruh ve irade terbiyesidir. \u0130kincisi, hayat\u0131 saniyelerle ya\u015famaya odaklanm\u0131\u015f muazzam bir zaman bilincine sahip olmalar\u0131d\u0131r. \u00dc\u00e7\u00fcnc\u00fcs\u00fc ise her t\u00fcrl\u00fc yo\u011funlu\u011fa ra\u011fmen asla terk etmedikleri manevi programlard\u0131r.<br \/>\n<\/span><\/div>\n<\/div>\n<\/div>\n<div class=\"bottom-block\">\n<div class=\"pr_attributes\"><\/div>\n<\/div>","protected":false},"featured_media":18374,"template":"","meta":{"spay_email":""},"product_cat":[174],"product_tag":[],"item":[335],"acf":[],"_links":{"self":[{"href":"https:\/\/mgvpublications.com\/de\/wp-json\/wp\/v2\/product\/18373"}],"collection":[{"href":"https:\/\/mgvpublications.com\/de\/wp-json\/wp\/v2\/product"}],"about":[{"href":"https:\/\/mgvpublications.com\/de\/wp-json\/wp\/v2\/types\/product"}],"wp:featuredmedia":[{"embeddable":true,"href":"https:\/\/mgvpublications.com\/de\/wp-json\/wp\/v2\/media\/18374"}],"wp:attachment":[{"href":"https:\/\/mgvpublications.com\/de\/wp-json\/wp\/v2\/media?parent=18373"}],"wp:term":[{"taxonomy":"product_cat","embeddable":true,"href":"https:\/\/mgvpublications.com\/de\/wp-json\/wp\/v2\/product_cat?post=18373"},{"taxonomy":"product_tag","embeddable":true,"href":"https:\/\/mgvpublications.com\/de\/wp-json\/wp\/v2\/product_tag?post=18373"},{"taxonomy":"item","embeddable":true,"href":"https:\/\/mgvpublications.com\/de\/wp-json\/wp\/v2\/item?post=18373"}],"curies":[{"name":"wp","href":"https:\/\/api.w.org\/{rel}","templated":true}]}}