{"id":18371,"date":"2021-04-21T16:35:59","date_gmt":"2021-04-21T14:35:59","guid":{"rendered":"https:\/\/mgvpublications.com\/?post_type=product&#038;p=18371"},"modified":"2022-03-31T14:11:02","modified_gmt":"2022-03-31T12:11:02","slug":"davamizin-ilkeleri","status":"publish","type":"product","link":"https:\/\/mgvpublications.com\/de\/davamizin-ilkeleri\/","title":{"rendered":"Davam\u0131z\u0131n \u0130lkeleri"},"content":{"rendered":"<p>Yay\u0131n Tarihi:\t29.01.2021<br \/>\nISBN:\t9786052008539<br \/>\nDil:\tT\u00dcRK\u00c7E<br \/>\nSayfa Say\u0131s\u0131:\t54<br \/>\nCilt Tipi:\tKarton Kapak<br \/>\nKa\u011f\u0131t Cinsi:\tKitap Ka\u011f\u0131d\u0131<br \/>\nBoyut:\t13.5 x 19.5 cm<\/p>","protected":false},"excerpt":{"rendered":"<p>Bu eserim davalar\u0131n\u0131n y\u00fcceli\u011fine, fikirlerinin kutsiyetlerine inanan M\u00fcsl\u00fcman Karde\u015flerin m\u00fccahitlerine ithafendir.<br \/>\nOnlar bu dava ile ya\u015famaya azmetmi\u015f, bu yolda \u00f6l\u00fcm\u00fc isteyen kimselerdir. \u0130\u015fte bu y\u00fczdendir ki bu eserimi sadece bahsetti\u011fim \u00f6zelliklere sahip olan karde\u015flere hitaben kaleme ald\u0131m.<\/p>","protected":false},"featured_media":18372,"template":"","meta":{"spay_email":""},"product_cat":[1588,173],"product_tag":[],"item":[335],"acf":[],"_links":{"self":[{"href":"https:\/\/mgvpublications.com\/de\/wp-json\/wp\/v2\/product\/18371"}],"collection":[{"href":"https:\/\/mgvpublications.com\/de\/wp-json\/wp\/v2\/product"}],"about":[{"href":"https:\/\/mgvpublications.com\/de\/wp-json\/wp\/v2\/types\/product"}],"wp:featuredmedia":[{"embeddable":true,"href":"https:\/\/mgvpublications.com\/de\/wp-json\/wp\/v2\/media\/18372"}],"wp:attachment":[{"href":"https:\/\/mgvpublications.com\/de\/wp-json\/wp\/v2\/media?parent=18371"}],"wp:term":[{"taxonomy":"product_cat","embeddable":true,"href":"https:\/\/mgvpublications.com\/de\/wp-json\/wp\/v2\/product_cat?post=18371"},{"taxonomy":"product_tag","embeddable":true,"href":"https:\/\/mgvpublications.com\/de\/wp-json\/wp\/v2\/product_tag?post=18371"},{"taxonomy":"item","embeddable":true,"href":"https:\/\/mgvpublications.com\/de\/wp-json\/wp\/v2\/item?post=18371"}],"curies":[{"name":"wp","href":"https:\/\/api.w.org\/{rel}","templated":true}]}}