{"id":18345,"date":"2021-04-19T14:24:34","date_gmt":"2021-04-19T12:24:34","guid":{"rendered":"https:\/\/mgvpublications.com\/?post_type=product&#038;p=18345"},"modified":"2022-04-08T06:22:07","modified_gmt":"2022-04-08T04:22:07","slug":"kendime-yardim-etmek-istiyorum","status":"publish","type":"product","link":"https:\/\/mgvpublications.com\/de\/kendime-yardim-etmek-istiyorum\/","title":{"rendered":"Kendime Yard\u0131m Etmek \u0130stiyorum"},"content":{"rendered":"<p>Yay\u0131n Tarihi: 30.10.2017<br \/>ISBN: 9786051512204<br \/>Dil: T\u00dcRK\u00c7E<br \/>Sayfa Say\u0131s\u0131: 408<br \/>Cilt Tipi: Karton Kapak<br \/>Ka\u011f\u0131t Cinsi: Kitap Ka\u011f\u0131d\u0131<br \/>Boyut: 13.5 x 21 cm<\/p>","protected":false},"excerpt":{"rendered":"<p>Hayat\u0131 daha \u0130yi Anlayabilmek \u0130\u00e7in \u201cG\u00fcndelik hayat\u0131m\u0131zda g\u00f6zden ka\u00e7\u0131rd\u0131\u011f\u0131m\u0131z ve s\u0131radan g\u00f6rd\u00fc\u011f\u00fcm\u00fcz konulara s\u0131rad\u0131\u015f\u0131 psikolojik yakla\u015f\u0131mlar.\u201d Bu kitap; insan\u0131n, e\u015fyan\u0131n ve ili\u015fkilerin h\u00e2kim kanunlar\u0131n\u0131 \u00f6\u011frenerek, onlara g\u00f6re do\u011fru ya\u015fama \u00e7abas\u0131n\u0131n bir \u00fcr\u00fcn\u00fcd\u00fcr. \u0130nsan\u0131n en \u00f6nemli muhatab\u0131 kendisidir ve akl\u0131n\u0131 kullananlar s\u00f6z\u00fc ilk \u00f6nce ve en \u00e7ok kendilerine s\u00f6ylerler. Olumlu ya da olumsuz ya\u015fanan her olay bir \u00f6\u011fretmendir, ki\u015fiye tecr\u00fcbe kazand\u0131r\u0131r ve \u00f6\u011frenmeye a\u00e7\u0131k zihinlere dersler verir. E\u011fer ders al\u0131n\u0131rsa bu tecr\u00fcbeler ki\u015fiyi olgunla\u015ft\u0131r\u0131r ve hayat\u0131 daha iyi anlamas\u0131na ve bundan sonra daha do\u011fru ya\u015famas\u0131na zemin haz\u0131rlar. \u0130nsan zihni \u00f6rneklerle, \u00f6yk\u00fclerle ve temsillerle daha iyi bir \u015fekilde \u00f6\u011frenir. Olu\u015f ve bozulu\u015f kanunlar\u0131n\u0131 \u00f6\u011frenip ona g\u00f6re ili\u015fkiyi temellendirmek, hem zihni \u00f6\u011frenmeye a\u00e7\u0131k tutar, hem kanunlar\u0131 g\u00f6rme sanat\u0131n\u0131 \u00f6\u011fretir hem de kendisini daha iyiye do\u011fru geli\u015fime ve de\u011fi\u015fime haz\u0131r bulundurur.<\/p>","protected":false},"featured_media":23212,"template":"","meta":{"spay_email":""},"product_cat":[169],"product_tag":[],"item":[443],"acf":[],"_links":{"self":[{"href":"https:\/\/mgvpublications.com\/de\/wp-json\/wp\/v2\/product\/18345"}],"collection":[{"href":"https:\/\/mgvpublications.com\/de\/wp-json\/wp\/v2\/product"}],"about":[{"href":"https:\/\/mgvpublications.com\/de\/wp-json\/wp\/v2\/types\/product"}],"wp:featuredmedia":[{"embeddable":true,"href":"https:\/\/mgvpublications.com\/de\/wp-json\/wp\/v2\/media\/23212"}],"wp:attachment":[{"href":"https:\/\/mgvpublications.com\/de\/wp-json\/wp\/v2\/media?parent=18345"}],"wp:term":[{"taxonomy":"product_cat","embeddable":true,"href":"https:\/\/mgvpublications.com\/de\/wp-json\/wp\/v2\/product_cat?post=18345"},{"taxonomy":"product_tag","embeddable":true,"href":"https:\/\/mgvpublications.com\/de\/wp-json\/wp\/v2\/product_tag?post=18345"},{"taxonomy":"item","embeddable":true,"href":"https:\/\/mgvpublications.com\/de\/wp-json\/wp\/v2\/item?post=18345"}],"curies":[{"name":"wp","href":"https:\/\/api.w.org\/{rel}","templated":true}]}}