{"id":18340,"date":"2021-04-19T14:19:43","date_gmt":"2021-04-19T12:19:43","guid":{"rendered":"https:\/\/mgvpublications.com\/?post_type=product&#038;p=18340"},"modified":"2022-03-08T22:51:39","modified_gmt":"2022-03-08T21:51:39","slug":"erbain-kirk-yilin-siirleri","status":"publish","type":"product","link":"https:\/\/mgvpublications.com\/de\/erbain-kirk-yilin-siirleri\/","title":{"rendered":"Erbain K\u0131rk Y\u0131l\u0131n \u015eiirleri"},"content":{"rendered":"<div class=\"attributes\">\n<table>\n<tbody>\n<tr>\n<td>Yay\u0131n Tarihi:<\/td>\n<td>01.06.2013<\/td>\n<\/tr>\n<tr>\n<td>ISBN:<\/td>\n<td>9786056323942<\/td>\n<\/tr>\n<tr>\n<td>Dil:<\/td>\n<td>T\u00dcRK\u00c7E<\/td>\n<\/tr>\n<tr>\n<td>Sayfa Say\u0131s\u0131:<\/td>\n<td>240<\/td>\n<\/tr>\n<tr>\n<td>Cilt Tipi:<\/td>\n<td>Karton Kapak<\/td>\n<\/tr>\n<tr>\n<td>Ka\u011f\u0131t Cinsi:<\/td>\n<td>Kitap Ka\u011f\u0131d\u0131<\/td>\n<\/tr>\n<tr>\n<td>Boyut:<\/td>\n<td>13.5 x 21 cm<\/td>\n<\/tr>\n<\/tbody>\n<\/table>\n<\/div>","protected":false},"excerpt":{"rendered":"<div class=\"top-block\">\n<div class=\"pr_description\">\n<div id=\"description_text\"><span class=\"info__text\">\u0130smet \u00d6zel\u2019in k\u0131rk ya\u015f\u0131na kadar yay\u0131nlad\u0131\u011f\u0131 d\u00f6rt \u015fiir kitab\u0131ndaki ve baz\u0131 dergilerde yer alan \u015fiirleri ERBA\u0130N kitab\u0131nda toplanm\u0131\u015ft\u0131r.<\/p>\n<p>Geceleyin Bir Ko\u015fu (1966)<br \/>\nEvet, \u0130syan (1969)<br \/>\nCinayetler Kitab\u0131 (1975)<br \/>\nCellad\u0131ma G\u00fcl\u00fcmserken (1984)<br \/>\n<\/span><\/div>\n<\/div>\n<\/div>\n<div class=\"bottom-block\">\n<div class=\"pr_alternates\"><\/div>\n<\/div>","protected":false},"featured_media":18342,"template":"","meta":{"spay_email":""},"product_cat":[168],"product_tag":[],"item":[718],"acf":[],"_links":{"self":[{"href":"https:\/\/mgvpublications.com\/de\/wp-json\/wp\/v2\/product\/18340"}],"collection":[{"href":"https:\/\/mgvpublications.com\/de\/wp-json\/wp\/v2\/product"}],"about":[{"href":"https:\/\/mgvpublications.com\/de\/wp-json\/wp\/v2\/types\/product"}],"wp:featuredmedia":[{"embeddable":true,"href":"https:\/\/mgvpublications.com\/de\/wp-json\/wp\/v2\/media\/18342"}],"wp:attachment":[{"href":"https:\/\/mgvpublications.com\/de\/wp-json\/wp\/v2\/media?parent=18340"}],"wp:term":[{"taxonomy":"product_cat","embeddable":true,"href":"https:\/\/mgvpublications.com\/de\/wp-json\/wp\/v2\/product_cat?post=18340"},{"taxonomy":"product_tag","embeddable":true,"href":"https:\/\/mgvpublications.com\/de\/wp-json\/wp\/v2\/product_tag?post=18340"},{"taxonomy":"item","embeddable":true,"href":"https:\/\/mgvpublications.com\/de\/wp-json\/wp\/v2\/item?post=18340"}],"curies":[{"name":"wp","href":"https:\/\/api.w.org\/{rel}","templated":true}]}}