{"id":18195,"date":"2021-03-09T21:55:38","date_gmt":"2021-03-09T20:55:38","guid":{"rendered":"https:\/\/mgvpublications.com\/?post_type=product&#038;p=18195"},"modified":"2022-03-08T22:51:39","modified_gmt":"2022-03-08T21:51:39","slug":"abidler-yolu","status":"publish","type":"product","link":"https:\/\/mgvpublications.com\/de\/abidler-yolu\/","title":{"rendered":"Abidler Yolu"},"content":{"rendered":"<p>\u00c7evirmen: Prof.Dr. M. Sadi \u00c7\u00f6genli<br \/>Yay\u0131n Tarihi: 06.04.2021<br \/>ISBN: 9786055457310<br \/>Dil: T\u00dcRK\u00c7E<br \/>Sayfa Say\u0131s\u0131: 344<br \/>Cilt Tipi: Karton Kapak<br \/>Ka\u011f\u0131t Cinsi: Kitap Ka\u011f\u0131d\u0131<br \/>Boyut: 13.5 x 21 cm<\/p>","protected":false},"excerpt":{"rendered":"<p>\u0130mam-\u0131 Gaz\u00e2li&#8217;nin &#8220;Minh\u00e2c\u00fc&#8217;l \u00c2bidin&#8221; orijinal isimli bu eserinde; kullar\u0131n, ibadetlerini hangi \u015fartlarda ve ne \u015fekilde yapacaklar\u0131, d\u00fcnya ve ahiret saadetine nas\u0131l eri\u015fecekleri a\u00e7\u0131klanmaktad\u0131r. \u0130lmin faziletinden, ihlas\u0131n \u00e7e\u015fitlerine; kalbi \u0131slah etmenin \u00e7arelerinden, \u015feytan\u0131 kahretmenin yollar\u0131na kadar bir\u00e7ok konuda a\u00e7\u0131klamalar yap\u0131lan bu kitap; &#8220;salih kullar\u0131n hayat ve ibadet \u00f6l\u00e7\u00fcleri&#8221; olarak da adland\u0131r\u0131labilir.<\/p>","protected":false},"featured_media":21458,"template":"","meta":{"spay_email":""},"product_cat":[174],"product_tag":[],"item":[404],"acf":[],"_links":{"self":[{"href":"https:\/\/mgvpublications.com\/de\/wp-json\/wp\/v2\/product\/18195"}],"collection":[{"href":"https:\/\/mgvpublications.com\/de\/wp-json\/wp\/v2\/product"}],"about":[{"href":"https:\/\/mgvpublications.com\/de\/wp-json\/wp\/v2\/types\/product"}],"wp:featuredmedia":[{"embeddable":true,"href":"https:\/\/mgvpublications.com\/de\/wp-json\/wp\/v2\/media\/21458"}],"wp:attachment":[{"href":"https:\/\/mgvpublications.com\/de\/wp-json\/wp\/v2\/media?parent=18195"}],"wp:term":[{"taxonomy":"product_cat","embeddable":true,"href":"https:\/\/mgvpublications.com\/de\/wp-json\/wp\/v2\/product_cat?post=18195"},{"taxonomy":"product_tag","embeddable":true,"href":"https:\/\/mgvpublications.com\/de\/wp-json\/wp\/v2\/product_tag?post=18195"},{"taxonomy":"item","embeddable":true,"href":"https:\/\/mgvpublications.com\/de\/wp-json\/wp\/v2\/item?post=18195"}],"curies":[{"name":"wp","href":"https:\/\/api.w.org\/{rel}","templated":true}]}}