{"id":18193,"date":"2021-03-09T21:36:42","date_gmt":"2021-03-09T20:36:42","guid":{"rendered":"https:\/\/mgvpublications.com\/?post_type=product&#038;p=18193"},"modified":"2022-03-08T22:51:37","modified_gmt":"2022-03-08T21:51:37","slug":"gunduzlerin-ve-gecelerin-ihyasinin-fazileti-virdler-kitabi","status":"publish","type":"product","link":"https:\/\/mgvpublications.com\/de\/gunduzlerin-ve-gecelerin-ihyasinin-fazileti-virdler-kitabi\/","title":{"rendered":"G\u00fcnd\u00fczlerin ve Gecelerin \u0130hyas\u0131n\u0131n Fazileti Virdler Kitab\u0131"},"content":{"rendered":"<div class=\"attributes\">\n<table>\n<tbody>\n<tr>\n<td>Yay\u0131n Tarihi:<\/td>\n<td>22.07.2015<\/td>\n<\/tr>\n<tr>\n<td>ISBN:<\/td>\n<td>9786055094959<\/td>\n<\/tr>\n<tr>\n<td>Dil:<\/td>\n<td>T\u00dcRK\u00c7E<\/td>\n<\/tr>\n<tr>\n<td>Sayfa Say\u0131s\u0131:<\/td>\n<td>168<\/td>\n<\/tr>\n<tr>\n<td>Cilt Tipi:<\/td>\n<td>Karton Kapak<\/td>\n<\/tr>\n<tr>\n<td>Ka\u011f\u0131t Cinsi:<\/td>\n<td>Kitap Ka\u011f\u0131d\u0131<\/td>\n<\/tr>\n<tr>\n<td>Boyut:<\/td>\n<td>13.5 x 21 cm<\/td>\n<\/tr>\n<\/tbody>\n<\/table>\n<\/div>","protected":false},"excerpt":{"rendered":"<p>\u0130mam-\u0131 Gazali\u2019 nin en b\u00fcy\u00fck eseri olan \u0130hya-u Ulum\u2019id-din, her d\u00f6nem M\u00fcsl\u00fcmanlar i\u00e7in ilk akla gelen ba\u015fvuru kayna\u011f\u0131 olmu\u015f ve bu esere b\u00fcy\u00fck g\u00fcven duyulmu\u015ftur.<br \/>\n\u0130hya-u Ulum\u2019id-din i\u00e7inde yer alan konular\u0131n her biri, eserin orjinal anlat\u0131m\u0131 asla bozulmadan, ak\u0131c\u0131 ve duru bir dil kullan\u0131larak \u00e7evirisi yap\u0131ld\u0131 ve ba\u015fl\u0131 ba\u015f\u0131na birer kitap haline getirildi.<br \/>\n\u0130hya-u Ulum\u2019id-din\u2019 in birinci cildinde yer alan son kitap Virdler Kitab\u0131\u2019d\u0131r.<br \/>\nBu kitapda; Virdlerin faziletleri, virdlerin say\u0131s\u0131 ve tertibi, gecenin virdleri, gece ibadeti, faziletli g\u00fcnler ve geceler gibi konular ayetler ve hadisler \u0131\u015f\u0131\u011f\u0131nda a\u00e7\u0131klanmaktad\u0131r.<br \/>\n* * *<br \/>\nY\u00fcce Rabbimiz \u015f\u00f6yle buyuruyor:<br \/>\n\u201cSabah ak\u015fam Rabbininin ad\u0131n\u0131 an (sabah, \u00f6\u011fle ve ikindi namazlar\u0131n\u0131 k\u0131l). Gecenin bir k\u0131sm\u0131nda da O\u2019na secde et (ak\u015famla yats\u0131 namazlar\u0131n\u0131 k\u0131l). Bir de O\u2019nu geceleyin uzun bir s\u00fcre tesbih et (tehecc\u00fcd namaz\u0131 k\u0131l). \u0130nsan, 76\/25-26.<\/p>","protected":false},"featured_media":18194,"template":"","meta":{"spay_email":""},"product_cat":[174],"product_tag":[],"item":[404],"acf":[],"_links":{"self":[{"href":"https:\/\/mgvpublications.com\/de\/wp-json\/wp\/v2\/product\/18193"}],"collection":[{"href":"https:\/\/mgvpublications.com\/de\/wp-json\/wp\/v2\/product"}],"about":[{"href":"https:\/\/mgvpublications.com\/de\/wp-json\/wp\/v2\/types\/product"}],"wp:featuredmedia":[{"embeddable":true,"href":"https:\/\/mgvpublications.com\/de\/wp-json\/wp\/v2\/media\/18194"}],"wp:attachment":[{"href":"https:\/\/mgvpublications.com\/de\/wp-json\/wp\/v2\/media?parent=18193"}],"wp:term":[{"taxonomy":"product_cat","embeddable":true,"href":"https:\/\/mgvpublications.com\/de\/wp-json\/wp\/v2\/product_cat?post=18193"},{"taxonomy":"product_tag","embeddable":true,"href":"https:\/\/mgvpublications.com\/de\/wp-json\/wp\/v2\/product_tag?post=18193"},{"taxonomy":"item","embeddable":true,"href":"https:\/\/mgvpublications.com\/de\/wp-json\/wp\/v2\/item?post=18193"}],"curies":[{"name":"wp","href":"https:\/\/api.w.org\/{rel}","templated":true}]}}