{"id":18191,"date":"2021-03-09T21:26:26","date_gmt":"2021-03-09T20:26:26","guid":{"rendered":"https:\/\/mgvpublications.com\/?post_type=product&#038;p=18191"},"modified":"2022-03-08T22:51:37","modified_gmt":"2022-03-08T21:51:37","slug":"sana-gul-bahcesi-vadetmedim","status":"publish","type":"product","link":"https:\/\/mgvpublications.com\/de\/sana-gul-bahcesi-vadetmedim\/","title":{"rendered":"Sana G\u00fcl Bah\u00e7esi Vadetmedim"},"content":{"rendered":"<table>\n<tbody>\n<tr>\n<td>\u00c7evirmen:<\/td>\n<td><a href=\"https:\/\/www.kitapyurdu.com\/yazar\/nesrin-kasap\/418.html\" target=\"_blank\" rel=\"noopener\">Nesrin Kasap<\/a><\/td>\n<\/tr>\n<tr>\n<td>Yay\u0131n Tarihi:<\/td>\n<td>24.12.2020<\/td>\n<\/tr>\n<tr>\n<td>Orijinal Ad\u0131:<\/td>\n<td>I Never Promised You a Rose Garden<\/td>\n<\/tr>\n<tr>\n<td>ISBN:<\/td>\n<td>9789753424080<\/td>\n<\/tr>\n<tr>\n<td>Dil:<\/td>\n<td>T\u00dcRK\u00c7E<\/td>\n<\/tr>\n<tr>\n<td>Sayfa Say\u0131s\u0131:<\/td>\n<td>296<\/td>\n<\/tr>\n<tr>\n<td>Cilt Tipi:<\/td>\n<td>Karton Kapak<\/td>\n<\/tr>\n<tr>\n<td>Ka\u011f\u0131t Cinsi:<\/td>\n<td>Kitap Ka\u011f\u0131d\u0131<\/td>\n<\/tr>\n<tr>\n<td>Boyut:<\/td>\n<td>13 x 19.5 cm<\/td>\n<\/tr>\n<\/tbody>\n<\/table>","protected":false},"excerpt":{"rendered":"<p>\u0130\u00e7ine do\u011fdu\u011fu d\u00fcnyan\u0131n kurumlar\u0131yla ba\u011fda\u015fmay\u0131 \u00f6\u011frenemeyen, ileti\u015fimsizli\u011fin karanl\u0131\u011f\u0131nda ya\u015fayan on alt\u0131 ya\u015f\u0131ndaki bir gen\u00e7 k\u0131z\u0131n \u00f6yk\u00fcs\u00fc&#8230;<br \/>\nSana G\u00fcl Bah\u00e7esi Vadetmedim, delili\u011fin, resmi tan\u0131m\u0131yla ak\u0131l hastal\u0131\u011f\u0131n\u0131n \u00f6yk\u00fcs\u00fc: Deborah kimlik kavram\u0131n\u0131 yitirip i\u00e7ine kapanm\u0131\u015f, zengin d\u00fc\u015flemi ve mizah duygusuyla yaratt\u0131\u011f\u0131 kendi d\u00fc\u015fsel d\u00fcnyas\u0131na s\u0131\u011f\u0131nm\u0131\u015ft\u0131r. \u0130ki d\u00fcnyan\u0131n \u00e7at\u0131\u015fmaya ba\u015flamas\u0131, Deborah&#8217;\u0131n ak\u0131l hastanesine &#8220;d\u00fc\u015fme&#8221;sine neden olur. Bundan sonra hastaneleri, doktorlar\u0131 vb. kurumlar\u0131yla toplumun &#8220;kurtarma operasyonu&#8221; ba\u015flar.<br \/>\nGreenberg&#8217;in kendi ya\u015fam\u0131ndan yola \u00e7\u0131karak yazd\u0131\u011f\u0131 bu kitap, &#8220;ak\u0131l hastalar\u0131n\u0131n gizleri&#8221; \u00fczerine pek \u00e7ok ipucu ta\u015f\u0131rken, toplumun yerle\u015fik de\u011fer yarg\u0131lar\u0131na \u00e7arp\u0131c\u0131 bir ele\u015ftiri de getiriyor, b\u00f6ylece normal kavram\u0131n\u0131 sorgulamaya g\u00f6t\u00fcr\u00fcyor bizi.<\/p>","protected":false},"featured_media":18192,"template":"","meta":{"spay_email":""},"product_cat":[168],"product_tag":[],"item":[505],"acf":[],"_links":{"self":[{"href":"https:\/\/mgvpublications.com\/de\/wp-json\/wp\/v2\/product\/18191"}],"collection":[{"href":"https:\/\/mgvpublications.com\/de\/wp-json\/wp\/v2\/product"}],"about":[{"href":"https:\/\/mgvpublications.com\/de\/wp-json\/wp\/v2\/types\/product"}],"wp:featuredmedia":[{"embeddable":true,"href":"https:\/\/mgvpublications.com\/de\/wp-json\/wp\/v2\/media\/18192"}],"wp:attachment":[{"href":"https:\/\/mgvpublications.com\/de\/wp-json\/wp\/v2\/media?parent=18191"}],"wp:term":[{"taxonomy":"product_cat","embeddable":true,"href":"https:\/\/mgvpublications.com\/de\/wp-json\/wp\/v2\/product_cat?post=18191"},{"taxonomy":"product_tag","embeddable":true,"href":"https:\/\/mgvpublications.com\/de\/wp-json\/wp\/v2\/product_tag?post=18191"},{"taxonomy":"item","embeddable":true,"href":"https:\/\/mgvpublications.com\/de\/wp-json\/wp\/v2\/item?post=18191"}],"curies":[{"name":"wp","href":"https:\/\/api.w.org\/{rel}","templated":true}]}}