{"id":18189,"date":"2021-03-09T21:19:23","date_gmt":"2021-03-09T20:19:23","guid":{"rendered":"https:\/\/mgvpublications.com\/?post_type=product&#038;p=18189"},"modified":"2026-02-09T23:00:13","modified_gmt":"2026-02-09T22:00:13","slug":"essiz-mucize-kuran","status":"publish","type":"product","link":"https:\/\/mgvpublications.com\/de\/essiz-mucize-kuran\/","title":{"rendered":"E\u015fsiz Mucize Kur&#8217;an"},"content":{"rendered":"<hr \/>\n<div class=\"attributes\">\n<table>\n<tbody>\n<tr>\n<td>\u00c7evirmen:<\/td>\n<td><a href=\"https:\/\/www.kitapyurdu.com\/yazar\/erdogan-bas\/24209.html\" target=\"_blank\" rel=\"noopener\">Erdo\u011fan Ba\u015f<\/a><\/td>\n<\/tr>\n<tr>\n<td>Yay\u0131n Tarihi:<\/td>\n<td>01.01.2007<\/td>\n<\/tr>\n<tr>\n<td>ISBN:<\/td>\n<td>9789944381932<\/td>\n<\/tr>\n<tr>\n<td>Dil:<\/td>\n<td>T\u00dcRK\u00c7E<\/td>\n<\/tr>\n<tr>\n<td>Sayfa Say\u0131s\u0131:<\/td>\n<td>80<\/td>\n<\/tr>\n<tr>\n<td>Cilt Tipi:<\/td>\n<td>Karton Kapak<\/td>\n<\/tr>\n<tr>\n<td>Ka\u011f\u0131t Cinsi:<\/td>\n<td>Kitap Ka\u011f\u0131d\u0131<\/td>\n<\/tr>\n<tr>\n<td>Boyut:<\/td>\n<td>11.5 x 19.5 cm<\/td>\n<\/tr>\n<\/tbody>\n<\/table>\n<\/div>","protected":false},"excerpt":{"rendered":"<div class=\"top-block\">\n<div class=\"pr_description\">\n<div id=\"description_text\"><span class=\"info__text\">&#8220;E\u015fsiz Mucize Kur\u2019an&#8221;, Kur\u2019an\u2019\u0131n ne bir \u015fair, ne bir mecnun ne de bir sihirbaz s\u00f6z\u00fc de\u011fil, aksine Y\u00fcce Kudret\u2019in, kulu ve resul\u00fc Muhammed (s.a.v.)\u2019a indirdi\u011fi ilahi bir vahiy oldu\u011funu anlat\u0131yor.<br \/>\n&#8220;E\u015fsiz Mucize Kur\u2019an&#8221; bir \u00e7eviri &#8230;. Yo\u011fun, yorucu, teori ve mant\u0131ksal anlat\u0131m\u0131n \u00f6tesinde, dikkatleri insan tav\u0131rlar\u0131na pratik hayatta \u00e7eken rahat bir uslup O y\u00fcce kelam\u0131, e\u015fsiz mucizeye, hayat\u0131n i\u00e7inden, tatl\u0131, ho\u015f ve saf, &#8220;su gibi&#8221; bir dokunu\u015f&#8230;<br \/>\nYorulmadan, zevkle okuyaca\u011f\u0131n\u0131z bir eser.<br \/>\n&#8220;Ara\u015ft\u0131r\u0131n! \u0130nan\u0131rs\u0131n\u0131z&#8230; Tabi kalbiniz hale oradaysa&#8230;&#8221; Grayy Miller<br \/>\n<\/span><\/div>\n<\/div>\n<\/div>\n<div class=\"bottom-block\">\n<div class=\"pr_attributes\"><\/div>\n<\/div>","protected":false},"featured_media":18190,"template":"","meta":{"spay_email":""},"product_cat":[174],"product_tag":[],"item":[818],"acf":[],"_links":{"self":[{"href":"https:\/\/mgvpublications.com\/de\/wp-json\/wp\/v2\/product\/18189"}],"collection":[{"href":"https:\/\/mgvpublications.com\/de\/wp-json\/wp\/v2\/product"}],"about":[{"href":"https:\/\/mgvpublications.com\/de\/wp-json\/wp\/v2\/types\/product"}],"wp:featuredmedia":[{"embeddable":true,"href":"https:\/\/mgvpublications.com\/de\/wp-json\/wp\/v2\/media\/18190"}],"wp:attachment":[{"href":"https:\/\/mgvpublications.com\/de\/wp-json\/wp\/v2\/media?parent=18189"}],"wp:term":[{"taxonomy":"product_cat","embeddable":true,"href":"https:\/\/mgvpublications.com\/de\/wp-json\/wp\/v2\/product_cat?post=18189"},{"taxonomy":"product_tag","embeddable":true,"href":"https:\/\/mgvpublications.com\/de\/wp-json\/wp\/v2\/product_tag?post=18189"},{"taxonomy":"item","embeddable":true,"href":"https:\/\/mgvpublications.com\/de\/wp-json\/wp\/v2\/item?post=18189"}],"curies":[{"name":"wp","href":"https:\/\/api.w.org\/{rel}","templated":true}]}}