{"id":18178,"date":"2021-03-09T01:13:20","date_gmt":"2021-03-09T00:13:20","guid":{"rendered":"https:\/\/mgvpublications.com\/?post_type=product&#038;p=18178"},"modified":"2022-03-08T22:51:37","modified_gmt":"2022-03-08T21:51:37","slug":"yaramaz-penguenin-maceralari-2","status":"publish","type":"product","link":"https:\/\/mgvpublications.com\/de\/yaramaz-penguenin-maceralari-2\/","title":{"rendered":"Yaramaz Penguenin Maceralar\u0131"},"content":{"rendered":"<div>\u00c7evirmen: Sevgi Atl\u0131han<\/div>\n<div>Yay\u0131n Tarihi: 14.03.2019<\/div>\n<div>ISBN: 9786053604679<\/div>\n<div>Dil: T\u00dcRK\u00c7E<\/div>\n<div>Sayfa Say\u0131s\u0131: 29<\/div>\n<div>Cilt Tipi: Karton Kapak<\/div>\n<div>Ka\u011f\u0131t Cinsi: Kitap Ka\u011f\u0131d\u0131<\/div>\n<div>Boyut: 21 x 30 cm<\/div>","protected":false},"excerpt":{"rendered":"<p>Yaramaz Penguen Badem oyun oynayabilece\u011fi bir karde\u015fi oldu\u011funu \u00f6\u011frendi\u011finde sevin\u00e7ten havalara u\u00e7tu. Art\u0131k birlikte kardan adam yapabilece\u011fi biri vard\u0131. Ancak karde\u015fi oynamak istemiyor gibiydi. Ne yaparsa yaps\u0131n onu bir t\u00fcrl\u00fc ne\u015felendiremedi. Acaba minik penguen karde\u015fini ne\u015felendirebilecek mi?<\/p>","protected":false},"featured_media":18179,"template":"","meta":{"spay_email":""},"product_cat":[172],"product_tag":[],"item":[336],"acf":[],"_links":{"self":[{"href":"https:\/\/mgvpublications.com\/de\/wp-json\/wp\/v2\/product\/18178"}],"collection":[{"href":"https:\/\/mgvpublications.com\/de\/wp-json\/wp\/v2\/product"}],"about":[{"href":"https:\/\/mgvpublications.com\/de\/wp-json\/wp\/v2\/types\/product"}],"wp:featuredmedia":[{"embeddable":true,"href":"https:\/\/mgvpublications.com\/de\/wp-json\/wp\/v2\/media\/18179"}],"wp:attachment":[{"href":"https:\/\/mgvpublications.com\/de\/wp-json\/wp\/v2\/media?parent=18178"}],"wp:term":[{"taxonomy":"product_cat","embeddable":true,"href":"https:\/\/mgvpublications.com\/de\/wp-json\/wp\/v2\/product_cat?post=18178"},{"taxonomy":"product_tag","embeddable":true,"href":"https:\/\/mgvpublications.com\/de\/wp-json\/wp\/v2\/product_tag?post=18178"},{"taxonomy":"item","embeddable":true,"href":"https:\/\/mgvpublications.com\/de\/wp-json\/wp\/v2\/item?post=18178"}],"curies":[{"name":"wp","href":"https:\/\/api.w.org\/{rel}","templated":true}]}}