{"id":18172,"date":"2021-03-09T01:07:51","date_gmt":"2021-03-09T00:07:51","guid":{"rendered":"https:\/\/mgvpublications.com\/?post_type=product&#038;p=18172"},"modified":"2022-03-08T22:51:36","modified_gmt":"2022-03-08T21:51:36","slug":"arme-leute","status":"publish","type":"product","link":"https:\/\/mgvpublications.com\/de\/arme-leute\/","title":{"rendered":"Arme Leute"},"content":{"rendered":"<div>Yay\u0131n Tarihi: 13.10.2017<\/div>\n<div>ISBN: 9786052073148<\/div>\n<div>Dil: ALMANCA<\/div>\n<div>Sayfa Say\u0131s\u0131: 195<\/div>\n<div>Cilt Tipi: Karton Kapak<\/div>\n<div>Ka\u011f\u0131t Cinsi: Kitap Ka\u011f\u0131d\u0131<\/div>\n<div>Boyut: 13.5 x 19.5 cm<\/div>","protected":false},"excerpt":{"rendered":"<p>\u00bbNein, ich danke f\u00fcr diese M\u00e4rchendichter! Anstatt etwas N\u00fctzliches, Angenehmes, Erquickendes zu schreiben, kratzen sie da die kleinsten Kleinigkeiten aus der Erde hervor und schn\u00fcffeln \u00fcberall herum!&#8230; Ich w\u00fcrde Ihnen einfach verbieten, zu schreiben! Zum Beispiel, was soll das: man liest &#8230; unwillk\u00fcrlich denkt man doch nach, \u2013 aber &#8230; aber &#8230; es kommen einem nur alle m\u00f6glichen Ungereimtheiten in den Kopf. Nein, wirklich, ich w\u00fcrde ihnen verbieten, zu schreiben, ganz einfach und unter allen Umst\u00e4nden: schlankweg verbieten!\u00ab<\/p>","protected":false},"featured_media":18173,"template":"","meta":{"spay_email":""},"product_cat":[231],"product_tag":[],"item":[822],"acf":[],"_links":{"self":[{"href":"https:\/\/mgvpublications.com\/de\/wp-json\/wp\/v2\/product\/18172"}],"collection":[{"href":"https:\/\/mgvpublications.com\/de\/wp-json\/wp\/v2\/product"}],"about":[{"href":"https:\/\/mgvpublications.com\/de\/wp-json\/wp\/v2\/types\/product"}],"wp:featuredmedia":[{"embeddable":true,"href":"https:\/\/mgvpublications.com\/de\/wp-json\/wp\/v2\/media\/18173"}],"wp:attachment":[{"href":"https:\/\/mgvpublications.com\/de\/wp-json\/wp\/v2\/media?parent=18172"}],"wp:term":[{"taxonomy":"product_cat","embeddable":true,"href":"https:\/\/mgvpublications.com\/de\/wp-json\/wp\/v2\/product_cat?post=18172"},{"taxonomy":"product_tag","embeddable":true,"href":"https:\/\/mgvpublications.com\/de\/wp-json\/wp\/v2\/product_tag?post=18172"},{"taxonomy":"item","embeddable":true,"href":"https:\/\/mgvpublications.com\/de\/wp-json\/wp\/v2\/item?post=18172"}],"curies":[{"name":"wp","href":"https:\/\/api.w.org\/{rel}","templated":true}]}}